{"id":16964,"date":"2026-01-21T10:53:34","date_gmt":"2026-01-21T09:53:34","guid":{"rendered":"https:\/\/explorethenorth.nl\/?page_id=16964"},"modified":"2026-01-28T12:27:11","modified_gmt":"2026-01-28T11:27:11","slug":"oproer","status":"publish","type":"page","link":"https:\/\/explorethenorth.nl\/fy\/2026-2\/oproer\/","title":{"rendered":"Oproer"},"content":{"rendered":"<div class=\"block__introduction \">\n\t\n\n<p>Binnen Oproer meitsje jo kennis mei nij wurk fan opst\u00e2nde te\u0101ters talinten.<\/p>\n\n\n<\/div>\n\n\n<p><a href=\"https:\/\/oproer.theater\/over-oproer\">Oproer<\/a> stribbet nei mear k\u00e2nsen foar opkommende makkers, op syk nei spulplakken en publyk. It is in lanlik inisjatyf dat dizze opkommende te\u0101termakkers stiet by mei produksje, marketing en publyksbenadering, w\u00earby\u2019t de fokus leit op it opbouwen fan in duorsume karri\u00eare.<\/p>\n\n\n\n<p>Explore the North is tegearre mei Grand Theatre \u00fat Noard-Nederl\u00e2n oansletten by it netwurk Oproer. Fan\u00fat Explore the North en Grand Theatre is it kollektiv\u00a0Drie Dagen Fris, besteande \u00fat Marieke Ornelis, Mees van Rijswijk en Johannes Lievens, oansletten by dit netwurk.<\/p>\n\n\n\n<p><strong>Mear ynformaasje<\/strong><br>Oproer is in gearwurking fan acht produksjehuzen yn Nederl\u00e2n: Likeminds, Podium Bloos, Werkplaats Walhalla, Karavaan, VIA ZUID, Theater de Generator, De Nieuwe Oost en Station Noord. Tegearre biede dizze organisaasjes in platfoarm foar it \u00fbntwikkeljen fan nije produksjes en meitsje se de \u00fatwikseling fan dizze produksjes troch hiel Nederl\u00e2n mooglik. Troch gear te wurkjen, kre\u00ebarje wy k\u00e2nsen foar nij talint om te groeien en harren sichtberens te fergrutsjen.<\/p>\n\n\n\n<div class=\"wp-block-buttons is-layout-flex wp-block-buttons-is-layout-flex\">\n<div class=\"wp-block-button\"><a class=\"wp-block-button__link wp-element-button\" href=\"https:\/\/oproer.theater\/\">Website OPROER<\/a><\/div>\n<\/div>\n\n\n\n<p><em>Oproer wurdt mooglik makke troch it VriendenLoterij Fonds, tank oan in ekstra skinkking fan de VriendenLoterij.<\/em><\/p>\n\n\n<div class=\"block-bgcolor-fullwidth orange\">\n\t<div class=\"block-bgcolor-fullwidth__content\">\n\t\t\n<div class=\"block-agenda block-agenda__page\">\n  <h2 class=\"block-agenda__title\" \">Agenda<\/h2>\n  <\/div>\n\n\t<\/div>\n<\/div>\n\n","protected":false},"excerpt":{"rendered":"<p>Oproer stribbet nei mear k\u00e2nsen foar opkommende makkers, op syk nei spulplakken en publyk. It is in lanlik inisjatyf dat&#8230;<\/p>\n","protected":false},"author":4,"featured_media":16841,"parent":16396,"menu_order":46,"comment_status":"closed","ping_status":"closed","template":"template-event-group.php","meta":{"_acf_changed":false,"inline_featured_image":false,"footnotes":""},"year":[46],"class_list":["post-16964","page","type-page","status-publish","has-post-thumbnail","hentry"],"acf":[],"yoast_head":"<!-- This site is optimized with the Yoast SEO plugin v27.4 - https:\/\/yoast.com\/product\/yoast-seo-wordpress\/ -->\n<title>Oproer - Explore the North<\/title>\n<meta name=\"robots\" content=\"index, follow, max-snippet:-1, max-image-preview:large, max-video-preview:-1\" \/>\n<link rel=\"canonical\" href=\"https:\/\/explorethenorth.nl\/fy\/2026-2\/oproer\/\" \/>\n<meta property=\"og:locale\" content=\"fy_NL\" \/>\n<meta property=\"og:type\" content=\"article\" \/>\n<meta property=\"og:title\" content=\"Oproer - Explore the North\" \/>\n<meta property=\"og:description\" content=\"Oproer stribbet nei mear k\u00e2nsen foar opkommende makkers, op syk nei spulplakken en publyk. It is in lanlik inisjatyf dat...\" \/>\n<meta property=\"og:url\" content=\"https:\/\/explorethenorth.nl\/fy\/2026-2\/oproer\/\" \/>\n<meta property=\"og:site_name\" content=\"Explore the North\" \/>\n<meta property=\"article:modified_time\" content=\"2026-01-28T11:27:11+00:00\" \/>\n<meta property=\"og:image\" content=\"https:\/\/explorethenorth.nl\/wp-content\/uploads\/2026\/01\/driedagenfris-1920x764.png\" \/>\n\t<meta property=\"og:image:width\" content=\"1920\" \/>\n\t<meta property=\"og:image:height\" content=\"764\" \/>\n\t<meta property=\"og:image:type\" content=\"image\/png\" \/>\n<meta name=\"twitter:card\" content=\"summary_large_image\" \/>\n<meta name=\"twitter:label1\" content=\"Est. reading time\" \/>\n\t<meta name=\"twitter:data1\" content=\"1 minute\" \/>\n<script type=\"application\/ld+json\" class=\"yoast-schema-graph\">{\"@context\":\"https:\\\/\\\/schema.org\",\"@graph\":[{\"@type\":\"WebPage\",\"@id\":\"https:\\\/\\\/explorethenorth.nl\\\/fy\\\/2026-2\\\/oproer\\\/\",\"url\":\"https:\\\/\\\/explorethenorth.nl\\\/fy\\\/2026-2\\\/oproer\\\/\",\"name\":\"Oproer - Explore the North\",\"isPartOf\":{\"@id\":\"https:\\\/\\\/explorethenorth.nl\\\/fy\\\/#website\"},\"primaryImageOfPage\":{\"@id\":\"https:\\\/\\\/explorethenorth.nl\\\/fy\\\/2026-2\\\/oproer\\\/#primaryimage\"},\"image\":{\"@id\":\"https:\\\/\\\/explorethenorth.nl\\\/fy\\\/2026-2\\\/oproer\\\/#primaryimage\"},\"thumbnailUrl\":\"https:\\\/\\\/explorethenorth.nl\\\/wp-content\\\/uploads\\\/2026\\\/01\\\/driedagenfris-scaled.png\",\"datePublished\":\"2026-01-21T09:53:34+00:00\",\"dateModified\":\"2026-01-28T11:27:11+00:00\",\"breadcrumb\":{\"@id\":\"https:\\\/\\\/explorethenorth.nl\\\/fy\\\/2026-2\\\/oproer\\\/#breadcrumb\"},\"inLanguage\":\"fy-NL\",\"potentialAction\":[{\"@type\":\"ReadAction\",\"target\":[\"https:\\\/\\\/explorethenorth.nl\\\/fy\\\/2026-2\\\/oproer\\\/\"]}]},{\"@type\":\"ImageObject\",\"inLanguage\":\"fy-NL\",\"@id\":\"https:\\\/\\\/explorethenorth.nl\\\/fy\\\/2026-2\\\/oproer\\\/#primaryimage\",\"url\":\"https:\\\/\\\/explorethenorth.nl\\\/wp-content\\\/uploads\\\/2026\\\/01\\\/driedagenfris-scaled.png\",\"contentUrl\":\"https:\\\/\\\/explorethenorth.nl\\\/wp-content\\\/uploads\\\/2026\\\/01\\\/driedagenfris-scaled.png\",\"width\":2560,\"height\":1018},{\"@type\":\"BreadcrumbList\",\"@id\":\"https:\\\/\\\/explorethenorth.nl\\\/fy\\\/2026-2\\\/oproer\\\/#breadcrumb\",\"itemListElement\":[{\"@type\":\"ListItem\",\"position\":1,\"name\":\"Home\",\"item\":\"https:\\\/\\\/explorethenorth.nl\\\/fy\\\/\"},{\"@type\":\"ListItem\",\"position\":2,\"name\":\"2026\",\"item\":\"https:\\\/\\\/explorethenorth.nl\\\/fy\\\/2026-2\\\/\"},{\"@type\":\"ListItem\",\"position\":3,\"name\":\"Oproer\"}]},{\"@type\":\"WebSite\",\"@id\":\"https:\\\/\\\/explorethenorth.nl\\\/fy\\\/#website\",\"url\":\"https:\\\/\\\/explorethenorth.nl\\\/fy\\\/\",\"name\":\"Explore the North\",\"description\":\"\",\"publisher\":{\"@id\":\"https:\\\/\\\/explorethenorth.nl\\\/fy\\\/#organization\"},\"potentialAction\":[{\"@type\":\"SearchAction\",\"target\":{\"@type\":\"EntryPoint\",\"urlTemplate\":\"https:\\\/\\\/explorethenorth.nl\\\/fy\\\/?s={search_term_string}\"},\"query-input\":{\"@type\":\"PropertyValueSpecification\",\"valueRequired\":true,\"valueName\":\"search_term_string\"}}],\"inLanguage\":\"fy-NL\"},{\"@type\":\"Organization\",\"@id\":\"https:\\\/\\\/explorethenorth.nl\\\/fy\\\/#organization\",\"name\":\"Explore the North\",\"url\":\"https:\\\/\\\/explorethenorth.nl\\\/fy\\\/\",\"logo\":{\"@type\":\"ImageObject\",\"inLanguage\":\"fy-NL\",\"@id\":\"https:\\\/\\\/explorethenorth.nl\\\/fy\\\/#\\\/schema\\\/logo\\\/image\\\/\",\"url\":\"https:\\\/\\\/explorethenorth.nl\\\/wp-content\\\/uploads\\\/2024\\\/06\\\/explore_the-north.jpg\",\"contentUrl\":\"https:\\\/\\\/explorethenorth.nl\\\/wp-content\\\/uploads\\\/2024\\\/06\\\/explore_the-north.jpg\",\"width\":1200,\"height\":675,\"caption\":\"Explore the North\"},\"image\":{\"@id\":\"https:\\\/\\\/explorethenorth.nl\\\/fy\\\/#\\\/schema\\\/logo\\\/image\\\/\"}}]}<\/script>\n<!-- \/ Yoast SEO plugin. -->","yoast_head_json":{"title":"Oproer - Explore the North","robots":{"index":"index","follow":"follow","max-snippet":"max-snippet:-1","max-image-preview":"max-image-preview:large","max-video-preview":"max-video-preview:-1"},"canonical":"https:\/\/explorethenorth.nl\/fy\/2026-2\/oproer\/","og_locale":"fy_NL","og_type":"article","og_title":"Oproer - Explore the North","og_description":"Oproer stribbet nei mear k\u00e2nsen foar opkommende makkers, op syk nei spulplakken en publyk. It is in lanlik inisjatyf dat...","og_url":"https:\/\/explorethenorth.nl\/fy\/2026-2\/oproer\/","og_site_name":"Explore the North","article_modified_time":"2026-01-28T11:27:11+00:00","og_image":[{"width":1920,"height":764,"url":"https:\/\/explorethenorth.nl\/wp-content\/uploads\/2026\/01\/driedagenfris-1920x764.png","type":"image\/png"}],"twitter_card":"summary_large_image","twitter_misc":{"Est. reading time":"1 minute"},"schema":{"@context":"https:\/\/schema.org","@graph":[{"@type":"WebPage","@id":"https:\/\/explorethenorth.nl\/fy\/2026-2\/oproer\/","url":"https:\/\/explorethenorth.nl\/fy\/2026-2\/oproer\/","name":"Oproer - Explore the North","isPartOf":{"@id":"https:\/\/explorethenorth.nl\/fy\/#website"},"primaryImageOfPage":{"@id":"https:\/\/explorethenorth.nl\/fy\/2026-2\/oproer\/#primaryimage"},"image":{"@id":"https:\/\/explorethenorth.nl\/fy\/2026-2\/oproer\/#primaryimage"},"thumbnailUrl":"https:\/\/explorethenorth.nl\/wp-content\/uploads\/2026\/01\/driedagenfris-scaled.png","datePublished":"2026-01-21T09:53:34+00:00","dateModified":"2026-01-28T11:27:11+00:00","breadcrumb":{"@id":"https:\/\/explorethenorth.nl\/fy\/2026-2\/oproer\/#breadcrumb"},"inLanguage":"fy-NL","potentialAction":[{"@type":"ReadAction","target":["https:\/\/explorethenorth.nl\/fy\/2026-2\/oproer\/"]}]},{"@type":"ImageObject","inLanguage":"fy-NL","@id":"https:\/\/explorethenorth.nl\/fy\/2026-2\/oproer\/#primaryimage","url":"https:\/\/explorethenorth.nl\/wp-content\/uploads\/2026\/01\/driedagenfris-scaled.png","contentUrl":"https:\/\/explorethenorth.nl\/wp-content\/uploads\/2026\/01\/driedagenfris-scaled.png","width":2560,"height":1018},{"@type":"BreadcrumbList","@id":"https:\/\/explorethenorth.nl\/fy\/2026-2\/oproer\/#breadcrumb","itemListElement":[{"@type":"ListItem","position":1,"name":"Home","item":"https:\/\/explorethenorth.nl\/fy\/"},{"@type":"ListItem","position":2,"name":"2026","item":"https:\/\/explorethenorth.nl\/fy\/2026-2\/"},{"@type":"ListItem","position":3,"name":"Oproer"}]},{"@type":"WebSite","@id":"https:\/\/explorethenorth.nl\/fy\/#website","url":"https:\/\/explorethenorth.nl\/fy\/","name":"Explore the North","description":"","publisher":{"@id":"https:\/\/explorethenorth.nl\/fy\/#organization"},"potentialAction":[{"@type":"SearchAction","target":{"@type":"EntryPoint","urlTemplate":"https:\/\/explorethenorth.nl\/fy\/?s={search_term_string}"},"query-input":{"@type":"PropertyValueSpecification","valueRequired":true,"valueName":"search_term_string"}}],"inLanguage":"fy-NL"},{"@type":"Organization","@id":"https:\/\/explorethenorth.nl\/fy\/#organization","name":"Explore the North","url":"https:\/\/explorethenorth.nl\/fy\/","logo":{"@type":"ImageObject","inLanguage":"fy-NL","@id":"https:\/\/explorethenorth.nl\/fy\/#\/schema\/logo\/image\/","url":"https:\/\/explorethenorth.nl\/wp-content\/uploads\/2024\/06\/explore_the-north.jpg","contentUrl":"https:\/\/explorethenorth.nl\/wp-content\/uploads\/2024\/06\/explore_the-north.jpg","width":1200,"height":675,"caption":"Explore the North"},"image":{"@id":"https:\/\/explorethenorth.nl\/fy\/#\/schema\/logo\/image\/"}}]}},"_links":{"self":[{"href":"https:\/\/explorethenorth.nl\/fy\/wp-json\/wp\/v2\/pages\/16964","targetHints":{"allow":["GET"]}}],"collection":[{"href":"https:\/\/explorethenorth.nl\/fy\/wp-json\/wp\/v2\/pages"}],"about":[{"href":"https:\/\/explorethenorth.nl\/fy\/wp-json\/wp\/v2\/types\/page"}],"author":[{"embeddable":true,"href":"https:\/\/explorethenorth.nl\/fy\/wp-json\/wp\/v2\/users\/4"}],"replies":[{"embeddable":true,"href":"https:\/\/explorethenorth.nl\/fy\/wp-json\/wp\/v2\/comments?post=16964"}],"version-history":[{"count":1,"href":"https:\/\/explorethenorth.nl\/fy\/wp-json\/wp\/v2\/pages\/16964\/revisions"}],"predecessor-version":[{"id":16965,"href":"https:\/\/explorethenorth.nl\/fy\/wp-json\/wp\/v2\/pages\/16964\/revisions\/16965"}],"up":[{"embeddable":true,"href":"https:\/\/explorethenorth.nl\/fy\/wp-json\/wp\/v2\/pages\/16396"}],"wp:featuredmedia":[{"embeddable":true,"href":"https:\/\/explorethenorth.nl\/fy\/wp-json\/wp\/v2\/media\/16841"}],"wp:attachment":[{"href":"https:\/\/explorethenorth.nl\/fy\/wp-json\/wp\/v2\/media?parent=16964"}],"wp:term":[{"taxonomy":"year","embeddable":true,"href":"https:\/\/explorethenorth.nl\/fy\/wp-json\/wp\/v2\/year?post=16964"}],"curies":[{"name":"wp","href":"https:\/\/api.w.org\/{rel}","templated":true}]}}