{"id":16398,"date":"2025-12-08T15:07:37","date_gmt":"2025-12-08T14:07:37","guid":{"rendered":"https:\/\/explorethenorth.nl\/festivalweekend\/"},"modified":"2026-01-05T15:04:44","modified_gmt":"2026-01-05T14:04:44","slug":"festivalweekend","status":"publish","type":"page","link":"https:\/\/explorethenorth.nl\/fy\/festivalmoanne\/festivalweekend\/","title":{"rendered":"Festivalwykein"},"content":{"rendered":"<div class=\"block__introduction \">\n\t\n\n<p>It festivalwykein fan Explore the North is in trijedeiske \u00fbntdekkingsreis fol ferhalen yn allerhanne foarmen. Op prachtige lokaasjes yn de histoaryske binnenst\u00ead fan Ljouwert nimme muzikanten, teatermakkers en dichters dy mei yn eigen(sinnige) ferhalen, foarstellingen, konserten en mear.<\/p>\n\n\n<\/div>\n\n<div class=\"wp-block-whitespace small\" aria-hidden=\"true\"><\/div>\n\n\n<div class=\"block-imagecarousel \">\n  <div class=\"swiper-container\">\n\t\t<div class=\"swiper-wrapper\"> <div class=\"swiper-slide image-item\">\n  <img decoding=\"async\" src=\"https:\/\/explorethenorth.nl\/wp-content\/uploads\/2025\/12\/54939031893_ce5a5bbb81_k1-1200x900.jpg\" title=\"54939031893_ce5a5bbb81_k(1)\" \/>\n<\/div><div class=\"swiper-slide image-item\">\n  <img decoding=\"async\" src=\"https:\/\/explorethenorth.nl\/wp-content\/uploads\/2025\/12\/54939618669_cf5f0e797d_o-900x1200.jpg\" title=\"54939618669_cf5f0e797d_o\" \/>\n<\/div><div class=\"swiper-slide image-item\">\n  <img decoding=\"async\" src=\"https:\/\/explorethenorth.nl\/wp-content\/uploads\/2025\/12\/Vieze-Meisje-Roan-de-Vries-1200x800.jpg\" title=\"Vieze Meisje - Roan de Vries\" \/>\n<\/div><div class=\"swiper-slide image-item\">\n  <img decoding=\"async\" src=\"https:\/\/explorethenorth.nl\/wp-content\/uploads\/2025\/11\/54940636162_ca00b1b12d_k-795x1200.jpg\" title=\"54940636162_ca00b1b12d_k\" \/>\n<\/div><div class=\"swiper-slide image-item\">\n  <img decoding=\"async\" src=\"https:\/\/explorethenorth.nl\/wp-content\/uploads\/2025\/11\/Alleen-een-wonder-van-Johannes-Lievens-Dieuwke-de-Jong-1200x900.jpg\" title=\"Alleen een wonder van Johannes Lievens - Dieuwke de Jong\" \/>\n<\/div><div class=\"swiper-slide image-item\">\n  <img decoding=\"async\" src=\"https:\/\/explorethenorth.nl\/wp-content\/uploads\/2025\/12\/54939636429_621a6159f2_o-900x1200.jpg\" title=\"54939636429_621a6159f2_o\" \/>\n<\/div><div class=\"swiper-slide image-item\">\n  <img decoding=\"async\" src=\"https:\/\/explorethenorth.nl\/wp-content\/uploads\/2025\/12\/54939694660_ca49589361_o-1200x900.jpg\" title=\"54939694660_ca49589361_o\" \/>\n<\/div><div class=\"swiper-slide image-item\">\n  <img decoding=\"async\" src=\"https:\/\/explorethenorth.nl\/wp-content\/uploads\/2025\/12\/54941604503_841bd20001_o-900x1200.jpg\" title=\"54941604503_841bd20001_o\" \/>\n<\/div><div class=\"swiper-slide image-item\">\n  <img decoding=\"async\" src=\"https:\/\/explorethenorth.nl\/wp-content\/uploads\/2025\/11\/Poezienight-Dieuwke-de-Jong-1200x900.jpg\" title=\"Poezienight - Dieuwke de Jong\" \/>\n<\/div><div class=\"swiper-slide image-item\">\n  <img decoding=\"async\" src=\"https:\/\/explorethenorth.nl\/wp-content\/uploads\/2025\/12\/54938493277_f6ae358b80_o-900x1200.jpg\" title=\"54938493277_f6ae358b80_o\" \/>\n<\/div>    <\/div>\n    <div class=\"swiper-navs\">\n      <div class=\"swiper-button-prev\"><\/div>\n      <div class=\"swiper-button-next\"><\/div>\n    <\/div>\n  <\/div>\n<\/div>\n\n<div class=\"wp-block-whitespace medium\" aria-hidden=\"true\"><\/div>\n\n\n<p>Helje <strong><a href=\"https:\/\/explorethenorth.stager.co\/shop\/festival\">hjir<\/a><\/strong> dyn alderearste wykeinkaartsjes foar Explore the North 2026 foar mar \u20ac 45,50. <\/p>\n\n\n\n<p>Deikaarten foar Explore the North 2026 geane yn septimber yn de ferkeap. Explore the North ferkeapet gjin kaartsjes foar losse programma\u2019s.<\/p>\n\n\n<div class=\"wp-block-whitespace medium\" aria-hidden=\"true\"><\/div>\n\n<div class=\"wp-block-whitespace medium\" aria-hidden=\"true\"><\/div>\n\n\n<div class=\"wp-block-media-text is-stacked-on-mobile is-image-fill-element\"><figure class=\"wp-block-media-text__media\"><a href=\"https:\/\/explorethenorth.nl\/festivalarchief\/\"><img loading=\"lazy\" decoding=\"async\" width=\"1920\" height=\"1440\" src=\"https:\/\/explorethenorth.nl\/wp-content\/uploads\/2025\/12\/54939031893_ce5a5bbb81_k1-1920x1440.jpg\" alt=\"\" class=\"wp-image-16120 size-full\" style=\"object-position:50% 50%\" srcset=\"https:\/\/explorethenorth.nl\/wp-content\/uploads\/2025\/12\/54939031893_ce5a5bbb81_k1-1920x1440.jpg 1920w, https:\/\/explorethenorth.nl\/wp-content\/uploads\/2025\/12\/54939031893_ce5a5bbb81_k1-1200x900.jpg 1200w, https:\/\/explorethenorth.nl\/wp-content\/uploads\/2025\/12\/54939031893_ce5a5bbb81_k1-768x576.jpg 768w, https:\/\/explorethenorth.nl\/wp-content\/uploads\/2025\/12\/54939031893_ce5a5bbb81_k1-1536x1152.jpg 1536w, https:\/\/explorethenorth.nl\/wp-content\/uploads\/2025\/12\/54939031893_ce5a5bbb81_k1.jpg 2048w\" sizes=\"auto, (max-width: 1920px) 100vw, 1920px\" \/><\/a><\/figure><div class=\"wp-block-media-text__content\">\n<h2 class=\"wp-block-heading\">Foargeande edysjes<\/h2>\n\n\n\n<p>Benijd nei wat der de \u00f4fr\u00fbne jierren op it programma stie? Sjoch werom op alle festivale-edysjes yn \u00fas argyf..<\/p>\n\n\n\n<div class=\"wp-block-buttons is-layout-flex wp-block-buttons-is-layout-flex\">\n<div class=\"wp-block-button\"><a class=\"wp-block-button__link wp-element-button\" href=\"https:\/\/explorethenorth.nl\/festivalarchief\/\">Festivalargyf<\/a><\/div>\n<\/div>\n<\/div><\/div>\n\n\n<div class=\"wp-block-whitespace medium\" aria-hidden=\"true\"><\/div>\n\n\n<div class=\"block-imagecarousel \">\n  <div class=\"swiper-container\">\n\t\t<div class=\"swiper-wrapper\"> <div class=\"swiper-slide image-item\">\n  <img decoding=\"async\" src=\"https:\/\/explorethenorth.nl\/wp-content\/uploads\/2025\/03\/54160189117_809902d0a7_k-1200x900.jpg\" title=\"54160189117_809902d0a7_k\" \/>\n<\/div><div class=\"swiper-slide image-item\">\n  <img decoding=\"async\" src=\"https:\/\/explorethenorth.nl\/wp-content\/uploads\/2025\/03\/54160179257_83bdf5aae7_k1-1200x900.jpg\" title=\"54160179257_83bdf5aae7_k(1)\" \/>\n<\/div><div class=\"swiper-slide image-item\">\n  <img decoding=\"async\" src=\"https:\/\/explorethenorth.nl\/wp-content\/uploads\/2025\/03\/54161045551_22223e10d2_k-900x1200.jpg\" title=\"54161045551_22223e10d2_k\" \/>\n<\/div><div class=\"swiper-slide image-item\">\n  <img decoding=\"async\" src=\"https:\/\/explorethenorth.nl\/wp-content\/uploads\/2025\/03\/54162568100_4b1c197653_k-1200x800.jpg\" title=\"54162568100_4b1c197653_k\" \/>\n<\/div><div class=\"swiper-slide image-item\">\n  <img decoding=\"async\" src=\"https:\/\/explorethenorth.nl\/wp-content\/uploads\/2025\/03\/54162120063_1a6b907393_k-1200x800.jpg\" title=\"54162120063_1a6b907393_k\" \/>\n<\/div><div class=\"swiper-slide image-item\">\n  <img decoding=\"async\" src=\"https:\/\/explorethenorth.nl\/wp-content\/uploads\/2025\/03\/54161597146_dc2a87fe2d_k-800x1200.jpg\" title=\"54161597146_dc2a87fe2d_k\" \/>\n<\/div>    <\/div>\n    <div class=\"swiper-navs\">\n      <div class=\"swiper-button-prev\"><\/div>\n      <div class=\"swiper-button-next\"><\/div>\n    <\/div>\n  <\/div>\n<\/div>\n\n<div class=\"wp-block-whitespace medium\" aria-hidden=\"true\"><\/div>\n\n<div class=\"block-media-fullwidth\">\t<div class=\"block-media-fullwidth__content\">\n\t\t\n\n<figure class=\"wp-block-video\"><video autoplay loop muted src=\"https:\/\/video.gumlet.io\/67af00aae5de6394b226f2d7\/67af479539791bf9fcf2e0a9\/download.mp4\" playsinline><\/video><\/figure>\n\n\n\t<\/div>\n<\/div>\n\n\n\n\n<p><\/p>\n","protected":false},"excerpt":{"rendered":"<p>Helje hjir dyn alderearste wykeinkaartsjes foar Explore the North 2026 foar mar \u20ac 45,50. Deikaarten foar Explore the North 2026&#8230;<\/p>\n","protected":false},"author":2,"featured_media":16118,"parent":11177,"menu_order":27,"comment_status":"closed","ping_status":"closed","template":"template-event-group.php","meta":{"_acf_changed":false,"inline_featured_image":false,"footnotes":""},"year":[46],"class_list":["post-16398","page","type-page","status-publish","has-post-thumbnail","hentry"],"acf":[],"yoast_head":"<!-- This site is optimized with the Yoast SEO plugin v27.4 - https:\/\/yoast.com\/product\/yoast-seo-wordpress\/ -->\n<title>Festivalwykein - Explore the North<\/title>\n<meta name=\"robots\" content=\"index, follow, max-snippet:-1, max-image-preview:large, max-video-preview:-1\" \/>\n<link rel=\"canonical\" href=\"https:\/\/explorethenorth.nl\/fy\/festivalmoanne\/festivalweekend\/\" \/>\n<meta property=\"og:locale\" content=\"fy_NL\" \/>\n<meta property=\"og:type\" content=\"article\" \/>\n<meta property=\"og:title\" content=\"Festivalwykein - Explore the North\" \/>\n<meta property=\"og:description\" content=\"Helje hjir dyn alderearste wykeinkaartsjes foar Explore the North 2026 foar mar \u20ac 45,50. Deikaarten foar Explore the North 2026...\" \/>\n<meta property=\"og:url\" content=\"https:\/\/explorethenorth.nl\/fy\/festivalmoanne\/festivalweekend\/\" \/>\n<meta property=\"og:site_name\" content=\"Explore the North\" \/>\n<meta property=\"article:modified_time\" content=\"2026-01-05T14:04:44+00:00\" \/>\n<meta property=\"og:image\" content=\"https:\/\/explorethenorth.nl\/wp-content\/uploads\/2025\/12\/54941496491_e2bd585e0f_k.jpg\" \/>\n\t<meta property=\"og:image:width\" content=\"2048\" \/>\n\t<meta property=\"og:image:height\" content=\"1536\" \/>\n\t<meta property=\"og:image:type\" content=\"image\/jpeg\" \/>\n<meta name=\"twitter:card\" content=\"summary_large_image\" \/>\n<meta name=\"twitter:label1\" content=\"Est. reading time\" \/>\n\t<meta name=\"twitter:data1\" content=\"1 minute\" \/>\n<script type=\"application\/ld+json\" class=\"yoast-schema-graph\">{\"@context\":\"https:\\\/\\\/schema.org\",\"@graph\":[{\"@type\":\"WebPage\",\"@id\":\"https:\\\/\\\/explorethenorth.nl\\\/fy\\\/festivalmoanne\\\/festivalweekend\\\/\",\"url\":\"https:\\\/\\\/explorethenorth.nl\\\/fy\\\/festivalmoanne\\\/festivalweekend\\\/\",\"name\":\"Festivalwykein - Explore the North\",\"isPartOf\":{\"@id\":\"https:\\\/\\\/explorethenorth.nl\\\/fy\\\/#website\"},\"primaryImageOfPage\":{\"@id\":\"https:\\\/\\\/explorethenorth.nl\\\/fy\\\/festivalmoanne\\\/festivalweekend\\\/#primaryimage\"},\"image\":{\"@id\":\"https:\\\/\\\/explorethenorth.nl\\\/fy\\\/festivalmoanne\\\/festivalweekend\\\/#primaryimage\"},\"thumbnailUrl\":\"https:\\\/\\\/explorethenorth.nl\\\/wp-content\\\/uploads\\\/2025\\\/12\\\/54941496491_e2bd585e0f_k.jpg\",\"datePublished\":\"2025-12-08T14:07:37+00:00\",\"dateModified\":\"2026-01-05T14:04:44+00:00\",\"breadcrumb\":{\"@id\":\"https:\\\/\\\/explorethenorth.nl\\\/fy\\\/festivalmoanne\\\/festivalweekend\\\/#breadcrumb\"},\"inLanguage\":\"fy-NL\",\"potentialAction\":[{\"@type\":\"ReadAction\",\"target\":[\"https:\\\/\\\/explorethenorth.nl\\\/fy\\\/festivalmoanne\\\/festivalweekend\\\/\"]}]},{\"@type\":\"ImageObject\",\"inLanguage\":\"fy-NL\",\"@id\":\"https:\\\/\\\/explorethenorth.nl\\\/fy\\\/festivalmoanne\\\/festivalweekend\\\/#primaryimage\",\"url\":\"https:\\\/\\\/explorethenorth.nl\\\/wp-content\\\/uploads\\\/2025\\\/12\\\/54941496491_e2bd585e0f_k.jpg\",\"contentUrl\":\"https:\\\/\\\/explorethenorth.nl\\\/wp-content\\\/uploads\\\/2025\\\/12\\\/54941496491_e2bd585e0f_k.jpg\",\"width\":2048,\"height\":1536},{\"@type\":\"BreadcrumbList\",\"@id\":\"https:\\\/\\\/explorethenorth.nl\\\/fy\\\/festivalmoanne\\\/festivalweekend\\\/#breadcrumb\",\"itemListElement\":[{\"@type\":\"ListItem\",\"position\":1,\"name\":\"Home\",\"item\":\"https:\\\/\\\/explorethenorth.nl\\\/fy\\\/\"},{\"@type\":\"ListItem\",\"position\":2,\"name\":\"Festivalwykein\"}]},{\"@type\":\"WebSite\",\"@id\":\"https:\\\/\\\/explorethenorth.nl\\\/fy\\\/#website\",\"url\":\"https:\\\/\\\/explorethenorth.nl\\\/fy\\\/\",\"name\":\"Explore the North\",\"description\":\"\",\"publisher\":{\"@id\":\"https:\\\/\\\/explorethenorth.nl\\\/fy\\\/#organization\"},\"potentialAction\":[{\"@type\":\"SearchAction\",\"target\":{\"@type\":\"EntryPoint\",\"urlTemplate\":\"https:\\\/\\\/explorethenorth.nl\\\/fy\\\/?s={search_term_string}\"},\"query-input\":{\"@type\":\"PropertyValueSpecification\",\"valueRequired\":true,\"valueName\":\"search_term_string\"}}],\"inLanguage\":\"fy-NL\"},{\"@type\":\"Organization\",\"@id\":\"https:\\\/\\\/explorethenorth.nl\\\/fy\\\/#organization\",\"name\":\"Explore the North\",\"url\":\"https:\\\/\\\/explorethenorth.nl\\\/fy\\\/\",\"logo\":{\"@type\":\"ImageObject\",\"inLanguage\":\"fy-NL\",\"@id\":\"https:\\\/\\\/explorethenorth.nl\\\/fy\\\/#\\\/schema\\\/logo\\\/image\\\/\",\"url\":\"https:\\\/\\\/explorethenorth.nl\\\/wp-content\\\/uploads\\\/2024\\\/06\\\/explore_the-north.jpg\",\"contentUrl\":\"https:\\\/\\\/explorethenorth.nl\\\/wp-content\\\/uploads\\\/2024\\\/06\\\/explore_the-north.jpg\",\"width\":1200,\"height\":675,\"caption\":\"Explore the North\"},\"image\":{\"@id\":\"https:\\\/\\\/explorethenorth.nl\\\/fy\\\/#\\\/schema\\\/logo\\\/image\\\/\"}}]}<\/script>\n<!-- \/ Yoast SEO plugin. -->","yoast_head_json":{"title":"Festivalwykein - Explore the North","robots":{"index":"index","follow":"follow","max-snippet":"max-snippet:-1","max-image-preview":"max-image-preview:large","max-video-preview":"max-video-preview:-1"},"canonical":"https:\/\/explorethenorth.nl\/fy\/festivalmoanne\/festivalweekend\/","og_locale":"fy_NL","og_type":"article","og_title":"Festivalwykein - Explore the North","og_description":"Helje hjir dyn alderearste wykeinkaartsjes foar Explore the North 2026 foar mar \u20ac 45,50. Deikaarten foar Explore the North 2026...","og_url":"https:\/\/explorethenorth.nl\/fy\/festivalmoanne\/festivalweekend\/","og_site_name":"Explore the North","article_modified_time":"2026-01-05T14:04:44+00:00","og_image":[{"width":2048,"height":1536,"url":"https:\/\/explorethenorth.nl\/wp-content\/uploads\/2025\/12\/54941496491_e2bd585e0f_k.jpg","type":"image\/jpeg"}],"twitter_card":"summary_large_image","twitter_misc":{"Est. reading time":"1 minute"},"schema":{"@context":"https:\/\/schema.org","@graph":[{"@type":"WebPage","@id":"https:\/\/explorethenorth.nl\/fy\/festivalmoanne\/festivalweekend\/","url":"https:\/\/explorethenorth.nl\/fy\/festivalmoanne\/festivalweekend\/","name":"Festivalwykein - Explore the North","isPartOf":{"@id":"https:\/\/explorethenorth.nl\/fy\/#website"},"primaryImageOfPage":{"@id":"https:\/\/explorethenorth.nl\/fy\/festivalmoanne\/festivalweekend\/#primaryimage"},"image":{"@id":"https:\/\/explorethenorth.nl\/fy\/festivalmoanne\/festivalweekend\/#primaryimage"},"thumbnailUrl":"https:\/\/explorethenorth.nl\/wp-content\/uploads\/2025\/12\/54941496491_e2bd585e0f_k.jpg","datePublished":"2025-12-08T14:07:37+00:00","dateModified":"2026-01-05T14:04:44+00:00","breadcrumb":{"@id":"https:\/\/explorethenorth.nl\/fy\/festivalmoanne\/festivalweekend\/#breadcrumb"},"inLanguage":"fy-NL","potentialAction":[{"@type":"ReadAction","target":["https:\/\/explorethenorth.nl\/fy\/festivalmoanne\/festivalweekend\/"]}]},{"@type":"ImageObject","inLanguage":"fy-NL","@id":"https:\/\/explorethenorth.nl\/fy\/festivalmoanne\/festivalweekend\/#primaryimage","url":"https:\/\/explorethenorth.nl\/wp-content\/uploads\/2025\/12\/54941496491_e2bd585e0f_k.jpg","contentUrl":"https:\/\/explorethenorth.nl\/wp-content\/uploads\/2025\/12\/54941496491_e2bd585e0f_k.jpg","width":2048,"height":1536},{"@type":"BreadcrumbList","@id":"https:\/\/explorethenorth.nl\/fy\/festivalmoanne\/festivalweekend\/#breadcrumb","itemListElement":[{"@type":"ListItem","position":1,"name":"Home","item":"https:\/\/explorethenorth.nl\/fy\/"},{"@type":"ListItem","position":2,"name":"Festivalwykein"}]},{"@type":"WebSite","@id":"https:\/\/explorethenorth.nl\/fy\/#website","url":"https:\/\/explorethenorth.nl\/fy\/","name":"Explore the North","description":"","publisher":{"@id":"https:\/\/explorethenorth.nl\/fy\/#organization"},"potentialAction":[{"@type":"SearchAction","target":{"@type":"EntryPoint","urlTemplate":"https:\/\/explorethenorth.nl\/fy\/?s={search_term_string}"},"query-input":{"@type":"PropertyValueSpecification","valueRequired":true,"valueName":"search_term_string"}}],"inLanguage":"fy-NL"},{"@type":"Organization","@id":"https:\/\/explorethenorth.nl\/fy\/#organization","name":"Explore the North","url":"https:\/\/explorethenorth.nl\/fy\/","logo":{"@type":"ImageObject","inLanguage":"fy-NL","@id":"https:\/\/explorethenorth.nl\/fy\/#\/schema\/logo\/image\/","url":"https:\/\/explorethenorth.nl\/wp-content\/uploads\/2024\/06\/explore_the-north.jpg","contentUrl":"https:\/\/explorethenorth.nl\/wp-content\/uploads\/2024\/06\/explore_the-north.jpg","width":1200,"height":675,"caption":"Explore the North"},"image":{"@id":"https:\/\/explorethenorth.nl\/fy\/#\/schema\/logo\/image\/"}}]}},"_links":{"self":[{"href":"https:\/\/explorethenorth.nl\/fy\/wp-json\/wp\/v2\/pages\/16398","targetHints":{"allow":["GET"]}}],"collection":[{"href":"https:\/\/explorethenorth.nl\/fy\/wp-json\/wp\/v2\/pages"}],"about":[{"href":"https:\/\/explorethenorth.nl\/fy\/wp-json\/wp\/v2\/types\/page"}],"author":[{"embeddable":true,"href":"https:\/\/explorethenorth.nl\/fy\/wp-json\/wp\/v2\/users\/2"}],"replies":[{"embeddable":true,"href":"https:\/\/explorethenorth.nl\/fy\/wp-json\/wp\/v2\/comments?post=16398"}],"version-history":[{"count":4,"href":"https:\/\/explorethenorth.nl\/fy\/wp-json\/wp\/v2\/pages\/16398\/revisions"}],"predecessor-version":[{"id":16524,"href":"https:\/\/explorethenorth.nl\/fy\/wp-json\/wp\/v2\/pages\/16398\/revisions\/16524"}],"up":[{"embeddable":true,"href":"https:\/\/explorethenorth.nl\/fy\/wp-json\/wp\/v2\/pages\/11177"}],"wp:featuredmedia":[{"embeddable":true,"href":"https:\/\/explorethenorth.nl\/fy\/wp-json\/wp\/v2\/media\/16118"}],"wp:attachment":[{"href":"https:\/\/explorethenorth.nl\/fy\/wp-json\/wp\/v2\/media?parent=16398"}],"wp:term":[{"taxonomy":"year","embeddable":true,"href":"https:\/\/explorethenorth.nl\/fy\/wp-json\/wp\/v2\/year?post=16398"}],"curies":[{"name":"wp","href":"https:\/\/api.w.org\/{rel}","templated":true}]}}