{"id":15894,"date":"2025-11-06T12:04:50","date_gmt":"2025-11-06T11:04:50","guid":{"rendered":"https:\/\/explorethenorth.nl\/?page_id=15894"},"modified":"2025-11-21T11:23:05","modified_gmt":"2025-11-21T10:23:05","slug":"algemene-informatie-festivalweekend","status":"publish","type":"page","link":"https:\/\/explorethenorth.nl\/fy\/festivalmoanne\/festivalweekend\/algemene-informatie-festivalweekend\/","title":{"rendered":"Algemene informatie festivalweekend"},"content":{"rendered":"\n<p><\/p>\n\n\n\n<p><strong>Explore the North Festival 2025<\/strong>&nbsp;fynt plak op 21, 22 en 23 novimber 2025. It festivalwykein fan Explore the North is in trijedaagse \u00fbntdekkingstocht fol ferhalen yn ferskate foarmen. Op prachtige lokaasjes yn de histoaryske binnenst\u00ead fan Ljouwert nimme muzikanten, theatermakkers, skriuwers en dichters dy mei yn eigenwize ferhalen, foarstellingen, konserten en mear.<\/p>\n\n\n\n<p><strong>Kaartsjes<\/strong><br>Dyn kaartsjes foar it festivalwykein kinne fia \u00fas\u00a0<a>webshop<\/a>\u00a0bestelle wurde. De folsleine festival\u00fbnderfining hast mei it wykeinkaartje w\u00eartroch\u2019ts trije dagen lang tagong hast ta \u00fas folsleine festivalprogramma. D\u00earneist binne ek dei-kaarten te krijen, w\u00eartroch\u2019ts op freed, sneon of snein tagong hast ta it hiele programma. Foar bern oant en mei 12 jier hawwe wy in spesjaal berneticket en ek foar jongerein oant en mei 25 jier is der in ekstra foardielich ticket. Wy ferkeapje gjin kaarten foar losse programma\u2019s.<\/p>\n\n\n\n<p><strong>Wykeinkaartjes<\/strong><\/p>\n\n\n\n<ul class=\"wp-block-list\">\n<li>Wykeinkaartjes: \u20ac56,-<\/li>\n\n\n\n<li>Jongereinkaartjes: \u20ac22,50 (13 t\/m 25 jier \u00e9n studinten)*<\/li>\n\n\n\n<li>Bernkaartjes: \u20ac11,00<\/li>\n<\/ul>\n\n\n\n<p><strong>Dei-kaarten<\/strong><\/p>\n\n\n\n<ul class=\"wp-block-list\">\n<li>Kaartje freed 21 novimber: \u20ac28,50<\/li>\n\n\n\n<li>Kaartje sneon 22 novimber: \u20ac33,50<\/li>\n\n\n\n<li>Kaartje snein 23 novimber: \u20ac28,50<\/li>\n<\/ul>\n\n\n\n<p><a>Keapje hjir dyn festivalkaartjes<\/a><\/p>\n\n\n\n<p>*Neem dyn studintekaart of identiteitsbewiis mei by it oph\u00e2lden fan dyn festivalpolsband.<br><strong>Let op:<\/strong>&nbsp;It programma, de tiden en lokaasjes binne \u00fbnder foarbeh\u00e2ld.<\/p>\n\n\n\n<p><strong>Festivalbandjes<\/strong><br>Om tagong te krijen ta alle festivallocaasje, wikselje dyn ticket om foar in polsbandje. Dit festivalbandje kin ophelle wurde yn \u00fas festivalhart Podium Explore (Bagijnestraat 59) tidens it festivalwykein.<\/p>\n\n\n\n<p><strong>Iten en drinken yn \u00fas festivalhart \/ Stadshart<\/strong><br>Op 21, 22 en 23 novimber kinst fan\u00f4f 12:00 oere yn it Stadshart (festivalhart yn Podium Explore, Bagijnestraat 59) rjocht foar in hapke en in drankje. Sa kinst yn \u00fas caf\u00e9 restaurant genietsje fan it iten fan 18:00 oant 20:00 oere. Foar lunch bist wolkom fan 12:00 oant 15:00 oere. D\u00earneist is it fansels ek mooglik om by oare Explore-lokaasjes wat te drinken tidens it festivalwykein.<\/p>\n\n\n\n<p>It Stadshart sit op ferdjipping 1 yn Podium Explore.<\/p>\n\n\n\n<p><strong>Bereikberens<\/strong><br>Ljouwert is goed berikber mei it OV. Fan\u00f4f stasjon Ljouwert is it sa\u2019n 10 minuten kuier nei it sintrum en d\u00earmei de measte festivallocaasje. Parkearje kin yn de parkeergarages fan it Oldehoofsterkerkhof of it Zaailand. Reisst fan\u00f4f in oar stasjon mei Arriva? Dan kinst gebr\u00fbk meitsje fan in foardielich <a href=\"https:\/\/www.arriva.nl\/dagkaart-noord\">dei-kaartje<\/a>.<\/p>\n\n\n\n<p><strong>Rolstoeltoeganklikheid<\/strong><br>Byna alle Explore-lokaasjes binne tagonklik foar rolstoelen, \u00fatsein Beatriks en Restaurant Baylings. Wy dogge \u00fas b\u00east om lokaasjes lykas Podium Explore sa tagonklik mooglik te meitsjen: Do helpst \u00fas enoarm as do fia&nbsp;<a>info@explore-the-north.nl<\/a>&nbsp;fan tefoaren oanjoust dat do komst.<\/p>\n\n\n\n<p><strong>Let op:<\/strong>&nbsp;soms slute de doarren op oanfangstiid<br>Op Explore the North binne hieltyd mear programma\u2019s te sjen dy\u2019t it b\u00easte folslein sjoen wurde kinne.<br>D\u00earom jouwe wy yn it blokkenschema (en op \u00fas webside per \u00fbnderdiel) oan by hokker programma\u2019s de doarren op oanfangstiid slute.<\/p>\n\n\n\n<p><strong>Taal gjin probleem \/ Language No Problem<\/strong><br>Sprekst gjin Nederl\u00e2nsk? Dan is der in protte muzyk te belibjen op it festival, mar der binne ek in pear foarstellingen d\u00ear\u2019t taal gjin probleem foarmet: Ivgy&amp;Greben mei\u00a0<em><a href=\"https:\/\/explorethenorth.nl\/fy\/event\/ivgigreben-not-yet\/\">Not Yet<\/a><\/em>, Juersson Hermanus \u2013\u00a0<em><a href=\"https:\/\/explorethenorth.nl\/fy\/event\/juersson-hermanus-luango-stories\/\">Languo Stories<\/a><\/em>\u00a0en Nik Rajsek mei\u00a0<em><a href=\"https:\/\/explorethenorth.nl\/fy\/event\/nik-rajsek-kink\/\">KINK<\/a><\/em>. Ek binne der in pear Ingelsk-talige programma\u2019s, lykas\u00a0<em>URLAND<\/em>\u00a0mei\u00a0<em><a href=\"https:\/\/explorethenorth.nl\/fy\/event\/urland-this-is-how-preview\/\">Before the Story Starts<\/a><\/em>\u00a0en it petear mei <a href=\"https:\/\/explorethenorth.nl\/fy\/event\/edouard-louis\/\">\u00c9douard Louis<\/a>.<\/p>\n\n\n\n<p><strong>Expedysjes \/ kruipdoorsluipdoor-programma op sneon en snein<\/strong><br>Dit jier wurkje de expedysjes op Explore the North n\u00e9t itselde as foarige jierren. Dit programma op sneon en snein bestiet \u00fat performances fan 30 minuten. Do kinst it programma sels besykje, mar it is ek mooglik mei te gean mei in gids \u00e9n tusken troch ferhalen te hearren oer Ljouwert. De oanmelding foar de start fan de trije r\u00fbtes (mei gids) op sneon en snein sit ynmiddels fol. Mar dochs kinst nei it earste programma noch w\u00e9l oanslute by de r\u00fbtes&nbsp;<strong>ROOD, GROEN en BLAUW<\/strong>. D\u00earneist kinst ek sels dyn r\u00fbte gearstalle en dit programma op lytse lokaasjes besykje.&nbsp;<a>Mear ynformaasje<\/a>.<\/p>\n\n\n\n<p><strong>Oanmelden<\/strong><br>Foar in pear programma\u2019s moatst dyn plak apart reservearje. Dit giet om:<\/p>\n\n\n\n<ul class=\"wp-block-list\">\n<li>21, 22 en 23 nov:\u00a0<em><a href=\"https:\/\/explorethenorth.nl\/fy\/event\/pauline-augustyn-veerle-van-overloop-flood-the-zone-with-s\/\">Flood the zone with shit<\/a><\/em><\/li>\n\n\n\n<li>23 nov:\u00a0<em><a href=\"https:\/\/explorethenorth.nl\/fy\/event\/katerbrunch\/\">Katerbrunch<\/a><\/em>\u00a0(Kaartjes \u20ac10)<\/li>\n\n\n\n<li>22 en 23 nov: Kinderprogramma<\/li>\n<\/ul>\n\n\n<div class=\"wp-block-whitespace medium\" aria-hidden=\"true\"><\/div>\n\n\n<p><\/p>\n","protected":false},"excerpt":{"rendered":"<p>Explore the North Festival 2025&nbsp;fynt plak op 21, 22 en 23 novimber 2025. It festivalwykein fan Explore the North is&#8230;<\/p>\n","protected":false},"author":4,"featured_media":0,"parent":16398,"menu_order":31,"comment_status":"closed","ping_status":"closed","template":"","meta":{"_acf_changed":false,"inline_featured_image":false,"footnotes":""},"year":[],"class_list":["post-15894","page","type-page","status-publish","hentry"],"acf":[],"yoast_head":"<!-- This site is optimized with the Yoast SEO plugin v27.4 - https:\/\/yoast.com\/product\/yoast-seo-wordpress\/ -->\n<title>Algemene informatie festivalweekend - Explore the North<\/title>\n<meta name=\"robots\" content=\"index, follow, max-snippet:-1, max-image-preview:large, max-video-preview:-1\" \/>\n<link rel=\"canonical\" href=\"https:\/\/explorethenorth.nl\/fy\/festivalmoanne\/festivalweekend\/algemene-informatie-festivalweekend\/\" \/>\n<meta property=\"og:locale\" content=\"fy_NL\" \/>\n<meta property=\"og:type\" content=\"article\" \/>\n<meta property=\"og:title\" content=\"Algemene informatie festivalweekend - Explore the North\" \/>\n<meta property=\"og:description\" content=\"Explore the North Festival 2025&nbsp;fynt plak op 21, 22 en 23 novimber 2025. It festivalwykein fan Explore the North is...\" \/>\n<meta property=\"og:url\" content=\"https:\/\/explorethenorth.nl\/fy\/festivalmoanne\/festivalweekend\/algemene-informatie-festivalweekend\/\" \/>\n<meta property=\"og:site_name\" content=\"Explore the North\" \/>\n<meta property=\"article:modified_time\" content=\"2025-11-21T10:23:05+00:00\" \/>\n<meta property=\"og:image\" content=\"https:\/\/explorethenorth.nl\/wp-content\/uploads\/2024\/06\/explore_the-north.jpg\" \/>\n\t<meta property=\"og:image:width\" content=\"1200\" \/>\n\t<meta property=\"og:image:height\" content=\"675\" \/>\n\t<meta property=\"og:image:type\" content=\"image\/jpeg\" \/>\n<meta name=\"twitter:card\" content=\"summary_large_image\" \/>\n<meta name=\"twitter:label1\" content=\"Est. reading time\" \/>\n\t<meta name=\"twitter:data1\" content=\"4 minutes\" \/>\n<script type=\"application\/ld+json\" class=\"yoast-schema-graph\">{\"@context\":\"https:\\\/\\\/schema.org\",\"@graph\":[{\"@type\":\"WebPage\",\"@id\":\"https:\\\/\\\/explorethenorth.nl\\\/fy\\\/festivalmoanne\\\/festivalweekend\\\/algemene-informatie-festivalweekend\\\/\",\"url\":\"https:\\\/\\\/explorethenorth.nl\\\/fy\\\/festivalmoanne\\\/festivalweekend\\\/algemene-informatie-festivalweekend\\\/\",\"name\":\"Algemene informatie festivalweekend - Explore the North\",\"isPartOf\":{\"@id\":\"https:\\\/\\\/explorethenorth.nl\\\/fy\\\/#website\"},\"datePublished\":\"2025-11-06T11:04:50+00:00\",\"dateModified\":\"2025-11-21T10:23:05+00:00\",\"breadcrumb\":{\"@id\":\"https:\\\/\\\/explorethenorth.nl\\\/fy\\\/festivalmoanne\\\/festivalweekend\\\/algemene-informatie-festivalweekend\\\/#breadcrumb\"},\"inLanguage\":\"fy-NL\",\"potentialAction\":[{\"@type\":\"ReadAction\",\"target\":[\"https:\\\/\\\/explorethenorth.nl\\\/fy\\\/festivalmoanne\\\/festivalweekend\\\/algemene-informatie-festivalweekend\\\/\"]}]},{\"@type\":\"BreadcrumbList\",\"@id\":\"https:\\\/\\\/explorethenorth.nl\\\/fy\\\/festivalmoanne\\\/festivalweekend\\\/algemene-informatie-festivalweekend\\\/#breadcrumb\",\"itemListElement\":[{\"@type\":\"ListItem\",\"position\":1,\"name\":\"Home\",\"item\":\"https:\\\/\\\/explorethenorth.nl\\\/fy\\\/\"},{\"@type\":\"ListItem\",\"position\":2,\"name\":\"Algemene informatie festivalweekend\"}]},{\"@type\":\"WebSite\",\"@id\":\"https:\\\/\\\/explorethenorth.nl\\\/fy\\\/#website\",\"url\":\"https:\\\/\\\/explorethenorth.nl\\\/fy\\\/\",\"name\":\"Explore the North\",\"description\":\"\",\"publisher\":{\"@id\":\"https:\\\/\\\/explorethenorth.nl\\\/fy\\\/#organization\"},\"potentialAction\":[{\"@type\":\"SearchAction\",\"target\":{\"@type\":\"EntryPoint\",\"urlTemplate\":\"https:\\\/\\\/explorethenorth.nl\\\/fy\\\/?s={search_term_string}\"},\"query-input\":{\"@type\":\"PropertyValueSpecification\",\"valueRequired\":true,\"valueName\":\"search_term_string\"}}],\"inLanguage\":\"fy-NL\"},{\"@type\":\"Organization\",\"@id\":\"https:\\\/\\\/explorethenorth.nl\\\/fy\\\/#organization\",\"name\":\"Explore the North\",\"url\":\"https:\\\/\\\/explorethenorth.nl\\\/fy\\\/\",\"logo\":{\"@type\":\"ImageObject\",\"inLanguage\":\"fy-NL\",\"@id\":\"https:\\\/\\\/explorethenorth.nl\\\/fy\\\/#\\\/schema\\\/logo\\\/image\\\/\",\"url\":\"https:\\\/\\\/explorethenorth.nl\\\/wp-content\\\/uploads\\\/2024\\\/06\\\/explore_the-north.jpg\",\"contentUrl\":\"https:\\\/\\\/explorethenorth.nl\\\/wp-content\\\/uploads\\\/2024\\\/06\\\/explore_the-north.jpg\",\"width\":1200,\"height\":675,\"caption\":\"Explore the North\"},\"image\":{\"@id\":\"https:\\\/\\\/explorethenorth.nl\\\/fy\\\/#\\\/schema\\\/logo\\\/image\\\/\"}}]}<\/script>\n<!-- \/ Yoast SEO plugin. -->","yoast_head_json":{"title":"Algemene informatie festivalweekend - Explore the North","robots":{"index":"index","follow":"follow","max-snippet":"max-snippet:-1","max-image-preview":"max-image-preview:large","max-video-preview":"max-video-preview:-1"},"canonical":"https:\/\/explorethenorth.nl\/fy\/festivalmoanne\/festivalweekend\/algemene-informatie-festivalweekend\/","og_locale":"fy_NL","og_type":"article","og_title":"Algemene informatie festivalweekend - Explore the North","og_description":"Explore the North Festival 2025&nbsp;fynt plak op 21, 22 en 23 novimber 2025. It festivalwykein fan Explore the North is...","og_url":"https:\/\/explorethenorth.nl\/fy\/festivalmoanne\/festivalweekend\/algemene-informatie-festivalweekend\/","og_site_name":"Explore the North","article_modified_time":"2025-11-21T10:23:05+00:00","og_image":[{"width":1200,"height":675,"url":"https:\/\/explorethenorth.nl\/wp-content\/uploads\/2024\/06\/explore_the-north.jpg","type":"image\/jpeg"}],"twitter_card":"summary_large_image","twitter_misc":{"Est. reading time":"4 minutes"},"schema":{"@context":"https:\/\/schema.org","@graph":[{"@type":"WebPage","@id":"https:\/\/explorethenorth.nl\/fy\/festivalmoanne\/festivalweekend\/algemene-informatie-festivalweekend\/","url":"https:\/\/explorethenorth.nl\/fy\/festivalmoanne\/festivalweekend\/algemene-informatie-festivalweekend\/","name":"Algemene informatie festivalweekend - Explore the North","isPartOf":{"@id":"https:\/\/explorethenorth.nl\/fy\/#website"},"datePublished":"2025-11-06T11:04:50+00:00","dateModified":"2025-11-21T10:23:05+00:00","breadcrumb":{"@id":"https:\/\/explorethenorth.nl\/fy\/festivalmoanne\/festivalweekend\/algemene-informatie-festivalweekend\/#breadcrumb"},"inLanguage":"fy-NL","potentialAction":[{"@type":"ReadAction","target":["https:\/\/explorethenorth.nl\/fy\/festivalmoanne\/festivalweekend\/algemene-informatie-festivalweekend\/"]}]},{"@type":"BreadcrumbList","@id":"https:\/\/explorethenorth.nl\/fy\/festivalmoanne\/festivalweekend\/algemene-informatie-festivalweekend\/#breadcrumb","itemListElement":[{"@type":"ListItem","position":1,"name":"Home","item":"https:\/\/explorethenorth.nl\/fy\/"},{"@type":"ListItem","position":2,"name":"Algemene informatie festivalweekend"}]},{"@type":"WebSite","@id":"https:\/\/explorethenorth.nl\/fy\/#website","url":"https:\/\/explorethenorth.nl\/fy\/","name":"Explore the North","description":"","publisher":{"@id":"https:\/\/explorethenorth.nl\/fy\/#organization"},"potentialAction":[{"@type":"SearchAction","target":{"@type":"EntryPoint","urlTemplate":"https:\/\/explorethenorth.nl\/fy\/?s={search_term_string}"},"query-input":{"@type":"PropertyValueSpecification","valueRequired":true,"valueName":"search_term_string"}}],"inLanguage":"fy-NL"},{"@type":"Organization","@id":"https:\/\/explorethenorth.nl\/fy\/#organization","name":"Explore the North","url":"https:\/\/explorethenorth.nl\/fy\/","logo":{"@type":"ImageObject","inLanguage":"fy-NL","@id":"https:\/\/explorethenorth.nl\/fy\/#\/schema\/logo\/image\/","url":"https:\/\/explorethenorth.nl\/wp-content\/uploads\/2024\/06\/explore_the-north.jpg","contentUrl":"https:\/\/explorethenorth.nl\/wp-content\/uploads\/2024\/06\/explore_the-north.jpg","width":1200,"height":675,"caption":"Explore the North"},"image":{"@id":"https:\/\/explorethenorth.nl\/fy\/#\/schema\/logo\/image\/"}}]}},"_links":{"self":[{"href":"https:\/\/explorethenorth.nl\/fy\/wp-json\/wp\/v2\/pages\/15894","targetHints":{"allow":["GET"]}}],"collection":[{"href":"https:\/\/explorethenorth.nl\/fy\/wp-json\/wp\/v2\/pages"}],"about":[{"href":"https:\/\/explorethenorth.nl\/fy\/wp-json\/wp\/v2\/types\/page"}],"author":[{"embeddable":true,"href":"https:\/\/explorethenorth.nl\/fy\/wp-json\/wp\/v2\/users\/4"}],"replies":[{"embeddable":true,"href":"https:\/\/explorethenorth.nl\/fy\/wp-json\/wp\/v2\/comments?post=15894"}],"version-history":[{"count":2,"href":"https:\/\/explorethenorth.nl\/fy\/wp-json\/wp\/v2\/pages\/15894\/revisions"}],"predecessor-version":[{"id":15896,"href":"https:\/\/explorethenorth.nl\/fy\/wp-json\/wp\/v2\/pages\/15894\/revisions\/15896"}],"up":[{"embeddable":true,"href":"https:\/\/explorethenorth.nl\/fy\/wp-json\/wp\/v2\/pages\/16398"}],"wp:attachment":[{"href":"https:\/\/explorethenorth.nl\/fy\/wp-json\/wp\/v2\/media?parent=15894"}],"wp:term":[{"taxonomy":"year","embeddable":true,"href":"https:\/\/explorethenorth.nl\/fy\/wp-json\/wp\/v2\/year?post=15894"}],"curies":[{"name":"wp","href":"https:\/\/api.w.org\/{rel}","templated":true}]}}