{"id":15762,"date":"2025-11-05T16:35:41","date_gmt":"2025-11-05T15:35:41","guid":{"rendered":"https:\/\/explorethenorth.nl\/?page_id=15762"},"modified":"2025-11-20T16:32:03","modified_gmt":"2025-11-20T15:32:03","slug":"marielle-ceramics","status":"publish","type":"page","link":"https:\/\/explorethenorth.nl\/fy\/lokaasjes-festivalwykein\/marielle-ceramics\/","title":{"rendered":"Marielle Ceramics"},"content":{"rendered":"\n<p>In keramykstudio yn it histoaryske sintrum fan Ljouwert, f\u00eastige yn in prachtich \u00e2ld stedsgebou. Hjir fynst unike, h\u00e2nmakke wurken en kinst workshops folgje.<\/p>\n\n\n\n<p>Yn it sintrum fan Ljouwert, oan de Bagijnestraat 42A, hat Marielle Dekens koartlyn har keramykstudio iepene yn dit prachtich histoarysk gebou. Oait wie it in distillearderij, en de orizjinele distillearfaten steane no tusken de klei en keramyk.<\/p>\n\n\n\n<p>Elke sneon is de studio iepen foar it publyk. Har kolleksje is ferskaat, fan h\u00e2nmakke servies, kommen en koppkes oant gruttere keunstwurken foar oan \u2018e muorre. Alles is ynspirearre troch de natuer, beweging en de skientme fan \u00fbnfolsleinens. Elk stik is unyk en h\u00e2nmakke. Derneist jout se kursussen en workshops foar alle leeftiden w\u00earyn kinst sels mei klei oan \u2018e slach.<\/p>\n\n\n\n<p>Tidens it Explore the North Festival kinst hjir de bys\u00fbnderste foarstelling yn in ynformeel en ynintym taljochtingsomjouwing belibje.<\/p>\n","protected":false},"excerpt":{"rendered":"<p>In keramykstudio yn it histoaryske sintrum fan Ljouwert, f\u00eastige yn in prachtich \u00e2ld stedsgebou. Hjir fynst unike, h\u00e2nmakke wurken en&#8230;<\/p>\n","protected":false},"author":4,"featured_media":15092,"parent":13758,"menu_order":138,"comment_status":"closed","ping_status":"closed","template":"","meta":{"_acf_changed":false,"inline_featured_image":false,"footnotes":""},"year":[],"class_list":["post-15762","page","type-page","status-publish","has-post-thumbnail","hentry"],"acf":[],"yoast_head":"<!-- This site is optimized with the Yoast SEO plugin v27.4 - https:\/\/yoast.com\/product\/yoast-seo-wordpress\/ -->\n<title>Marielle Ceramics - Explore the North<\/title>\n<meta name=\"robots\" content=\"index, follow, max-snippet:-1, max-image-preview:large, max-video-preview:-1\" \/>\n<link rel=\"canonical\" href=\"https:\/\/explorethenorth.nl\/fy\/lokaasjes-festivalwykein\/marielle-ceramics\/\" \/>\n<meta property=\"og:locale\" content=\"fy_NL\" \/>\n<meta property=\"og:type\" content=\"article\" \/>\n<meta property=\"og:title\" content=\"Marielle Ceramics - Explore the North\" \/>\n<meta property=\"og:description\" content=\"In keramykstudio yn it histoaryske sintrum fan Ljouwert, f\u00eastige yn in prachtich \u00e2ld stedsgebou. Hjir fynst unike, h\u00e2nmakke wurken en...\" \/>\n<meta property=\"og:url\" content=\"https:\/\/explorethenorth.nl\/fy\/lokaasjes-festivalwykein\/marielle-ceramics\/\" \/>\n<meta property=\"og:site_name\" content=\"Explore the North\" \/>\n<meta property=\"article:modified_time\" content=\"2025-11-20T15:32:03+00:00\" \/>\n<meta property=\"og:image\" content=\"https:\/\/explorethenorth.nl\/wp-content\/uploads\/2025\/11\/2025-05-05.jpg\" \/>\n\t<meta property=\"og:image:width\" content=\"765\" \/>\n\t<meta property=\"og:image:height\" content=\"1020\" \/>\n\t<meta property=\"og:image:type\" content=\"image\/jpeg\" \/>\n<meta name=\"twitter:card\" content=\"summary_large_image\" \/>\n<meta name=\"twitter:label1\" content=\"Est. reading time\" \/>\n\t<meta name=\"twitter:data1\" content=\"1 minute\" \/>\n<script type=\"application\/ld+json\" class=\"yoast-schema-graph\">{\"@context\":\"https:\\\/\\\/schema.org\",\"@graph\":[{\"@type\":\"WebPage\",\"@id\":\"https:\\\/\\\/explorethenorth.nl\\\/fy\\\/lokaasjes-festivalwykein\\\/marielle-ceramics\\\/\",\"url\":\"https:\\\/\\\/explorethenorth.nl\\\/fy\\\/lokaasjes-festivalwykein\\\/marielle-ceramics\\\/\",\"name\":\"Marielle Ceramics - Explore the North\",\"isPartOf\":{\"@id\":\"https:\\\/\\\/explorethenorth.nl\\\/fy\\\/#website\"},\"primaryImageOfPage\":{\"@id\":\"https:\\\/\\\/explorethenorth.nl\\\/fy\\\/lokaasjes-festivalwykein\\\/marielle-ceramics\\\/#primaryimage\"},\"image\":{\"@id\":\"https:\\\/\\\/explorethenorth.nl\\\/fy\\\/lokaasjes-festivalwykein\\\/marielle-ceramics\\\/#primaryimage\"},\"thumbnailUrl\":\"https:\\\/\\\/explorethenorth.nl\\\/wp-content\\\/uploads\\\/2025\\\/11\\\/2025-05-05.jpg\",\"datePublished\":\"2025-11-05T15:35:41+00:00\",\"dateModified\":\"2025-11-20T15:32:03+00:00\",\"breadcrumb\":{\"@id\":\"https:\\\/\\\/explorethenorth.nl\\\/fy\\\/lokaasjes-festivalwykein\\\/marielle-ceramics\\\/#breadcrumb\"},\"inLanguage\":\"fy-NL\",\"potentialAction\":[{\"@type\":\"ReadAction\",\"target\":[\"https:\\\/\\\/explorethenorth.nl\\\/fy\\\/lokaasjes-festivalwykein\\\/marielle-ceramics\\\/\"]}]},{\"@type\":\"ImageObject\",\"inLanguage\":\"fy-NL\",\"@id\":\"https:\\\/\\\/explorethenorth.nl\\\/fy\\\/lokaasjes-festivalwykein\\\/marielle-ceramics\\\/#primaryimage\",\"url\":\"https:\\\/\\\/explorethenorth.nl\\\/wp-content\\\/uploads\\\/2025\\\/11\\\/2025-05-05.jpg\",\"contentUrl\":\"https:\\\/\\\/explorethenorth.nl\\\/wp-content\\\/uploads\\\/2025\\\/11\\\/2025-05-05.jpg\",\"width\":765,\"height\":1020},{\"@type\":\"BreadcrumbList\",\"@id\":\"https:\\\/\\\/explorethenorth.nl\\\/fy\\\/lokaasjes-festivalwykein\\\/marielle-ceramics\\\/#breadcrumb\",\"itemListElement\":[{\"@type\":\"ListItem\",\"position\":1,\"name\":\"Home\",\"item\":\"https:\\\/\\\/explorethenorth.nl\\\/fy\\\/\"},{\"@type\":\"ListItem\",\"position\":2,\"name\":\"Marielle Ceramics\"}]},{\"@type\":\"WebSite\",\"@id\":\"https:\\\/\\\/explorethenorth.nl\\\/fy\\\/#website\",\"url\":\"https:\\\/\\\/explorethenorth.nl\\\/fy\\\/\",\"name\":\"Explore the North\",\"description\":\"\",\"publisher\":{\"@id\":\"https:\\\/\\\/explorethenorth.nl\\\/fy\\\/#organization\"},\"potentialAction\":[{\"@type\":\"SearchAction\",\"target\":{\"@type\":\"EntryPoint\",\"urlTemplate\":\"https:\\\/\\\/explorethenorth.nl\\\/fy\\\/?s={search_term_string}\"},\"query-input\":{\"@type\":\"PropertyValueSpecification\",\"valueRequired\":true,\"valueName\":\"search_term_string\"}}],\"inLanguage\":\"fy-NL\"},{\"@type\":\"Organization\",\"@id\":\"https:\\\/\\\/explorethenorth.nl\\\/fy\\\/#organization\",\"name\":\"Explore the North\",\"url\":\"https:\\\/\\\/explorethenorth.nl\\\/fy\\\/\",\"logo\":{\"@type\":\"ImageObject\",\"inLanguage\":\"fy-NL\",\"@id\":\"https:\\\/\\\/explorethenorth.nl\\\/fy\\\/#\\\/schema\\\/logo\\\/image\\\/\",\"url\":\"https:\\\/\\\/explorethenorth.nl\\\/wp-content\\\/uploads\\\/2024\\\/06\\\/explore_the-north.jpg\",\"contentUrl\":\"https:\\\/\\\/explorethenorth.nl\\\/wp-content\\\/uploads\\\/2024\\\/06\\\/explore_the-north.jpg\",\"width\":1200,\"height\":675,\"caption\":\"Explore the North\"},\"image\":{\"@id\":\"https:\\\/\\\/explorethenorth.nl\\\/fy\\\/#\\\/schema\\\/logo\\\/image\\\/\"}}]}<\/script>\n<!-- \/ Yoast SEO plugin. -->","yoast_head_json":{"title":"Marielle Ceramics - Explore the North","robots":{"index":"index","follow":"follow","max-snippet":"max-snippet:-1","max-image-preview":"max-image-preview:large","max-video-preview":"max-video-preview:-1"},"canonical":"https:\/\/explorethenorth.nl\/fy\/lokaasjes-festivalwykein\/marielle-ceramics\/","og_locale":"fy_NL","og_type":"article","og_title":"Marielle Ceramics - Explore the North","og_description":"In keramykstudio yn it histoaryske sintrum fan Ljouwert, f\u00eastige yn in prachtich \u00e2ld stedsgebou. Hjir fynst unike, h\u00e2nmakke wurken en...","og_url":"https:\/\/explorethenorth.nl\/fy\/lokaasjes-festivalwykein\/marielle-ceramics\/","og_site_name":"Explore the North","article_modified_time":"2025-11-20T15:32:03+00:00","og_image":[{"width":765,"height":1020,"url":"https:\/\/explorethenorth.nl\/wp-content\/uploads\/2025\/11\/2025-05-05.jpg","type":"image\/jpeg"}],"twitter_card":"summary_large_image","twitter_misc":{"Est. reading time":"1 minute"},"schema":{"@context":"https:\/\/schema.org","@graph":[{"@type":"WebPage","@id":"https:\/\/explorethenorth.nl\/fy\/lokaasjes-festivalwykein\/marielle-ceramics\/","url":"https:\/\/explorethenorth.nl\/fy\/lokaasjes-festivalwykein\/marielle-ceramics\/","name":"Marielle Ceramics - Explore the North","isPartOf":{"@id":"https:\/\/explorethenorth.nl\/fy\/#website"},"primaryImageOfPage":{"@id":"https:\/\/explorethenorth.nl\/fy\/lokaasjes-festivalwykein\/marielle-ceramics\/#primaryimage"},"image":{"@id":"https:\/\/explorethenorth.nl\/fy\/lokaasjes-festivalwykein\/marielle-ceramics\/#primaryimage"},"thumbnailUrl":"https:\/\/explorethenorth.nl\/wp-content\/uploads\/2025\/11\/2025-05-05.jpg","datePublished":"2025-11-05T15:35:41+00:00","dateModified":"2025-11-20T15:32:03+00:00","breadcrumb":{"@id":"https:\/\/explorethenorth.nl\/fy\/lokaasjes-festivalwykein\/marielle-ceramics\/#breadcrumb"},"inLanguage":"fy-NL","potentialAction":[{"@type":"ReadAction","target":["https:\/\/explorethenorth.nl\/fy\/lokaasjes-festivalwykein\/marielle-ceramics\/"]}]},{"@type":"ImageObject","inLanguage":"fy-NL","@id":"https:\/\/explorethenorth.nl\/fy\/lokaasjes-festivalwykein\/marielle-ceramics\/#primaryimage","url":"https:\/\/explorethenorth.nl\/wp-content\/uploads\/2025\/11\/2025-05-05.jpg","contentUrl":"https:\/\/explorethenorth.nl\/wp-content\/uploads\/2025\/11\/2025-05-05.jpg","width":765,"height":1020},{"@type":"BreadcrumbList","@id":"https:\/\/explorethenorth.nl\/fy\/lokaasjes-festivalwykein\/marielle-ceramics\/#breadcrumb","itemListElement":[{"@type":"ListItem","position":1,"name":"Home","item":"https:\/\/explorethenorth.nl\/fy\/"},{"@type":"ListItem","position":2,"name":"Marielle Ceramics"}]},{"@type":"WebSite","@id":"https:\/\/explorethenorth.nl\/fy\/#website","url":"https:\/\/explorethenorth.nl\/fy\/","name":"Explore the North","description":"","publisher":{"@id":"https:\/\/explorethenorth.nl\/fy\/#organization"},"potentialAction":[{"@type":"SearchAction","target":{"@type":"EntryPoint","urlTemplate":"https:\/\/explorethenorth.nl\/fy\/?s={search_term_string}"},"query-input":{"@type":"PropertyValueSpecification","valueRequired":true,"valueName":"search_term_string"}}],"inLanguage":"fy-NL"},{"@type":"Organization","@id":"https:\/\/explorethenorth.nl\/fy\/#organization","name":"Explore the North","url":"https:\/\/explorethenorth.nl\/fy\/","logo":{"@type":"ImageObject","inLanguage":"fy-NL","@id":"https:\/\/explorethenorth.nl\/fy\/#\/schema\/logo\/image\/","url":"https:\/\/explorethenorth.nl\/wp-content\/uploads\/2024\/06\/explore_the-north.jpg","contentUrl":"https:\/\/explorethenorth.nl\/wp-content\/uploads\/2024\/06\/explore_the-north.jpg","width":1200,"height":675,"caption":"Explore the North"},"image":{"@id":"https:\/\/explorethenorth.nl\/fy\/#\/schema\/logo\/image\/"}}]}},"_links":{"self":[{"href":"https:\/\/explorethenorth.nl\/fy\/wp-json\/wp\/v2\/pages\/15762","targetHints":{"allow":["GET"]}}],"collection":[{"href":"https:\/\/explorethenorth.nl\/fy\/wp-json\/wp\/v2\/pages"}],"about":[{"href":"https:\/\/explorethenorth.nl\/fy\/wp-json\/wp\/v2\/types\/page"}],"author":[{"embeddable":true,"href":"https:\/\/explorethenorth.nl\/fy\/wp-json\/wp\/v2\/users\/4"}],"replies":[{"embeddable":true,"href":"https:\/\/explorethenorth.nl\/fy\/wp-json\/wp\/v2\/comments?post=15762"}],"version-history":[{"count":1,"href":"https:\/\/explorethenorth.nl\/fy\/wp-json\/wp\/v2\/pages\/15762\/revisions"}],"predecessor-version":[{"id":15763,"href":"https:\/\/explorethenorth.nl\/fy\/wp-json\/wp\/v2\/pages\/15762\/revisions\/15763"}],"up":[{"embeddable":true,"href":"https:\/\/explorethenorth.nl\/fy\/wp-json\/wp\/v2\/pages\/13758"}],"wp:featuredmedia":[{"embeddable":true,"href":"https:\/\/explorethenorth.nl\/fy\/wp-json\/wp\/v2\/media\/15092"}],"wp:attachment":[{"href":"https:\/\/explorethenorth.nl\/fy\/wp-json\/wp\/v2\/media?parent=15762"}],"wp:term":[{"taxonomy":"year","embeddable":true,"href":"https:\/\/explorethenorth.nl\/fy\/wp-json\/wp\/v2\/year?post=15762"}],"curies":[{"name":"wp","href":"https:\/\/api.w.org\/{rel}","templated":true}]}}