{"id":13758,"date":"2024-10-31T14:59:26","date_gmt":"2024-10-31T13:59:26","guid":{"rendered":"https:\/\/explorethenorth.nl\/?page_id=13758"},"modified":"2025-10-15T14:46:34","modified_gmt":"2025-10-15T12:46:34","slug":"lokaasjes-festivalwykein","status":"publish","type":"page","link":"https:\/\/explorethenorth.nl\/fy\/lokaasjes-festivalwykein\/","title":{"rendered":"Lokaasjes festivalwykein"},"content":{"rendered":"\n<p><strong><strong>Ferdwale yn it hert fan Ljouwert<\/strong><\/strong><\/p>\n\n\n\n<p>Explore the North soe Explore the North net w\u00eaze, as we dy net elke festivaledysje l\u00e2ns \u00fbnbekuiere paden navigearje. Rekkenje mar datst ek dit jier yn hertsje Ljouwert wer ferdwale silst, op in goeie wieze, fansels. By in eardere finzenis, in in kr\u00fbdeierswinkeltsje, waarm ferljochte tsjerken en mear. Dit binne de earste lokaasjes fan \u00fas festivalwykein op 21, 22 en 23 novimber. Der komme gau noch in pear by!<\/p>\n\n\n<div class=\"block-event-column block-event-column--25 \">\n\t\n\n<div class=\"wp-block-columns is-layout-flex wp-container-core-columns-is-layout-9d6595d7 wp-block-columns-is-layout-flex\">\n<div class=\"wp-block-column is-layout-flow wp-block-column-is-layout-flow\">\n<figure class=\"wp-block-image\"><a href=\"https:\/\/explorethenorth.nl\/neushoorn\/\"><img loading=\"lazy\" decoding=\"async\" width=\"1920\" height=\"1280\" src=\"https:\/\/explorethenorth.nl\/wp-content\/uploads\/2024\/10\/53358019085_5dfbfa6011_k-1920x1280.jpg\" alt=\"\" class=\"wp-image-6367\" srcset=\"https:\/\/explorethenorth.nl\/wp-content\/uploads\/2024\/10\/53358019085_5dfbfa6011_k-1920x1280.jpg 1920w, https:\/\/explorethenorth.nl\/wp-content\/uploads\/2024\/10\/53358019085_5dfbfa6011_k-1200x800.jpg 1200w, https:\/\/explorethenorth.nl\/wp-content\/uploads\/2024\/10\/53358019085_5dfbfa6011_k-768x512.jpg 768w, https:\/\/explorethenorth.nl\/wp-content\/uploads\/2024\/10\/53358019085_5dfbfa6011_k-1536x1024.jpg 1536w, https:\/\/explorethenorth.nl\/wp-content\/uploads\/2024\/10\/53358019085_5dfbfa6011_k.jpg 2048w\" sizes=\"auto, (max-width: 1920px) 100vw, 1920px\" \/><\/a><\/figure>\n\n\n\n<p><a href=\"https:\/\/explorethenorth.nl\/neushoorn\/\"><strong>Neushoorn<\/strong><\/a><\/p>\n<\/div>\n\n\n\n<div class=\"wp-block-column is-layout-flow wp-block-column-is-layout-flow\">\n<figure class=\"wp-block-image size-large\"><img loading=\"lazy\" decoding=\"async\" width=\"1920\" height=\"1280\" src=\"https:\/\/explorethenorth.nl\/wp-content\/uploads\/2024\/06\/53357587461_fd3474d671_k-1920x1280.jpg\" alt=\"\" class=\"wp-image-2419\" style=\"aspect-ratio:3\/2;object-fit:cover\" srcset=\"https:\/\/explorethenorth.nl\/wp-content\/uploads\/2024\/06\/53357587461_fd3474d671_k-1920x1280.jpg 1920w, https:\/\/explorethenorth.nl\/wp-content\/uploads\/2024\/06\/53357587461_fd3474d671_k-1200x800.jpg 1200w, https:\/\/explorethenorth.nl\/wp-content\/uploads\/2024\/06\/53357587461_fd3474d671_k-768x512.jpg 768w, https:\/\/explorethenorth.nl\/wp-content\/uploads\/2024\/06\/53357587461_fd3474d671_k-1536x1024.jpg 1536w, https:\/\/explorethenorth.nl\/wp-content\/uploads\/2024\/06\/53357587461_fd3474d671_k.jpg 2048w\" sizes=\"auto, (max-width: 1920px) 100vw, 1920px\" \/><\/figure>\n\n\n\n<p><strong>De Grote Kerk<\/strong><\/p>\n<\/div>\n\n\n\n<div class=\"wp-block-column is-layout-flow wp-block-column-is-layout-flow\">\n<figure class=\"wp-block-image size-large\"><img loading=\"lazy\" decoding=\"async\" width=\"1920\" height=\"1282\" src=\"https:\/\/explorethenorth.nl\/wp-content\/uploads\/2025\/10\/26914078499_265bf585f0_k-1920x1282.jpg\" alt=\"\" class=\"wp-image-13183\" srcset=\"https:\/\/explorethenorth.nl\/wp-content\/uploads\/2025\/10\/26914078499_265bf585f0_k-1920x1282.jpg 1920w, https:\/\/explorethenorth.nl\/wp-content\/uploads\/2025\/10\/26914078499_265bf585f0_k-1200x801.jpg 1200w, https:\/\/explorethenorth.nl\/wp-content\/uploads\/2025\/10\/26914078499_265bf585f0_k-768x513.jpg 768w, https:\/\/explorethenorth.nl\/wp-content\/uploads\/2025\/10\/26914078499_265bf585f0_k-1536x1025.jpg 1536w, https:\/\/explorethenorth.nl\/wp-content\/uploads\/2025\/10\/26914078499_265bf585f0_k.jpg 2048w\" sizes=\"auto, (max-width: 1920px) 100vw, 1920px\" \/><\/figure>\n\n\n\n<p><strong>Beatriks<\/strong><\/p>\n<\/div>\n\n\n\n<div class=\"wp-block-column is-layout-flow wp-block-column-is-layout-flow\">\n<figure class=\"wp-block-image size-large\"><img loading=\"lazy\" decoding=\"async\" width=\"1920\" height=\"1280\" src=\"https:\/\/explorethenorth.nl\/wp-content\/uploads\/2025\/10\/24783842668_45d7c2784d_k-1920x1280.jpg\" alt=\"\" class=\"wp-image-13178\" style=\"aspect-ratio:3\/2;object-fit:cover\" srcset=\"https:\/\/explorethenorth.nl\/wp-content\/uploads\/2025\/10\/24783842668_45d7c2784d_k-1920x1280.jpg 1920w, https:\/\/explorethenorth.nl\/wp-content\/uploads\/2025\/10\/24783842668_45d7c2784d_k-1200x800.jpg 1200w, https:\/\/explorethenorth.nl\/wp-content\/uploads\/2025\/10\/24783842668_45d7c2784d_k-768x512.jpg 768w, https:\/\/explorethenorth.nl\/wp-content\/uploads\/2025\/10\/24783842668_45d7c2784d_k-1536x1024.jpg 1536w, https:\/\/explorethenorth.nl\/wp-content\/uploads\/2025\/10\/24783842668_45d7c2784d_k.jpg 2048w\" sizes=\"auto, (max-width: 1920px) 100vw, 1920px\" \/><\/figure>\n\n\n\n<p><strong>De Lutherse Kerk<\/strong><\/p>\n<\/div>\n<\/div>\n\n\n<\/div>\n\n<div class=\"wp-block-whitespace large\" aria-hidden=\"true\"><\/div>\n\n<div class=\"block-event-column block-event-column--25 \">\n\t\n\n<div class=\"wp-block-columns is-layout-flex wp-container-core-columns-is-layout-9d6595d7 wp-block-columns-is-layout-flex\">\n<div class=\"wp-block-column is-layout-flow wp-block-column-is-layout-flow\">\n<figure class=\"wp-block-image size-large\"><a href=\"https:\/\/explorethenorth.nl\/podium-explore-festivalweekend\/\"><img loading=\"lazy\" decoding=\"async\" width=\"1920\" height=\"1280\" src=\"https:\/\/explorethenorth.nl\/wp-content\/uploads\/2024\/10\/52721414809_2a7ebd1ff7_k1-1920x1280.jpg\" alt=\"\" class=\"wp-image-6415\" style=\"aspect-ratio:3\/2;object-fit:cover\" srcset=\"https:\/\/explorethenorth.nl\/wp-content\/uploads\/2024\/10\/52721414809_2a7ebd1ff7_k1-1920x1280.jpg 1920w, https:\/\/explorethenorth.nl\/wp-content\/uploads\/2024\/10\/52721414809_2a7ebd1ff7_k1-1200x800.jpg 1200w, https:\/\/explorethenorth.nl\/wp-content\/uploads\/2024\/10\/52721414809_2a7ebd1ff7_k1-768x512.jpg 768w, https:\/\/explorethenorth.nl\/wp-content\/uploads\/2024\/10\/52721414809_2a7ebd1ff7_k1-1536x1024.jpg 1536w, https:\/\/explorethenorth.nl\/wp-content\/uploads\/2024\/10\/52721414809_2a7ebd1ff7_k1.jpg 2048w\" sizes=\"auto, (max-width: 1920px) 100vw, 1920px\" \/><\/a><\/figure>\n\n\n\n<p><strong><a href=\"https:\/\/explorethenorth.nl\/podium-explore-festivalweekend\/\">Podium Explore<\/a><\/strong><\/p>\n<\/div>\n\n\n\n<div class=\"wp-block-column is-layout-flow wp-block-column-is-layout-flow\">\n<figure class=\"wp-block-image size-large\"><a href=\"https:\/\/explorethenorth.nl\/de-harmonie\/\"><img loading=\"lazy\" decoding=\"async\" width=\"1920\" height=\"1212\" src=\"https:\/\/explorethenorth.nl\/wp-content\/uploads\/2024\/10\/52429332485_c3c2ac550a_k-1920x1212.jpg\" alt=\"\" class=\"wp-image-6388\" style=\"aspect-ratio:3\/2;object-fit:cover\" srcset=\"https:\/\/explorethenorth.nl\/wp-content\/uploads\/2024\/10\/52429332485_c3c2ac550a_k-1920x1212.jpg 1920w, https:\/\/explorethenorth.nl\/wp-content\/uploads\/2024\/10\/52429332485_c3c2ac550a_k-1200x758.jpg 1200w, https:\/\/explorethenorth.nl\/wp-content\/uploads\/2024\/10\/52429332485_c3c2ac550a_k-768x485.jpg 768w, https:\/\/explorethenorth.nl\/wp-content\/uploads\/2024\/10\/52429332485_c3c2ac550a_k-1536x970.jpg 1536w, https:\/\/explorethenorth.nl\/wp-content\/uploads\/2024\/10\/52429332485_c3c2ac550a_k.jpg 2048w\" sizes=\"auto, (max-width: 1920px) 100vw, 1920px\" \/><\/a><\/figure>\n\n\n\n<p><strong><a href=\"https:\/\/explorethenorth.nl\/de-harmonie\/\">De Harmonie<\/a><\/strong><\/p>\n<\/div>\n\n\n\n<div class=\"wp-block-column is-layout-flow wp-block-column-is-layout-flow\">\n<figure class=\"wp-block-image size-large\"><img loading=\"lazy\" decoding=\"async\" width=\"1281\" height=\"1920\" src=\"https:\/\/explorethenorth.nl\/wp-content\/uploads\/2025\/10\/Blokshuispoort_Beatriks-Marc-de-Fotograaf-2-1281x1920.jpg\" alt=\"\" class=\"wp-image-13397\" style=\"aspect-ratio:3\/2;object-fit:cover\" srcset=\"https:\/\/explorethenorth.nl\/wp-content\/uploads\/2025\/10\/Blokshuispoort_Beatriks-Marc-de-Fotograaf-2-1281x1920.jpg 1281w, https:\/\/explorethenorth.nl\/wp-content\/uploads\/2025\/10\/Blokshuispoort_Beatriks-Marc-de-Fotograaf-2-801x1200.jpg 801w, https:\/\/explorethenorth.nl\/wp-content\/uploads\/2025\/10\/Blokshuispoort_Beatriks-Marc-de-Fotograaf-2-768x1151.jpg 768w, https:\/\/explorethenorth.nl\/wp-content\/uploads\/2025\/10\/Blokshuispoort_Beatriks-Marc-de-Fotograaf-2-1025x1536.jpg 1025w, https:\/\/explorethenorth.nl\/wp-content\/uploads\/2025\/10\/Blokshuispoort_Beatriks-Marc-de-Fotograaf-2.jpg 1300w\" sizes=\"auto, (max-width: 1281px) 100vw, 1281px\" \/><\/figure>\n\n\n\n<p><strong>Ivgi&amp;Greben<\/strong><\/p>\n<\/div>\n\n\n\n<div class=\"wp-block-column is-layout-flow wp-block-column-is-layout-flow\">\n<figure class=\"wp-block-image size-full\"><img loading=\"lazy\" decoding=\"async\" width=\"1024\" height=\"689\" src=\"https:\/\/explorethenorth.nl\/wp-content\/uploads\/2025\/10\/voorgevel1.jpg\" alt=\"\" class=\"wp-image-13189\" srcset=\"https:\/\/explorethenorth.nl\/wp-content\/uploads\/2025\/10\/voorgevel1.jpg 1024w, https:\/\/explorethenorth.nl\/wp-content\/uploads\/2025\/10\/voorgevel1-768x517.jpg 768w\" sizes=\"auto, (max-width: 1024px) 100vw, 1024px\" \/><\/figure>\n\n\n\n<p><strong>De Grutterswinkel<\/strong><\/p>\n<\/div>\n<\/div>\n\n\n<\/div>\n\n<div class=\"wp-block-whitespace medium\" aria-hidden=\"true\"><\/div>\n\n\n<p><\/p>\n","protected":false},"excerpt":{"rendered":"<p>Ferdwale yn it hert fan Ljouwert Explore the North soe Explore the North net w\u00eaze, as we dy net elke&#8230;<\/p>\n","protected":false},"author":4,"featured_media":0,"parent":0,"menu_order":147,"comment_status":"closed","ping_status":"closed","template":"","meta":{"_acf_changed":false,"inline_featured_image":false,"footnotes":""},"year":[],"class_list":["post-13758","page","type-page","status-publish","hentry"],"acf":[],"yoast_head":"<!-- This site is optimized with the Yoast SEO plugin v27.4 - https:\/\/yoast.com\/product\/yoast-seo-wordpress\/ -->\n<title>Lokaasjes festivalwykein - Explore the North<\/title>\n<meta name=\"robots\" content=\"index, follow, max-snippet:-1, max-image-preview:large, max-video-preview:-1\" \/>\n<link rel=\"canonical\" href=\"https:\/\/explorethenorth.nl\/fy\/lokaasjes-festivalwykein\/\" \/>\n<meta property=\"og:locale\" content=\"fy_NL\" \/>\n<meta property=\"og:type\" content=\"article\" \/>\n<meta property=\"og:title\" content=\"Lokaasjes festivalwykein - Explore the North\" \/>\n<meta property=\"og:description\" content=\"Ferdwale yn it hert fan Ljouwert Explore the North soe Explore the North net w\u00eaze, as we dy net elke...\" \/>\n<meta property=\"og:url\" content=\"https:\/\/explorethenorth.nl\/fy\/lokaasjes-festivalwykein\/\" \/>\n<meta property=\"og:site_name\" content=\"Explore the North\" \/>\n<meta property=\"article:modified_time\" content=\"2025-10-15T12:46:34+00:00\" \/>\n<meta property=\"og:image\" content=\"https:\/\/explorethenorth.nl\/wp-content\/uploads\/2024\/10\/53358019085_5dfbfa6011_k.jpg\" \/>\n\t<meta property=\"og:image:width\" content=\"2048\" \/>\n\t<meta property=\"og:image:height\" content=\"1365\" \/>\n\t<meta property=\"og:image:type\" content=\"image\/jpeg\" \/>\n<meta name=\"twitter:card\" content=\"summary_large_image\" \/>\n<meta name=\"twitter:label1\" content=\"Est. reading time\" \/>\n\t<meta name=\"twitter:data1\" content=\"3 minutes\" \/>\n<script type=\"application\/ld+json\" class=\"yoast-schema-graph\">{\"@context\":\"https:\\\/\\\/schema.org\",\"@graph\":[{\"@type\":\"WebPage\",\"@id\":\"https:\\\/\\\/explorethenorth.nl\\\/fy\\\/lokaasjes-festivalwykein\\\/\",\"url\":\"https:\\\/\\\/explorethenorth.nl\\\/fy\\\/lokaasjes-festivalwykein\\\/\",\"name\":\"Lokaasjes festivalwykein - Explore the North\",\"isPartOf\":{\"@id\":\"https:\\\/\\\/explorethenorth.nl\\\/fy\\\/#website\"},\"primaryImageOfPage\":{\"@id\":\"https:\\\/\\\/explorethenorth.nl\\\/fy\\\/lokaasjes-festivalwykein\\\/#primaryimage\"},\"image\":{\"@id\":\"https:\\\/\\\/explorethenorth.nl\\\/fy\\\/lokaasjes-festivalwykein\\\/#primaryimage\"},\"thumbnailUrl\":\"https:\\\/\\\/explorethenorth.nl\\\/wp-content\\\/uploads\\\/2024\\\/10\\\/53358019085_5dfbfa6011_k-1920x1280.jpg\",\"datePublished\":\"2024-10-31T13:59:26+00:00\",\"dateModified\":\"2025-10-15T12:46:34+00:00\",\"breadcrumb\":{\"@id\":\"https:\\\/\\\/explorethenorth.nl\\\/fy\\\/lokaasjes-festivalwykein\\\/#breadcrumb\"},\"inLanguage\":\"fy-NL\",\"potentialAction\":[{\"@type\":\"ReadAction\",\"target\":[\"https:\\\/\\\/explorethenorth.nl\\\/fy\\\/lokaasjes-festivalwykein\\\/\"]}]},{\"@type\":\"ImageObject\",\"inLanguage\":\"fy-NL\",\"@id\":\"https:\\\/\\\/explorethenorth.nl\\\/fy\\\/lokaasjes-festivalwykein\\\/#primaryimage\",\"url\":\"https:\\\/\\\/explorethenorth.nl\\\/wp-content\\\/uploads\\\/2024\\\/10\\\/53358019085_5dfbfa6011_k-1920x1280.jpg\",\"contentUrl\":\"https:\\\/\\\/explorethenorth.nl\\\/wp-content\\\/uploads\\\/2024\\\/10\\\/53358019085_5dfbfa6011_k-1920x1280.jpg\"},{\"@type\":\"BreadcrumbList\",\"@id\":\"https:\\\/\\\/explorethenorth.nl\\\/fy\\\/lokaasjes-festivalwykein\\\/#breadcrumb\",\"itemListElement\":[{\"@type\":\"ListItem\",\"position\":1,\"name\":\"Home\",\"item\":\"https:\\\/\\\/explorethenorth.nl\\\/fy\\\/\"},{\"@type\":\"ListItem\",\"position\":2,\"name\":\"Lokaasjes festivalwykein\"}]},{\"@type\":\"WebSite\",\"@id\":\"https:\\\/\\\/explorethenorth.nl\\\/fy\\\/#website\",\"url\":\"https:\\\/\\\/explorethenorth.nl\\\/fy\\\/\",\"name\":\"Explore the North\",\"description\":\"\",\"publisher\":{\"@id\":\"https:\\\/\\\/explorethenorth.nl\\\/fy\\\/#organization\"},\"potentialAction\":[{\"@type\":\"SearchAction\",\"target\":{\"@type\":\"EntryPoint\",\"urlTemplate\":\"https:\\\/\\\/explorethenorth.nl\\\/fy\\\/?s={search_term_string}\"},\"query-input\":{\"@type\":\"PropertyValueSpecification\",\"valueRequired\":true,\"valueName\":\"search_term_string\"}}],\"inLanguage\":\"fy-NL\"},{\"@type\":\"Organization\",\"@id\":\"https:\\\/\\\/explorethenorth.nl\\\/fy\\\/#organization\",\"name\":\"Explore the North\",\"url\":\"https:\\\/\\\/explorethenorth.nl\\\/fy\\\/\",\"logo\":{\"@type\":\"ImageObject\",\"inLanguage\":\"fy-NL\",\"@id\":\"https:\\\/\\\/explorethenorth.nl\\\/fy\\\/#\\\/schema\\\/logo\\\/image\\\/\",\"url\":\"https:\\\/\\\/explorethenorth.nl\\\/wp-content\\\/uploads\\\/2024\\\/06\\\/explore_the-north.jpg\",\"contentUrl\":\"https:\\\/\\\/explorethenorth.nl\\\/wp-content\\\/uploads\\\/2024\\\/06\\\/explore_the-north.jpg\",\"width\":1200,\"height\":675,\"caption\":\"Explore the North\"},\"image\":{\"@id\":\"https:\\\/\\\/explorethenorth.nl\\\/fy\\\/#\\\/schema\\\/logo\\\/image\\\/\"}}]}<\/script>\n<!-- \/ Yoast SEO plugin. -->","yoast_head_json":{"title":"Lokaasjes festivalwykein - Explore the North","robots":{"index":"index","follow":"follow","max-snippet":"max-snippet:-1","max-image-preview":"max-image-preview:large","max-video-preview":"max-video-preview:-1"},"canonical":"https:\/\/explorethenorth.nl\/fy\/lokaasjes-festivalwykein\/","og_locale":"fy_NL","og_type":"article","og_title":"Lokaasjes festivalwykein - Explore the North","og_description":"Ferdwale yn it hert fan Ljouwert Explore the North soe Explore the North net w\u00eaze, as we dy net elke...","og_url":"https:\/\/explorethenorth.nl\/fy\/lokaasjes-festivalwykein\/","og_site_name":"Explore the North","article_modified_time":"2025-10-15T12:46:34+00:00","og_image":[{"width":2048,"height":1365,"url":"https:\/\/explorethenorth.nl\/wp-content\/uploads\/2024\/10\/53358019085_5dfbfa6011_k.jpg","type":"image\/jpeg"}],"twitter_card":"summary_large_image","twitter_misc":{"Est. reading time":"3 minutes"},"schema":{"@context":"https:\/\/schema.org","@graph":[{"@type":"WebPage","@id":"https:\/\/explorethenorth.nl\/fy\/lokaasjes-festivalwykein\/","url":"https:\/\/explorethenorth.nl\/fy\/lokaasjes-festivalwykein\/","name":"Lokaasjes festivalwykein - Explore the North","isPartOf":{"@id":"https:\/\/explorethenorth.nl\/fy\/#website"},"primaryImageOfPage":{"@id":"https:\/\/explorethenorth.nl\/fy\/lokaasjes-festivalwykein\/#primaryimage"},"image":{"@id":"https:\/\/explorethenorth.nl\/fy\/lokaasjes-festivalwykein\/#primaryimage"},"thumbnailUrl":"https:\/\/explorethenorth.nl\/wp-content\/uploads\/2024\/10\/53358019085_5dfbfa6011_k-1920x1280.jpg","datePublished":"2024-10-31T13:59:26+00:00","dateModified":"2025-10-15T12:46:34+00:00","breadcrumb":{"@id":"https:\/\/explorethenorth.nl\/fy\/lokaasjes-festivalwykein\/#breadcrumb"},"inLanguage":"fy-NL","potentialAction":[{"@type":"ReadAction","target":["https:\/\/explorethenorth.nl\/fy\/lokaasjes-festivalwykein\/"]}]},{"@type":"ImageObject","inLanguage":"fy-NL","@id":"https:\/\/explorethenorth.nl\/fy\/lokaasjes-festivalwykein\/#primaryimage","url":"https:\/\/explorethenorth.nl\/wp-content\/uploads\/2024\/10\/53358019085_5dfbfa6011_k-1920x1280.jpg","contentUrl":"https:\/\/explorethenorth.nl\/wp-content\/uploads\/2024\/10\/53358019085_5dfbfa6011_k-1920x1280.jpg"},{"@type":"BreadcrumbList","@id":"https:\/\/explorethenorth.nl\/fy\/lokaasjes-festivalwykein\/#breadcrumb","itemListElement":[{"@type":"ListItem","position":1,"name":"Home","item":"https:\/\/explorethenorth.nl\/fy\/"},{"@type":"ListItem","position":2,"name":"Lokaasjes festivalwykein"}]},{"@type":"WebSite","@id":"https:\/\/explorethenorth.nl\/fy\/#website","url":"https:\/\/explorethenorth.nl\/fy\/","name":"Explore the North","description":"","publisher":{"@id":"https:\/\/explorethenorth.nl\/fy\/#organization"},"potentialAction":[{"@type":"SearchAction","target":{"@type":"EntryPoint","urlTemplate":"https:\/\/explorethenorth.nl\/fy\/?s={search_term_string}"},"query-input":{"@type":"PropertyValueSpecification","valueRequired":true,"valueName":"search_term_string"}}],"inLanguage":"fy-NL"},{"@type":"Organization","@id":"https:\/\/explorethenorth.nl\/fy\/#organization","name":"Explore the North","url":"https:\/\/explorethenorth.nl\/fy\/","logo":{"@type":"ImageObject","inLanguage":"fy-NL","@id":"https:\/\/explorethenorth.nl\/fy\/#\/schema\/logo\/image\/","url":"https:\/\/explorethenorth.nl\/wp-content\/uploads\/2024\/06\/explore_the-north.jpg","contentUrl":"https:\/\/explorethenorth.nl\/wp-content\/uploads\/2024\/06\/explore_the-north.jpg","width":1200,"height":675,"caption":"Explore the North"},"image":{"@id":"https:\/\/explorethenorth.nl\/fy\/#\/schema\/logo\/image\/"}}]}},"_links":{"self":[{"href":"https:\/\/explorethenorth.nl\/fy\/wp-json\/wp\/v2\/pages\/13758","targetHints":{"allow":["GET"]}}],"collection":[{"href":"https:\/\/explorethenorth.nl\/fy\/wp-json\/wp\/v2\/pages"}],"about":[{"href":"https:\/\/explorethenorth.nl\/fy\/wp-json\/wp\/v2\/types\/page"}],"author":[{"embeddable":true,"href":"https:\/\/explorethenorth.nl\/fy\/wp-json\/wp\/v2\/users\/4"}],"replies":[{"embeddable":true,"href":"https:\/\/explorethenorth.nl\/fy\/wp-json\/wp\/v2\/comments?post=13758"}],"version-history":[{"count":2,"href":"https:\/\/explorethenorth.nl\/fy\/wp-json\/wp\/v2\/pages\/13758\/revisions"}],"predecessor-version":[{"id":13763,"href":"https:\/\/explorethenorth.nl\/fy\/wp-json\/wp\/v2\/pages\/13758\/revisions\/13763"}],"wp:attachment":[{"href":"https:\/\/explorethenorth.nl\/fy\/wp-json\/wp\/v2\/media?parent=13758"}],"wp:term":[{"taxonomy":"year","embeddable":true,"href":"https:\/\/explorethenorth.nl\/fy\/wp-json\/wp\/v2\/year?post=13758"}],"curies":[{"name":"wp","href":"https:\/\/api.w.org\/{rel}","templated":true}]}}