{"id":11866,"date":"2025-05-30T10:30:05","date_gmt":"2025-05-30T08:30:05","guid":{"rendered":"https:\/\/explorethenorth.nl\/?page_id=11866"},"modified":"2025-12-10T16:04:13","modified_gmt":"2025-12-10T15:04:13","slug":"shift","status":"publish","type":"page","link":"https:\/\/explorethenorth.nl\/fy\/shift\/","title":{"rendered":"SHIFT"},"content":{"rendered":"<div class=\"block__introduction \">\n\t\n\n<p>By SHIFT komst om&#8217;tst witte wolst wat der spilet: yn dyn holle, yn &#8216;e wr\u00e2ld, mei de oar, mei dysels, op makro- en mikronivo. Foar nijsgjirrige tinkers en krityske dreamers.<\/p>\n\n\n<\/div>\n\n<div class=\"wp-block-whitespace small\" aria-hidden=\"true\"><\/div>\n\n\n<p><strong><strong>Ungepoleiste poadiumkeunsten: rau, earlik, aktueel en fersteurend.<\/strong><\/strong><\/p>\n\n\n\n<p>It hiele jier troch fynst hjir op wikseljende lokaasjes foarstellingen dy&#8217;tst sjoen hawwe moast, b\u00fbten de f\u00eastleine paden fan it teater. Fan spoken word oant postmoderne d\u00fbns. Fan teatraal pamflet oant po\u00ebtysk rekwiem. It binne foarstellingen fan jonge \u00e9n mear f\u00eastige makkers dy&#8217;t hjoeddeistige \u00fbnderwerpen oansnije en nei de takomst sjogge.<\/p>\n\n\n\n<p><em>SHIFT is een initiatief van Explore the North en Stadsschouwburg De Harmonie.<\/em><\/p>\n\n\n<div class=\"wp-block-whitespace medium\" aria-hidden=\"true\"><\/div>\n\n<div class=\"block-bgimage-fullwidth black no-repeat\" style=\"background-image: url('');\">\n\t<div class=\"block-bgcolor-fullwidth__content\">\n\t\t\n<div class=\"block-agenda block-agenda__page\">\n  <h2 class=\"block-agenda__title\" \">Agenda<\/h2>\n  <div class=\"agenda-listitem agenda-listitem--event\"   data-eventgroups=\"shift,podium-explore\"\n  data-project=\"\">\n  <div class=\"date\">30 Apr<\/div>\n  <figure class=\"image\">\n          <a href=\"https:\/\/explorethenorth.nl\/fy\/event\/shift-stefanie-claes-lucinda-ra-en-de-studio-ravensbruck\/\" title=\"SHIFT: \u00a0Stefanie Claes, Lucinda Ra en De Studio - Ravensbr\u00fcck\">\n        <img loading=\"lazy\" decoding=\"async\" width=\"1020\" height=\"525\" src=\"https:\/\/explorethenorth.nl\/wp-content\/uploads\/2025\/05\/ravensbruck1.jpg\" class=\"attachment-medium size-medium wp-post-image\" alt=\"\" srcset=\"https:\/\/explorethenorth.nl\/wp-content\/uploads\/2025\/05\/ravensbruck1.jpg 1020w, https:\/\/explorethenorth.nl\/wp-content\/uploads\/2025\/05\/ravensbruck1-768x395.jpg 768w\" sizes=\"auto, (max-width: 1020px) 100vw, 1020px\" \/>      <\/a>\n      <\/figure>\n  <div class=\"content\">\n    <div class=\"tags\">    <\/div>\n    <a href=\"https:\/\/explorethenorth.nl\/fy\/event\/shift-stefanie-claes-lucinda-ra-en-de-studio-ravensbruck\/\" title=\"SHIFT: \u00a0Stefanie Claes, Lucinda Ra en De Studio - Ravensbr\u00fcck\">\n      <h3>SHIFT: \u00a0Stefanie Claes, Lucinda Ra en De Studio &#8211; Ravensbr\u00fcck<\/h3>\n    <\/a>\n    <span class=\"location\">Podium Explore    <\/span>\n  <\/div>\n<\/div><div class=\"agenda-listitem agenda-listitem--event\"   data-eventgroups=\"shift,podium-explore\"\n  data-project=\"\">\n  <div class=\"date\">15 May<\/div>\n  <figure class=\"image\">\n          <a href=\"https:\/\/explorethenorth.nl\/fy\/event\/shift-louis-janssens-family\/\" title=\"SHIFT: Louis Janssens - Family\">\n        <img loading=\"lazy\" decoding=\"async\" width=\"1200\" height=\"874\" src=\"https:\/\/explorethenorth.nl\/wp-content\/uploads\/2025\/10\/FamilycSofieKnijff-1200x874.jpg\" class=\"attachment-medium size-medium wp-post-image\" alt=\"\" srcset=\"https:\/\/explorethenorth.nl\/wp-content\/uploads\/2025\/10\/FamilycSofieKnijff-1200x874.jpg 1200w, https:\/\/explorethenorth.nl\/wp-content\/uploads\/2025\/10\/FamilycSofieKnijff-768x560.jpg 768w, https:\/\/explorethenorth.nl\/wp-content\/uploads\/2025\/10\/FamilycSofieKnijff-1536x1119.jpg 1536w, https:\/\/explorethenorth.nl\/wp-content\/uploads\/2025\/10\/FamilycSofieKnijff.jpg 1772w\" sizes=\"auto, (max-width: 1200px) 100vw, 1200px\" \/>      <\/a>\n      <\/figure>\n  <div class=\"content\">\n    <div class=\"tags\">    <\/div>\n    <a href=\"https:\/\/explorethenorth.nl\/fy\/event\/shift-louis-janssens-family\/\" title=\"SHIFT: Louis Janssens - Family\">\n      <h3>SHIFT: Louis Janssens &#8211; Family<\/h3>\n    <\/a>\n    <span class=\"location\">Podium Explore    <\/span>\n  <\/div>\n<\/div><\/div>\n\n\t<\/div>\n<\/div>\n\n","protected":false},"excerpt":{"rendered":"<p>Ungepoleiste poadiumkeunsten: rau, earlik, aktueel en fersteurend. It hiele jier troch fynst hjir op wikseljende lokaasjes foarstellingen dy&#8217;tst sjoen hawwe&#8230;<\/p>\n","protected":false},"author":4,"featured_media":10629,"parent":0,"menu_order":85,"comment_status":"closed","ping_status":"closed","template":"template-event-group.php","meta":{"_acf_changed":false,"inline_featured_image":false,"footnotes":""},"year":[15],"class_list":["post-11866","page","type-page","status-publish","has-post-thumbnail","hentry"],"acf":[],"yoast_head":"<!-- This site is optimized with the Yoast SEO plugin v27.4 - https:\/\/yoast.com\/product\/yoast-seo-wordpress\/ -->\n<title>SHIFT - Explore the North<\/title>\n<meta name=\"robots\" content=\"index, follow, max-snippet:-1, max-image-preview:large, max-video-preview:-1\" \/>\n<link rel=\"canonical\" href=\"https:\/\/explorethenorth.nl\/fy\/shift\/\" \/>\n<meta property=\"og:locale\" content=\"fy_NL\" \/>\n<meta property=\"og:type\" content=\"article\" \/>\n<meta property=\"og:title\" content=\"SHIFT - Explore the North\" \/>\n<meta property=\"og:description\" content=\"Ungepoleiste poadiumkeunsten: rau, earlik, aktueel en fersteurend. It hiele jier troch fynst hjir op wikseljende lokaasjes foarstellingen dy&#8217;tst sjoen hawwe...\" \/>\n<meta property=\"og:url\" content=\"https:\/\/explorethenorth.nl\/fy\/shift\/\" \/>\n<meta property=\"og:site_name\" content=\"Explore the North\" \/>\n<meta property=\"article:modified_time\" content=\"2025-12-10T15:04:13+00:00\" \/>\n<meta property=\"og:image\" content=\"https:\/\/explorethenorth.nl\/wp-content\/uploads\/2025\/06\/headershiftwebsite-scaled.jpg\" \/>\n\t<meta property=\"og:image:width\" content=\"2560\" \/>\n\t<meta property=\"og:image:height\" content=\"948\" \/>\n\t<meta property=\"og:image:type\" content=\"image\/jpeg\" \/>\n<meta name=\"twitter:card\" content=\"summary_large_image\" \/>\n<meta name=\"twitter:label1\" content=\"Est. reading time\" \/>\n\t<meta name=\"twitter:data1\" content=\"1 minute\" \/>\n<script type=\"application\/ld+json\" class=\"yoast-schema-graph\">{\"@context\":\"https:\\\/\\\/schema.org\",\"@graph\":[{\"@type\":\"WebPage\",\"@id\":\"https:\\\/\\\/explorethenorth.nl\\\/fy\\\/shift\\\/\",\"url\":\"https:\\\/\\\/explorethenorth.nl\\\/fy\\\/shift\\\/\",\"name\":\"SHIFT - Explore the North\",\"isPartOf\":{\"@id\":\"https:\\\/\\\/explorethenorth.nl\\\/fy\\\/#website\"},\"primaryImageOfPage\":{\"@id\":\"https:\\\/\\\/explorethenorth.nl\\\/fy\\\/shift\\\/#primaryimage\"},\"image\":{\"@id\":\"https:\\\/\\\/explorethenorth.nl\\\/fy\\\/shift\\\/#primaryimage\"},\"thumbnailUrl\":\"https:\\\/\\\/explorethenorth.nl\\\/wp-content\\\/uploads\\\/2025\\\/06\\\/headershiftwebsite-scaled.jpg\",\"datePublished\":\"2025-05-30T08:30:05+00:00\",\"dateModified\":\"2025-12-10T15:04:13+00:00\",\"breadcrumb\":{\"@id\":\"https:\\\/\\\/explorethenorth.nl\\\/fy\\\/shift\\\/#breadcrumb\"},\"inLanguage\":\"fy-NL\",\"potentialAction\":[{\"@type\":\"ReadAction\",\"target\":[\"https:\\\/\\\/explorethenorth.nl\\\/fy\\\/shift\\\/\"]}]},{\"@type\":\"ImageObject\",\"inLanguage\":\"fy-NL\",\"@id\":\"https:\\\/\\\/explorethenorth.nl\\\/fy\\\/shift\\\/#primaryimage\",\"url\":\"https:\\\/\\\/explorethenorth.nl\\\/wp-content\\\/uploads\\\/2025\\\/06\\\/headershiftwebsite-scaled.jpg\",\"contentUrl\":\"https:\\\/\\\/explorethenorth.nl\\\/wp-content\\\/uploads\\\/2025\\\/06\\\/headershiftwebsite-scaled.jpg\",\"width\":2560,\"height\":948},{\"@type\":\"BreadcrumbList\",\"@id\":\"https:\\\/\\\/explorethenorth.nl\\\/fy\\\/shift\\\/#breadcrumb\",\"itemListElement\":[{\"@type\":\"ListItem\",\"position\":1,\"name\":\"Home\",\"item\":\"https:\\\/\\\/explorethenorth.nl\\\/fy\\\/\"},{\"@type\":\"ListItem\",\"position\":2,\"name\":\"SHIFT\"}]},{\"@type\":\"WebSite\",\"@id\":\"https:\\\/\\\/explorethenorth.nl\\\/fy\\\/#website\",\"url\":\"https:\\\/\\\/explorethenorth.nl\\\/fy\\\/\",\"name\":\"Explore the North\",\"description\":\"\",\"publisher\":{\"@id\":\"https:\\\/\\\/explorethenorth.nl\\\/fy\\\/#organization\"},\"potentialAction\":[{\"@type\":\"SearchAction\",\"target\":{\"@type\":\"EntryPoint\",\"urlTemplate\":\"https:\\\/\\\/explorethenorth.nl\\\/fy\\\/?s={search_term_string}\"},\"query-input\":{\"@type\":\"PropertyValueSpecification\",\"valueRequired\":true,\"valueName\":\"search_term_string\"}}],\"inLanguage\":\"fy-NL\"},{\"@type\":\"Organization\",\"@id\":\"https:\\\/\\\/explorethenorth.nl\\\/fy\\\/#organization\",\"name\":\"Explore the North\",\"url\":\"https:\\\/\\\/explorethenorth.nl\\\/fy\\\/\",\"logo\":{\"@type\":\"ImageObject\",\"inLanguage\":\"fy-NL\",\"@id\":\"https:\\\/\\\/explorethenorth.nl\\\/fy\\\/#\\\/schema\\\/logo\\\/image\\\/\",\"url\":\"https:\\\/\\\/explorethenorth.nl\\\/wp-content\\\/uploads\\\/2024\\\/06\\\/explore_the-north.jpg\",\"contentUrl\":\"https:\\\/\\\/explorethenorth.nl\\\/wp-content\\\/uploads\\\/2024\\\/06\\\/explore_the-north.jpg\",\"width\":1200,\"height\":675,\"caption\":\"Explore the North\"},\"image\":{\"@id\":\"https:\\\/\\\/explorethenorth.nl\\\/fy\\\/#\\\/schema\\\/logo\\\/image\\\/\"}}]}<\/script>\n<!-- \/ Yoast SEO plugin. -->","yoast_head_json":{"title":"SHIFT - Explore the North","robots":{"index":"index","follow":"follow","max-snippet":"max-snippet:-1","max-image-preview":"max-image-preview:large","max-video-preview":"max-video-preview:-1"},"canonical":"https:\/\/explorethenorth.nl\/fy\/shift\/","og_locale":"fy_NL","og_type":"article","og_title":"SHIFT - Explore the North","og_description":"Ungepoleiste poadiumkeunsten: rau, earlik, aktueel en fersteurend. It hiele jier troch fynst hjir op wikseljende lokaasjes foarstellingen dy&#8217;tst sjoen hawwe...","og_url":"https:\/\/explorethenorth.nl\/fy\/shift\/","og_site_name":"Explore the North","article_modified_time":"2025-12-10T15:04:13+00:00","og_image":[{"width":2560,"height":948,"url":"https:\/\/explorethenorth.nl\/wp-content\/uploads\/2025\/06\/headershiftwebsite-scaled.jpg","type":"image\/jpeg"}],"twitter_card":"summary_large_image","twitter_misc":{"Est. reading time":"1 minute"},"schema":{"@context":"https:\/\/schema.org","@graph":[{"@type":"WebPage","@id":"https:\/\/explorethenorth.nl\/fy\/shift\/","url":"https:\/\/explorethenorth.nl\/fy\/shift\/","name":"SHIFT - Explore the North","isPartOf":{"@id":"https:\/\/explorethenorth.nl\/fy\/#website"},"primaryImageOfPage":{"@id":"https:\/\/explorethenorth.nl\/fy\/shift\/#primaryimage"},"image":{"@id":"https:\/\/explorethenorth.nl\/fy\/shift\/#primaryimage"},"thumbnailUrl":"https:\/\/explorethenorth.nl\/wp-content\/uploads\/2025\/06\/headershiftwebsite-scaled.jpg","datePublished":"2025-05-30T08:30:05+00:00","dateModified":"2025-12-10T15:04:13+00:00","breadcrumb":{"@id":"https:\/\/explorethenorth.nl\/fy\/shift\/#breadcrumb"},"inLanguage":"fy-NL","potentialAction":[{"@type":"ReadAction","target":["https:\/\/explorethenorth.nl\/fy\/shift\/"]}]},{"@type":"ImageObject","inLanguage":"fy-NL","@id":"https:\/\/explorethenorth.nl\/fy\/shift\/#primaryimage","url":"https:\/\/explorethenorth.nl\/wp-content\/uploads\/2025\/06\/headershiftwebsite-scaled.jpg","contentUrl":"https:\/\/explorethenorth.nl\/wp-content\/uploads\/2025\/06\/headershiftwebsite-scaled.jpg","width":2560,"height":948},{"@type":"BreadcrumbList","@id":"https:\/\/explorethenorth.nl\/fy\/shift\/#breadcrumb","itemListElement":[{"@type":"ListItem","position":1,"name":"Home","item":"https:\/\/explorethenorth.nl\/fy\/"},{"@type":"ListItem","position":2,"name":"SHIFT"}]},{"@type":"WebSite","@id":"https:\/\/explorethenorth.nl\/fy\/#website","url":"https:\/\/explorethenorth.nl\/fy\/","name":"Explore the North","description":"","publisher":{"@id":"https:\/\/explorethenorth.nl\/fy\/#organization"},"potentialAction":[{"@type":"SearchAction","target":{"@type":"EntryPoint","urlTemplate":"https:\/\/explorethenorth.nl\/fy\/?s={search_term_string}"},"query-input":{"@type":"PropertyValueSpecification","valueRequired":true,"valueName":"search_term_string"}}],"inLanguage":"fy-NL"},{"@type":"Organization","@id":"https:\/\/explorethenorth.nl\/fy\/#organization","name":"Explore the North","url":"https:\/\/explorethenorth.nl\/fy\/","logo":{"@type":"ImageObject","inLanguage":"fy-NL","@id":"https:\/\/explorethenorth.nl\/fy\/#\/schema\/logo\/image\/","url":"https:\/\/explorethenorth.nl\/wp-content\/uploads\/2024\/06\/explore_the-north.jpg","contentUrl":"https:\/\/explorethenorth.nl\/wp-content\/uploads\/2024\/06\/explore_the-north.jpg","width":1200,"height":675,"caption":"Explore the North"},"image":{"@id":"https:\/\/explorethenorth.nl\/fy\/#\/schema\/logo\/image\/"}}]}},"_links":{"self":[{"href":"https:\/\/explorethenorth.nl\/fy\/wp-json\/wp\/v2\/pages\/11866","targetHints":{"allow":["GET"]}}],"collection":[{"href":"https:\/\/explorethenorth.nl\/fy\/wp-json\/wp\/v2\/pages"}],"about":[{"href":"https:\/\/explorethenorth.nl\/fy\/wp-json\/wp\/v2\/types\/page"}],"author":[{"embeddable":true,"href":"https:\/\/explorethenorth.nl\/fy\/wp-json\/wp\/v2\/users\/4"}],"replies":[{"embeddable":true,"href":"https:\/\/explorethenorth.nl\/fy\/wp-json\/wp\/v2\/comments?post=11866"}],"version-history":[{"count":3,"href":"https:\/\/explorethenorth.nl\/fy\/wp-json\/wp\/v2\/pages\/11866\/revisions"}],"predecessor-version":[{"id":16413,"href":"https:\/\/explorethenorth.nl\/fy\/wp-json\/wp\/v2\/pages\/11866\/revisions\/16413"}],"wp:featuredmedia":[{"embeddable":true,"href":"https:\/\/explorethenorth.nl\/fy\/wp-json\/wp\/v2\/media\/10629"}],"wp:attachment":[{"href":"https:\/\/explorethenorth.nl\/fy\/wp-json\/wp\/v2\/media?parent=11866"}],"wp:term":[{"taxonomy":"year","embeddable":true,"href":"https:\/\/explorethenorth.nl\/fy\/wp-json\/wp\/v2\/year?post=11866"}],"curies":[{"name":"wp","href":"https:\/\/api.w.org\/{rel}","templated":true}]}}