{"id":11602,"date":"2024-05-30T16:20:54","date_gmt":"2024-05-30T14:20:54","guid":{"rendered":"https:\/\/explorethenorth.nl\/?page_id=11602"},"modified":"2025-10-15T12:41:39","modified_gmt":"2025-10-15T10:41:39","slug":"anbi-en-accountabiliteit","status":"publish","type":"page","link":"https:\/\/explorethenorth.nl\/fy\/anbi-en-accountabiliteit\/","title":{"rendered":"ANBI en Accountabiliteit"},"content":{"rendered":"\n<p>De Explore the North Stichting waard oprjochte op 19 april 2016 en registrearre \u00fbnder it n\u00fbmer 65864883 yn it Hannelsregister fan de Keamer fan Keaphannel (KVK).<br><\/p>\n\n\n\n<p><strong>Adres<br><\/strong>Bagijnestraat 59<br>8911 DN Ljouwert<br><a href=\"http:\/\/www.explore-the-north.nl\">www.explore-the-north.nl<br><\/a>info@explore-the-north.nl<br>RSIN n\u00fbmer: 856294081<\/p>\n\n\n\n<p><strong>Doelstelling<br><\/strong>Neffens \u00fas statuten is it doel fan de stifting:<br>It organisearjen fan kulturele eveneminten yn \u2018e breedste sin fan it wurd; en fierder alles wat yn it breedste sin relatearre is oan it boppesteande of dat derby helpe kin.<\/p>\n\n\n\n<p><strong>It fokuspunt fan it hjoeddeistige belied<br><\/strong>Yn de perioade 2025-2028 sil Explore the North opnommen wurde yn de &#8216;kulturele basisynfrastruktuer&#8217; fan Nederl\u00e2n (BIS) as in \u00fbntwikkelingsynst\u00e2nsje. It beliedsplan foar dizze jierren kin <a href=\"https:\/\/explorethenorth.nl\/wp-content\/uploads\/2024\/09\/Meerjarenplan-2025-2028-Explore-the-North-BIS-1-compressed.pdf\">hjir<\/a> f\u00fbn wurde.<br>L\u00eas ek it advys fan de Ried foar Kultuer oer de oanmelding fan Explore the North 2025-2028 <a href=\"https:\/\/explorethenorth.nl\/wp-content\/uploads\/2024\/09\/ExploretheNorthadviesBIS2025-2028-1.pdf\">hjir<\/a>.<br>It beliedsplan foar 2021 &#8211; 2024 kin <a href=\"https:\/\/explorethenorth.nl\/wp-content\/uploads\/2024\/06\/Meerjarenplan-2021-2024-Explore-the-North-Fonds-Podiumkunsten.pdf\">hjir <\/a>f\u00fbn wurde.<\/p>\n\n\n\n<p><strong>De folgjende persoanen foarmje it bestjoer:<br><\/strong>S.R. Feitsma (voorzitter)<br>Lieselot van Damme<br>M. Yusuf Boss<br>Niek vom Bruch<\/p>\n\n\n\n<p><strong>It belied foar belesting foar it bestjoer<br><\/strong>In ienf\u00e2ldige mearderheid stimmen op in gearkomste w\u00earby&#8217;t elk bestjoerslid oanw\u00eazich is of fertsjinwurdige wurdt, kin br\u00fbkt wurde om te besl\u00faten oft reiskosten en ferbliuwskosten, of oare kosten makke by it \u00fatfieren fan harren taken, fergoede wurde.<\/p>\n\n\n\n<p><strong>Kompensaasjebelied foar Meiwurkers<br><\/strong>Twa persoanen binne f\u00east yn tsjinst, wylst de rest fan it jier meiwurkers as selsstannige kontrakteurs mei de organisaasje wurkje. Beide soarten fan kompensaasje binne basearre op de Kollektive Arbeidsoerienkomst foar Poppodia &amp; Festivals (&#8216;Poppodia &amp; festivals&#8217;). De kompensaasje foar selsstannige wurkers wurdt bepaald op basis fan de ferwachte wurktiid en de funksjebeskriuwing, yn oerienstimming mei earlikens, fertrouwen, duorsumens en transpar\u00e2nsje. De kompensaasje foar frijwilligers wurdt bepaald op basis fan de regelingen fan de Belastingtsjinst.<\/p>\n\n\n\n<p><strong>Bal\u00e2ns en staat fan betingsten\/\u00fatjeften (yn it Nederl\u00e2nsk)<br><\/strong><\/p>\n\n\n\n<p><a href=\"https:\/\/explorethenorth.nl\/wp-content\/uploads\/2025\/05\/ETN-Jaarrekening-2024-niet-getekend.pdf\">De bal\u00e2ns en de staat fan baten en lasten fan 2024<\/a>.<br><a href=\"https:\/\/explorethenorth.nl\/wp-content\/uploads\/2024\/06\/etn-jaarrekening-2023.pdf\">De bal\u00e2ns en de staat fan baten en lasten fan 2023.<br><\/a><a href=\"https:\/\/explorethenorth.nl\/wp-content\/uploads\/2024\/06\/etn-jaarrekening-2022-niet-getekend-zonder-verklaring-.pdf\">De bal\u00e2ns en de staat fan baten en lasten fan 2022.<br><\/a><a href=\"https:\/\/explorethenorth.nl\/wp-content\/uploads\/2024\/06\/220075-etn-jaarrekening-2021-met-verklaring-niet-getekend-.pdf\">De bal\u00e2ns en de staat fan baten en lasten fan 2021.<br><\/a><a href=\"https:\/\/explorethenorth.nl\/wp-content\/uploads\/2024\/06\/etn-jaarrekening-2020.pdf\">De bal\u00e2ns en de staat fan baten en lasten fan 2020.<br><\/a><a href=\"https:\/\/explorethenorth.nl\/wp-content\/uploads\/2024\/06\/etn-jaarrekening-2019-def-26-mrt-.pdf\">De bal\u00e2ns en de staat fan baten en lasten fan 2019.<\/a><\/p>\n\n\n\n<p><a href=\"https:\/\/explorethenorth.nl\/wp-content\/uploads\/2024\/06\/etn-jaarrekening-2019-def-26-mrt-.pdf\"><br><\/a><a href=\"https:\/\/explorethenorth.nl\/wp-content\/uploads\/2024\/06\/etn-belastingdienst-anbi-publicatieformulier-boekjaar-2023-publicatie-.pdf\">ANBI formulier.<\/a><\/p>\n\n\n\n<p><strong>Bestjoersferslaggen (yn it Nederl\u00e2nsk)<br><\/strong><a href=\"https:\/\/explorethenorth.nl\/wp-content\/uploads\/2025\/05\/ETN-Bestuursverslag-2024-niet-getekend.pdf\"><\/a><a href=\"https:\/\/explorethenorth.nl\/wp-content\/uploads\/2025\/05\/ETN-Bestuursverslag-2024-niet-getekend.pdf\">B\u00easte hjir it bestjoersferslach fan 2024.<\/a><br><a href=\"https:\/\/explorethenorth.nl\/wp-content\/uploads\/2024\/06\/etn-bestuursverslag-2023.pdf\">B\u00easte hjir it bestjoersferslach fan 2023.<br><\/a><a href=\"https:\/\/explorethenorth.nl\/wp-content\/uploads\/2024\/06\/bestuursverslag-explore-the-north-2022.pdf\">B\u00easte hjir it bestjoersferslach fan 2022.<br><\/a><a href=\"https:\/\/explorethenorth.nl\/wp-content\/uploads\/2024\/06\/220076-etn-bestuursverslag-2021-niet-getekend-.pdf\">B\u00easte hjir it bestjoersferslach fan 2021.<br><\/a><a href=\"https:\/\/explorethenorth.nl\/wp-content\/uploads\/2024\/06\/bestuursverslag-explore-the-north-2020.pdf\">B\u00easte hjir it bestjoersferslach fan 2020.<br><\/a><a href=\"https:\/\/explorethenorth.nl\/wp-content\/uploads\/2024\/06\/bestuursverslag-explore-the-north-2019.pdf\">B\u00easte hjir it bestjoersferslach fan 2019.<\/a><\/p>\n\n\n<div class=\"wp-block-whitespace medium\" aria-hidden=\"true\"><\/div>","protected":false},"excerpt":{"rendered":"<p>De Explore the North Stichting waard oprjochte op 19 april 2016 en registrearre \u00fbnder it n\u00fbmer 65864883 yn it Hannelsregister&#8230;<\/p>\n","protected":false},"author":2,"featured_media":0,"parent":0,"menu_order":132,"comment_status":"closed","ping_status":"closed","template":"","meta":{"_acf_changed":false,"inline_featured_image":false,"footnotes":""},"year":[],"class_list":["post-11602","page","type-page","status-publish","hentry"],"acf":[],"yoast_head":"<!-- This site is optimized with the Yoast SEO plugin v27.4 - https:\/\/yoast.com\/product\/yoast-seo-wordpress\/ -->\n<title>ANBI en Accountabiliteit - Explore the North<\/title>\n<meta name=\"robots\" content=\"index, follow, max-snippet:-1, max-image-preview:large, max-video-preview:-1\" \/>\n<link rel=\"canonical\" href=\"https:\/\/explorethenorth.nl\/fy\/anbi-en-accountabiliteit\/\" \/>\n<meta property=\"og:locale\" content=\"fy_NL\" \/>\n<meta property=\"og:type\" content=\"article\" \/>\n<meta property=\"og:title\" content=\"ANBI en Accountabiliteit - Explore the North\" \/>\n<meta property=\"og:description\" content=\"De Explore the North Stichting waard oprjochte op 19 april 2016 en registrearre \u00fbnder it n\u00fbmer 65864883 yn it Hannelsregister...\" \/>\n<meta property=\"og:url\" content=\"https:\/\/explorethenorth.nl\/fy\/anbi-en-accountabiliteit\/\" \/>\n<meta property=\"og:site_name\" content=\"Explore the North\" \/>\n<meta property=\"article:modified_time\" content=\"2025-10-15T10:41:39+00:00\" \/>\n<meta property=\"og:image\" content=\"https:\/\/explorethenorth.nl\/wp-content\/uploads\/2024\/06\/explore_the-north.jpg\" \/>\n\t<meta property=\"og:image:width\" content=\"1200\" \/>\n\t<meta property=\"og:image:height\" content=\"675\" \/>\n\t<meta property=\"og:image:type\" content=\"image\/jpeg\" \/>\n<meta name=\"twitter:card\" content=\"summary_large_image\" \/>\n<script type=\"application\/ld+json\" class=\"yoast-schema-graph\">{\"@context\":\"https:\\\/\\\/schema.org\",\"@graph\":[{\"@type\":\"WebPage\",\"@id\":\"https:\\\/\\\/explorethenorth.nl\\\/fy\\\/anbi-en-accountabiliteit\\\/\",\"url\":\"https:\\\/\\\/explorethenorth.nl\\\/fy\\\/anbi-en-accountabiliteit\\\/\",\"name\":\"ANBI en Accountabiliteit - Explore the North\",\"isPartOf\":{\"@id\":\"https:\\\/\\\/explorethenorth.nl\\\/fy\\\/#website\"},\"datePublished\":\"2024-05-30T14:20:54+00:00\",\"dateModified\":\"2025-10-15T10:41:39+00:00\",\"breadcrumb\":{\"@id\":\"https:\\\/\\\/explorethenorth.nl\\\/fy\\\/anbi-en-accountabiliteit\\\/#breadcrumb\"},\"inLanguage\":\"fy-NL\",\"potentialAction\":[{\"@type\":\"ReadAction\",\"target\":[\"https:\\\/\\\/explorethenorth.nl\\\/fy\\\/anbi-en-accountabiliteit\\\/\"]}]},{\"@type\":\"BreadcrumbList\",\"@id\":\"https:\\\/\\\/explorethenorth.nl\\\/fy\\\/anbi-en-accountabiliteit\\\/#breadcrumb\",\"itemListElement\":[{\"@type\":\"ListItem\",\"position\":1,\"name\":\"Home\",\"item\":\"https:\\\/\\\/explorethenorth.nl\\\/fy\\\/\"},{\"@type\":\"ListItem\",\"position\":2,\"name\":\"ANBI en Accountabiliteit\"}]},{\"@type\":\"WebSite\",\"@id\":\"https:\\\/\\\/explorethenorth.nl\\\/fy\\\/#website\",\"url\":\"https:\\\/\\\/explorethenorth.nl\\\/fy\\\/\",\"name\":\"Explore the North\",\"description\":\"\",\"publisher\":{\"@id\":\"https:\\\/\\\/explorethenorth.nl\\\/fy\\\/#organization\"},\"potentialAction\":[{\"@type\":\"SearchAction\",\"target\":{\"@type\":\"EntryPoint\",\"urlTemplate\":\"https:\\\/\\\/explorethenorth.nl\\\/fy\\\/?s={search_term_string}\"},\"query-input\":{\"@type\":\"PropertyValueSpecification\",\"valueRequired\":true,\"valueName\":\"search_term_string\"}}],\"inLanguage\":\"fy-NL\"},{\"@type\":\"Organization\",\"@id\":\"https:\\\/\\\/explorethenorth.nl\\\/fy\\\/#organization\",\"name\":\"Explore the North\",\"url\":\"https:\\\/\\\/explorethenorth.nl\\\/fy\\\/\",\"logo\":{\"@type\":\"ImageObject\",\"inLanguage\":\"fy-NL\",\"@id\":\"https:\\\/\\\/explorethenorth.nl\\\/fy\\\/#\\\/schema\\\/logo\\\/image\\\/\",\"url\":\"https:\\\/\\\/explorethenorth.nl\\\/wp-content\\\/uploads\\\/2024\\\/06\\\/explore_the-north.jpg\",\"contentUrl\":\"https:\\\/\\\/explorethenorth.nl\\\/wp-content\\\/uploads\\\/2024\\\/06\\\/explore_the-north.jpg\",\"width\":1200,\"height\":675,\"caption\":\"Explore the North\"},\"image\":{\"@id\":\"https:\\\/\\\/explorethenorth.nl\\\/fy\\\/#\\\/schema\\\/logo\\\/image\\\/\"}}]}<\/script>\n<!-- \/ Yoast SEO plugin. -->","yoast_head_json":{"title":"ANBI en Accountabiliteit - Explore the North","robots":{"index":"index","follow":"follow","max-snippet":"max-snippet:-1","max-image-preview":"max-image-preview:large","max-video-preview":"max-video-preview:-1"},"canonical":"https:\/\/explorethenorth.nl\/fy\/anbi-en-accountabiliteit\/","og_locale":"fy_NL","og_type":"article","og_title":"ANBI en Accountabiliteit - Explore the North","og_description":"De Explore the North Stichting waard oprjochte op 19 april 2016 en registrearre \u00fbnder it n\u00fbmer 65864883 yn it Hannelsregister...","og_url":"https:\/\/explorethenorth.nl\/fy\/anbi-en-accountabiliteit\/","og_site_name":"Explore the North","article_modified_time":"2025-10-15T10:41:39+00:00","og_image":[{"width":1200,"height":675,"url":"https:\/\/explorethenorth.nl\/wp-content\/uploads\/2024\/06\/explore_the-north.jpg","type":"image\/jpeg"}],"twitter_card":"summary_large_image","schema":{"@context":"https:\/\/schema.org","@graph":[{"@type":"WebPage","@id":"https:\/\/explorethenorth.nl\/fy\/anbi-en-accountabiliteit\/","url":"https:\/\/explorethenorth.nl\/fy\/anbi-en-accountabiliteit\/","name":"ANBI en Accountabiliteit - Explore the North","isPartOf":{"@id":"https:\/\/explorethenorth.nl\/fy\/#website"},"datePublished":"2024-05-30T14:20:54+00:00","dateModified":"2025-10-15T10:41:39+00:00","breadcrumb":{"@id":"https:\/\/explorethenorth.nl\/fy\/anbi-en-accountabiliteit\/#breadcrumb"},"inLanguage":"fy-NL","potentialAction":[{"@type":"ReadAction","target":["https:\/\/explorethenorth.nl\/fy\/anbi-en-accountabiliteit\/"]}]},{"@type":"BreadcrumbList","@id":"https:\/\/explorethenorth.nl\/fy\/anbi-en-accountabiliteit\/#breadcrumb","itemListElement":[{"@type":"ListItem","position":1,"name":"Home","item":"https:\/\/explorethenorth.nl\/fy\/"},{"@type":"ListItem","position":2,"name":"ANBI en Accountabiliteit"}]},{"@type":"WebSite","@id":"https:\/\/explorethenorth.nl\/fy\/#website","url":"https:\/\/explorethenorth.nl\/fy\/","name":"Explore the North","description":"","publisher":{"@id":"https:\/\/explorethenorth.nl\/fy\/#organization"},"potentialAction":[{"@type":"SearchAction","target":{"@type":"EntryPoint","urlTemplate":"https:\/\/explorethenorth.nl\/fy\/?s={search_term_string}"},"query-input":{"@type":"PropertyValueSpecification","valueRequired":true,"valueName":"search_term_string"}}],"inLanguage":"fy-NL"},{"@type":"Organization","@id":"https:\/\/explorethenorth.nl\/fy\/#organization","name":"Explore the North","url":"https:\/\/explorethenorth.nl\/fy\/","logo":{"@type":"ImageObject","inLanguage":"fy-NL","@id":"https:\/\/explorethenorth.nl\/fy\/#\/schema\/logo\/image\/","url":"https:\/\/explorethenorth.nl\/wp-content\/uploads\/2024\/06\/explore_the-north.jpg","contentUrl":"https:\/\/explorethenorth.nl\/wp-content\/uploads\/2024\/06\/explore_the-north.jpg","width":1200,"height":675,"caption":"Explore the North"},"image":{"@id":"https:\/\/explorethenorth.nl\/fy\/#\/schema\/logo\/image\/"}}]}},"_links":{"self":[{"href":"https:\/\/explorethenorth.nl\/fy\/wp-json\/wp\/v2\/pages\/11602","targetHints":{"allow":["GET"]}}],"collection":[{"href":"https:\/\/explorethenorth.nl\/fy\/wp-json\/wp\/v2\/pages"}],"about":[{"href":"https:\/\/explorethenorth.nl\/fy\/wp-json\/wp\/v2\/types\/page"}],"author":[{"embeddable":true,"href":"https:\/\/explorethenorth.nl\/fy\/wp-json\/wp\/v2\/users\/2"}],"replies":[{"embeddable":true,"href":"https:\/\/explorethenorth.nl\/fy\/wp-json\/wp\/v2\/comments?post=11602"}],"version-history":[{"count":5,"href":"https:\/\/explorethenorth.nl\/fy\/wp-json\/wp\/v2\/pages\/11602\/revisions"}],"predecessor-version":[{"id":11609,"href":"https:\/\/explorethenorth.nl\/fy\/wp-json\/wp\/v2\/pages\/11602\/revisions\/11609"}],"wp:attachment":[{"href":"https:\/\/explorethenorth.nl\/fy\/wp-json\/wp\/v2\/media?parent=11602"}],"wp:term":[{"taxonomy":"year","embeddable":true,"href":"https:\/\/explorethenorth.nl\/fy\/wp-json\/wp\/v2\/year?post=11602"}],"curies":[{"name":"wp","href":"https:\/\/api.w.org\/{rel}","templated":true}]}}