{"id":11250,"date":"2024-05-30T16:18:54","date_gmt":"2024-05-30T14:18:54","guid":{"rendered":"https:\/\/explorethenorth.nl\/?page_id=11250"},"modified":"2026-03-31T11:19:07","modified_gmt":"2026-03-31T09:19:07","slug":"kontakt","status":"publish","type":"page","link":"https:\/\/explorethenorth.nl\/fy\/kontakt\/","title":{"rendered":"Kontakt"},"content":{"rendered":"\n<p>Hast fragen, opmerkings of idee\u00ebn?<br>Dan fynst hjir\u00fbnder de jildige kontaktgegevens om \u00fas in berjocht te stjoeren. Ek de algemiene gegevens fan Explore the North steane hjir\u00fbnder.<\/p>\n\n\n\n<p><strong>Besiteadres + pakketten<\/strong><br>Bagijnestraat 59<br>8911 DN Ljouwert<\/p>\n\n\n\n<p><strong>Algemien mailadres<\/strong><br><a href=\"mailto:info@explore-the-north.nl\">info@explore-the-north.nl<\/a><br><br>Hast algemiene fragen of opmerkings? Stjoer dan in mailtsje nei<br><a href=\"mailto:info@explore-the-north.nl\">info@explore-the-north.nl<\/a><br><br>Foar publisiteitssaken kinne jo kontakt opnimme mei Math\u00e9 T\u00f6bben<br><a href=\"mailto:mathe@explore-the-north.nl\">mathe@explore-the-north.nl<\/a><\/p>\n\n\n\n<p>Foar fragen oer Podium Explore (eartiids De Westerkerk) \u2013 bygelyks foar sealferhier \u2013 kinne jo kontakt opnimme mei: <a href=\"mailto:stephanie@explore-the-north.nl\">stephanie@explore-the-north.nl<\/a>.<\/p>\n\n\n\n<h3 class=\"wp-block-heading\"><strong>Wa binne wy?<\/strong><\/h3>\n\n\n\n<p><strong>Algemien directeur<\/strong><br>Mark Hospers<\/p>\n\n\n\n<p><strong>Artistyk directeur<\/strong><br>Marleen Nagtegaal<br>marleen@explore-the-north.nl<\/p>\n\n\n\n<p><strong>Programma<\/strong><br>C\u00e9line Wierda (podiumkunsten)<br>celine@explore-the-north.nl<\/p>\n\n\n\n<p>Math\u00e9 T\u00f6bben (muziek)<br>mathe@explore-the-north.nl<br><br>Janneke de Boer (muziek)<br>janneke@explore-the-north.nl<br><br>Jaimy Hindricks (literatuur)<br>jaimy@explore-the-north.nl<br><br>Johannes Lievens (literatuur)<br>johannes@explore-the-north.nl<br><br><strong>SHIFT Programma<\/strong><br>C\u00e9line Wierda<br>celine@explore-the-north.nl<\/p>\n\n\n\n<p>Math\u00e9 T\u00f6bben<br>mathe@explore-the-north.nl<\/p>\n\n\n\n<p>Eva van Netten<br>Eva@explore-the-north.nl<br><br><strong>De Broeikas<\/strong><br>Broeikas@explore-the-north.nl<\/p>\n\n\n\n<p><strong>Saaklike stipe<\/strong><br>Wouter Hylkema, Desir\u00e9 Hindriks, Roland Oostinga<br><br><strong>Produktie leiding<\/strong><br>Thijs ten Berge<br><br><strong>Ko\u00f6rdinaasje programma<\/strong><br>C\u00e9line Wierda<\/p>\n\n\n\n<p><strong>Ko\u00f6rd<strong>inaasje<\/strong> produksjeh\u00fbs<\/strong><br>Eva van Netten<\/p>\n\n\n\n<p><strong>Ko\u00f6rdinaasje Woorden op Woensdag + Coach Poetry Circle<\/strong><br>Mees van Rijswijk<\/p>\n\n\n\n<p><strong>Ko\u00f6rdinator gebou en \u00fbnderh\u00e2ld, produksjeleider en artystenproduksje<\/strong><br>Bas Rozeman<\/p>\n\n\n\n<p><strong>Kreatyf produsint produksjeh\u00fbs<\/strong><br>Annemarie Venema<br><br><strong>Technyske produksje<\/strong><br>Bennie Meijer, Jaimie Verbeek, Calvin Barhorst<br><br><strong>Marketing &amp; kommunikaasje<\/strong><br>Math\u00e9 T\u00f6bben, Merel Hoekstra, Ate Kamsma<\/p>\n\n\n\n<p><strong>Website<\/strong><br>BW H Ontwerpers<\/p>\n\n\n\n<p><strong>Frijwilligersko\u00f6rdinaasje<\/strong><br>Jan Willem Verhoeven (tydlik \u00f4fw\u00eazich)<\/p>\n\n\n\n<p><strong>Foarmjouwing<\/strong><br>BW H Ontwerpers<\/p>\n\n\n\n<p><strong>Ko\u00f6rdinator Podium Explore (earder De Westerkerk)<\/strong><br>Stephanie Kemper<\/p>\n\n\n\n<p><strong><strong>Ko\u00f6rdinator<\/strong>Jonge Schrijvers<\/strong><br>Coco de Haas<br>coco@explore-the-north.nl<br><br><strong>Kafeeteam<\/strong><br>Alusein Rosier, Eva Oenema, Sofie Stuve, Olger van Grootveld, Paulus de Wit, Merel Gietema, Gerben Vernhout<br><br><strong>Skjinmeitsjen Podium Explore<\/strong><br>Linda van der Heide<br><br><strong>Bestjoer Stifting Explore the North<\/strong><br>Sjoerd Feitsma (voorzitter), Lieselot van Damme, Niek vom Bruch en Mohamed Yusuf Boss<\/p>\n\n\n\n<h3 class=\"wp-block-heading\">Algemiene gegevens<\/h3>\n\n\n\n<p>Besk\u00f4gje \u00fas algemiene gegevens yn <a href=\"https:\/\/explorethenorth.nl\/wp-content\/uploads\/2026\/03\/Explore-the-North-2026-Infosheet.pdf\" target=\"_blank\" rel=\"noreferrer noopener\">dizze ynformaasje-bl\u00ead<\/a>.<\/p>\n\n\n<div class=\"wp-block-whitespace medium\" aria-hidden=\"true\"><\/div>\n\n\n<p><\/p>\n","protected":false},"excerpt":{"rendered":"<p>Hast fragen, opmerkings of idee\u00ebn?Dan fynst hjir\u00fbnder de jildige kontaktgegevens om \u00fas in berjocht te stjoeren. Ek de algemiene gegevens&#8230;<\/p>\n","protected":false},"author":4,"featured_media":0,"parent":0,"menu_order":81,"comment_status":"closed","ping_status":"closed","template":"","meta":{"_acf_changed":false,"inline_featured_image":false,"footnotes":""},"year":[],"class_list":["post-11250","page","type-page","status-publish","hentry"],"acf":[],"yoast_head":"<!-- This site is optimized with the Yoast SEO plugin v27.4 - https:\/\/yoast.com\/product\/yoast-seo-wordpress\/ -->\n<title>Kontakt - Explore the North<\/title>\n<meta name=\"robots\" content=\"index, follow, max-snippet:-1, max-image-preview:large, max-video-preview:-1\" \/>\n<link rel=\"canonical\" href=\"https:\/\/explorethenorth.nl\/fy\/kontakt\/\" \/>\n<meta property=\"og:locale\" content=\"fy_NL\" \/>\n<meta property=\"og:type\" content=\"article\" \/>\n<meta property=\"og:title\" content=\"Kontakt - Explore the North\" \/>\n<meta property=\"og:description\" content=\"Hast fragen, opmerkings of idee\u00ebn?Dan fynst hjir\u00fbnder de jildige kontaktgegevens om \u00fas in berjocht te stjoeren. Ek de algemiene gegevens...\" \/>\n<meta property=\"og:url\" content=\"https:\/\/explorethenorth.nl\/fy\/kontakt\/\" \/>\n<meta property=\"og:site_name\" content=\"Explore the North\" \/>\n<meta property=\"article:modified_time\" content=\"2026-03-31T09:19:07+00:00\" \/>\n<meta property=\"og:image\" content=\"https:\/\/explorethenorth.nl\/wp-content\/uploads\/2024\/06\/explore_the-north.jpg\" \/>\n\t<meta property=\"og:image:width\" content=\"1200\" \/>\n\t<meta property=\"og:image:height\" content=\"675\" \/>\n\t<meta property=\"og:image:type\" content=\"image\/jpeg\" \/>\n<meta name=\"twitter:card\" content=\"summary_large_image\" \/>\n<meta name=\"twitter:label1\" content=\"Est. reading time\" \/>\n\t<meta name=\"twitter:data1\" content=\"2 minutes\" \/>\n<script type=\"application\/ld+json\" class=\"yoast-schema-graph\">{\"@context\":\"https:\\\/\\\/schema.org\",\"@graph\":[{\"@type\":\"WebPage\",\"@id\":\"https:\\\/\\\/explorethenorth.nl\\\/fy\\\/kontakt\\\/\",\"url\":\"https:\\\/\\\/explorethenorth.nl\\\/fy\\\/kontakt\\\/\",\"name\":\"Kontakt - Explore the North\",\"isPartOf\":{\"@id\":\"https:\\\/\\\/explorethenorth.nl\\\/fy\\\/#website\"},\"datePublished\":\"2024-05-30T14:18:54+00:00\",\"dateModified\":\"2026-03-31T09:19:07+00:00\",\"breadcrumb\":{\"@id\":\"https:\\\/\\\/explorethenorth.nl\\\/fy\\\/kontakt\\\/#breadcrumb\"},\"inLanguage\":\"fy-NL\",\"potentialAction\":[{\"@type\":\"ReadAction\",\"target\":[\"https:\\\/\\\/explorethenorth.nl\\\/fy\\\/kontakt\\\/\"]}]},{\"@type\":\"BreadcrumbList\",\"@id\":\"https:\\\/\\\/explorethenorth.nl\\\/fy\\\/kontakt\\\/#breadcrumb\",\"itemListElement\":[{\"@type\":\"ListItem\",\"position\":1,\"name\":\"Home\",\"item\":\"https:\\\/\\\/explorethenorth.nl\\\/fy\\\/\"},{\"@type\":\"ListItem\",\"position\":2,\"name\":\"Kontakt\"}]},{\"@type\":\"WebSite\",\"@id\":\"https:\\\/\\\/explorethenorth.nl\\\/fy\\\/#website\",\"url\":\"https:\\\/\\\/explorethenorth.nl\\\/fy\\\/\",\"name\":\"Explore the North\",\"description\":\"\",\"publisher\":{\"@id\":\"https:\\\/\\\/explorethenorth.nl\\\/fy\\\/#organization\"},\"potentialAction\":[{\"@type\":\"SearchAction\",\"target\":{\"@type\":\"EntryPoint\",\"urlTemplate\":\"https:\\\/\\\/explorethenorth.nl\\\/fy\\\/?s={search_term_string}\"},\"query-input\":{\"@type\":\"PropertyValueSpecification\",\"valueRequired\":true,\"valueName\":\"search_term_string\"}}],\"inLanguage\":\"fy-NL\"},{\"@type\":\"Organization\",\"@id\":\"https:\\\/\\\/explorethenorth.nl\\\/fy\\\/#organization\",\"name\":\"Explore the North\",\"url\":\"https:\\\/\\\/explorethenorth.nl\\\/fy\\\/\",\"logo\":{\"@type\":\"ImageObject\",\"inLanguage\":\"fy-NL\",\"@id\":\"https:\\\/\\\/explorethenorth.nl\\\/fy\\\/#\\\/schema\\\/logo\\\/image\\\/\",\"url\":\"https:\\\/\\\/explorethenorth.nl\\\/wp-content\\\/uploads\\\/2024\\\/06\\\/explore_the-north.jpg\",\"contentUrl\":\"https:\\\/\\\/explorethenorth.nl\\\/wp-content\\\/uploads\\\/2024\\\/06\\\/explore_the-north.jpg\",\"width\":1200,\"height\":675,\"caption\":\"Explore the North\"},\"image\":{\"@id\":\"https:\\\/\\\/explorethenorth.nl\\\/fy\\\/#\\\/schema\\\/logo\\\/image\\\/\"}}]}<\/script>\n<!-- \/ Yoast SEO plugin. -->","yoast_head_json":{"title":"Kontakt - Explore the North","robots":{"index":"index","follow":"follow","max-snippet":"max-snippet:-1","max-image-preview":"max-image-preview:large","max-video-preview":"max-video-preview:-1"},"canonical":"https:\/\/explorethenorth.nl\/fy\/kontakt\/","og_locale":"fy_NL","og_type":"article","og_title":"Kontakt - Explore the North","og_description":"Hast fragen, opmerkings of idee\u00ebn?Dan fynst hjir\u00fbnder de jildige kontaktgegevens om \u00fas in berjocht te stjoeren. Ek de algemiene gegevens...","og_url":"https:\/\/explorethenorth.nl\/fy\/kontakt\/","og_site_name":"Explore the North","article_modified_time":"2026-03-31T09:19:07+00:00","og_image":[{"width":1200,"height":675,"url":"https:\/\/explorethenorth.nl\/wp-content\/uploads\/2024\/06\/explore_the-north.jpg","type":"image\/jpeg"}],"twitter_card":"summary_large_image","twitter_misc":{"Est. reading time":"2 minutes"},"schema":{"@context":"https:\/\/schema.org","@graph":[{"@type":"WebPage","@id":"https:\/\/explorethenorth.nl\/fy\/kontakt\/","url":"https:\/\/explorethenorth.nl\/fy\/kontakt\/","name":"Kontakt - Explore the North","isPartOf":{"@id":"https:\/\/explorethenorth.nl\/fy\/#website"},"datePublished":"2024-05-30T14:18:54+00:00","dateModified":"2026-03-31T09:19:07+00:00","breadcrumb":{"@id":"https:\/\/explorethenorth.nl\/fy\/kontakt\/#breadcrumb"},"inLanguage":"fy-NL","potentialAction":[{"@type":"ReadAction","target":["https:\/\/explorethenorth.nl\/fy\/kontakt\/"]}]},{"@type":"BreadcrumbList","@id":"https:\/\/explorethenorth.nl\/fy\/kontakt\/#breadcrumb","itemListElement":[{"@type":"ListItem","position":1,"name":"Home","item":"https:\/\/explorethenorth.nl\/fy\/"},{"@type":"ListItem","position":2,"name":"Kontakt"}]},{"@type":"WebSite","@id":"https:\/\/explorethenorth.nl\/fy\/#website","url":"https:\/\/explorethenorth.nl\/fy\/","name":"Explore the North","description":"","publisher":{"@id":"https:\/\/explorethenorth.nl\/fy\/#organization"},"potentialAction":[{"@type":"SearchAction","target":{"@type":"EntryPoint","urlTemplate":"https:\/\/explorethenorth.nl\/fy\/?s={search_term_string}"},"query-input":{"@type":"PropertyValueSpecification","valueRequired":true,"valueName":"search_term_string"}}],"inLanguage":"fy-NL"},{"@type":"Organization","@id":"https:\/\/explorethenorth.nl\/fy\/#organization","name":"Explore the North","url":"https:\/\/explorethenorth.nl\/fy\/","logo":{"@type":"ImageObject","inLanguage":"fy-NL","@id":"https:\/\/explorethenorth.nl\/fy\/#\/schema\/logo\/image\/","url":"https:\/\/explorethenorth.nl\/wp-content\/uploads\/2024\/06\/explore_the-north.jpg","contentUrl":"https:\/\/explorethenorth.nl\/wp-content\/uploads\/2024\/06\/explore_the-north.jpg","width":1200,"height":675,"caption":"Explore the North"},"image":{"@id":"https:\/\/explorethenorth.nl\/fy\/#\/schema\/logo\/image\/"}}]}},"_links":{"self":[{"href":"https:\/\/explorethenorth.nl\/fy\/wp-json\/wp\/v2\/pages\/11250","targetHints":{"allow":["GET"]}}],"collection":[{"href":"https:\/\/explorethenorth.nl\/fy\/wp-json\/wp\/v2\/pages"}],"about":[{"href":"https:\/\/explorethenorth.nl\/fy\/wp-json\/wp\/v2\/types\/page"}],"author":[{"embeddable":true,"href":"https:\/\/explorethenorth.nl\/fy\/wp-json\/wp\/v2\/users\/4"}],"replies":[{"embeddable":true,"href":"https:\/\/explorethenorth.nl\/fy\/wp-json\/wp\/v2\/comments?post=11250"}],"version-history":[{"count":5,"href":"https:\/\/explorethenorth.nl\/fy\/wp-json\/wp\/v2\/pages\/11250\/revisions"}],"predecessor-version":[{"id":18016,"href":"https:\/\/explorethenorth.nl\/fy\/wp-json\/wp\/v2\/pages\/11250\/revisions\/18016"}],"wp:attachment":[{"href":"https:\/\/explorethenorth.nl\/fy\/wp-json\/wp\/v2\/media?parent=11250"}],"wp:term":[{"taxonomy":"year","embeddable":true,"href":"https:\/\/explorethenorth.nl\/fy\/wp-json\/wp\/v2\/year?post=11250"}],"curies":[{"name":"wp","href":"https:\/\/api.w.org\/{rel}","templated":true}]}}