{"id":11201,"date":"2024-02-28T09:49:12","date_gmt":"2024-02-28T08:49:12","guid":{"rendered":"https:\/\/explorethenorth.nl\/?page_id=11201"},"modified":"2025-10-15T12:18:34","modified_gmt":"2025-10-15T10:18:34","slug":"oer-us","status":"publish","type":"page","link":"https:\/\/explorethenorth.nl\/fy\/oer-us\/","title":{"rendered":"Oer \u00fas"},"content":{"rendered":"<div class=\"block__introduction \">\n\t\n\n<p>Explore the North is in produksjeh\u00fbs en festival mei in eigen poadium yn Ljouwert: Poadium Explore. L\u00eas hjir\u00fbnder oer \u00fas \u00fbntsteansskiednis en \u00fbntwikkeling.<\/p>\n\n\n<\/div>\n\n\n<p>Explore the North \u00fbntstie yn 2011 as in lyts festival mei in fokus op muzyk en literatuer. De haadrol wie weilein foar de prachtige binnenst\u00ead fan Ljouwert. It festival f\u00fbn d\u00earnei plak yn 2013 en 2014, doe noch \u00fbnder de flagge fan produksjeh\u00fbs de Popfabryk. Doe\u2019t d\u00fadlik waard dat Ljouwert-Frysl\u00e2n yn 2018 Kulturele Haadst\u00ead fan Europa wurde soe, is yn 2016 in nije start makke en waard Explore the North in selsstannige stifting. De koers feroare: der kaam mear fokus op de eigen omjouwing. Ut it grutte meartaligensprojekt L\u00e2n fan taal, dat yn it ramt fan Ljouwert Kulturele Haadst\u00ead ta st\u00e2n kaam, \u00fbntwikkelen wy in jier-r\u00fbnom programma mei benammen it meitsjen fan nij wurk as liedend prinsipe. Dat wie it begjin fan \u00fas ynterdissiplin\u00eare produksjeh\u00fbs, mei in fokus op literatuer en meartaligens.<br><\/p>\n\n\n<div class=\"wp-block-whitespace small\" aria-hidden=\"true\"><\/div>\n\n<div class=\"block-event-column block-event-column--33 \">\n\t\n\n<div class=\"wp-block-columns is-layout-flex wp-container-core-columns-is-layout-9d6595d7 wp-block-columns-is-layout-flex\">\n<div class=\"wp-block-column is-layout-flow wp-block-column-is-layout-flow\">\n<figure class=\"wp-block-image size-large\"><img loading=\"lazy\" decoding=\"async\" width=\"1920\" height=\"1280\" src=\"https:\/\/explorethenorth.nl\/wp-content\/uploads\/2024\/06\/45289262334_61f11efa0c_k-1-1920x1280.jpg\" alt=\"\" class=\"wp-image-1888\" srcset=\"https:\/\/explorethenorth.nl\/wp-content\/uploads\/2024\/06\/45289262334_61f11efa0c_k-1-1920x1280.jpg 1920w, https:\/\/explorethenorth.nl\/wp-content\/uploads\/2024\/06\/45289262334_61f11efa0c_k-1-1200x800.jpg 1200w, https:\/\/explorethenorth.nl\/wp-content\/uploads\/2024\/06\/45289262334_61f11efa0c_k-1-768x512.jpg 768w, https:\/\/explorethenorth.nl\/wp-content\/uploads\/2024\/06\/45289262334_61f11efa0c_k-1-1536x1024.jpg 1536w, https:\/\/explorethenorth.nl\/wp-content\/uploads\/2024\/06\/45289262334_61f11efa0c_k-1.jpg 2047w\" sizes=\"auto, (max-width: 1920px) 100vw, 1920px\" \/><\/figure>\n<\/div>\n\n\n\n<div class=\"wp-block-column is-layout-flow wp-block-column-is-layout-flow\">\n<figure class=\"wp-block-image size-large\"><img loading=\"lazy\" decoding=\"async\" width=\"1920\" height=\"1280\" src=\"https:\/\/explorethenorth.nl\/wp-content\/uploads\/2024\/05\/45994383202_808d4721f1_k-1920x1280.jpg\" alt=\"\" class=\"wp-image-1492\" srcset=\"https:\/\/explorethenorth.nl\/wp-content\/uploads\/2024\/05\/45994383202_808d4721f1_k-1920x1280.jpg 1920w, https:\/\/explorethenorth.nl\/wp-content\/uploads\/2024\/05\/45994383202_808d4721f1_k-1200x800.jpg 1200w, https:\/\/explorethenorth.nl\/wp-content\/uploads\/2024\/05\/45994383202_808d4721f1_k-768x512.jpg 768w, https:\/\/explorethenorth.nl\/wp-content\/uploads\/2024\/05\/45994383202_808d4721f1_k-1536x1024.jpg 1536w, https:\/\/explorethenorth.nl\/wp-content\/uploads\/2024\/05\/45994383202_808d4721f1_k.jpg 2048w\" sizes=\"auto, (max-width: 1920px) 100vw, 1920px\" \/><\/figure>\n<\/div>\n\n\n\n<div class=\"wp-block-column is-layout-flow wp-block-column-is-layout-flow\">\n<figure class=\"wp-block-image size-large\"><img loading=\"lazy\" decoding=\"async\" width=\"1920\" height=\"1280\" src=\"https:\/\/explorethenorth.nl\/wp-content\/uploads\/2024\/06\/45286553394_de9ca32bc5_k-1920x1280.jpg\" alt=\"\" class=\"wp-image-1889\" srcset=\"https:\/\/explorethenorth.nl\/wp-content\/uploads\/2024\/06\/45286553394_de9ca32bc5_k-1920x1280.jpg 1920w, https:\/\/explorethenorth.nl\/wp-content\/uploads\/2024\/06\/45286553394_de9ca32bc5_k-1200x800.jpg 1200w, https:\/\/explorethenorth.nl\/wp-content\/uploads\/2024\/06\/45286553394_de9ca32bc5_k-768x512.jpg 768w, https:\/\/explorethenorth.nl\/wp-content\/uploads\/2024\/06\/45286553394_de9ca32bc5_k-1536x1024.jpg 1536w, https:\/\/explorethenorth.nl\/wp-content\/uploads\/2024\/06\/45286553394_de9ca32bc5_k.jpg 2048w\" sizes=\"auto, (max-width: 1920px) 100vw, 1920px\" \/><\/figure>\n<\/div>\n<\/div>\n\n\n<\/div>\n\n<div class=\"wp-block-whitespace small\" aria-hidden=\"true\"><\/div>\n\n\n<p>Ynmiddels hawwe wy \u00fas produksjeh\u00fbs fierder \u00fbntwikkele, mei projekten dy\u2019t troch it hiele l\u00e2n reizgje. Yn 2024 binne wy in produksjeh\u00fbs, festival \u00e9n poadium. S\u00fbnt april 2024 hawwe wy nammentlik offisjeel de eardere Westerkerk oernommen en omdoopt ta \u00fas eigen h\u00fbs: Poadium Explore. Yn Poadium Explore fynst it hiele jier troch programma\u2019s op ferskate plakken yn it prachtige gebou. D\u00earneist fynt der ek fan alles plak lykas lessen, workshops en residinsjes, en is \u00fas kafee alle freeds foar dy iepen.<\/p>\n\n\n\n<p>Binnen \u00fas produksjeh\u00fbs sette wy mei ferskate makkers it hiele jier troch ynterdissiplin\u00eare projekten op \u2019e nij del, dy\u2019t troch it hiele l\u00e2n op ferskate lokaasjes te sjen binne \u2013 altyd mei literatuer, meartaligens en taal as reade tried. D\u00earneist biede wy talint\u00fbntwikkelingstrajekten op maat foar makkers yn ferskillende fazen fan harren karri\u00eare.<\/p>\n\n\n\n<p>Novimber is \u00fas festivalmoanne, mei in fergees tagonklik festivalhert, in keunstfestival foar jonge, noardlike makkers (De Broeikas) \u00e9n in trijedeis festival mei in programma d\u00ear\u2019t ynternasjonale pioniers njonken de jongste lokale wurdkunstners op it poadium steane.<\/p>\n\n\n<div class=\"wp-block-whitespace small\" aria-hidden=\"true\"><\/div>\n\n<div class=\"block-event-column block-event-column--33 \">\n\t\n\n<div class=\"wp-block-columns is-layout-flex wp-container-core-columns-is-layout-9d6595d7 wp-block-columns-is-layout-flex\">\n<div class=\"wp-block-column is-layout-flow wp-block-column-is-layout-flow\">\n<figure class=\"wp-block-image size-large\"><img loading=\"lazy\" decoding=\"async\" width=\"1920\" height=\"1280\" src=\"https:\/\/explorethenorth.nl\/wp-content\/uploads\/2024\/06\/49115126776_486d295bd2_k-1920x1280.jpg\" alt=\"\" class=\"wp-image-1894\" srcset=\"https:\/\/explorethenorth.nl\/wp-content\/uploads\/2024\/06\/49115126776_486d295bd2_k-1920x1280.jpg 1920w, https:\/\/explorethenorth.nl\/wp-content\/uploads\/2024\/06\/49115126776_486d295bd2_k-1200x800.jpg 1200w, https:\/\/explorethenorth.nl\/wp-content\/uploads\/2024\/06\/49115126776_486d295bd2_k-768x512.jpg 768w, https:\/\/explorethenorth.nl\/wp-content\/uploads\/2024\/06\/49115126776_486d295bd2_k-1536x1024.jpg 1536w, https:\/\/explorethenorth.nl\/wp-content\/uploads\/2024\/06\/49115126776_486d295bd2_k.jpg 2048w\" sizes=\"auto, (max-width: 1920px) 100vw, 1920px\" \/><\/figure>\n<\/div>\n\n\n\n<div class=\"wp-block-column is-layout-flow wp-block-column-is-layout-flow\">\n<figure class=\"wp-block-image size-large\"><img loading=\"lazy\" decoding=\"async\" width=\"1920\" height=\"1282\" src=\"https:\/\/explorethenorth.nl\/wp-content\/uploads\/2024\/06\/49121282546_23e6d6b048_k-1920x1282.jpg\" alt=\"\" class=\"wp-image-1896\" srcset=\"https:\/\/explorethenorth.nl\/wp-content\/uploads\/2024\/06\/49121282546_23e6d6b048_k-1920x1282.jpg 1920w, https:\/\/explorethenorth.nl\/wp-content\/uploads\/2024\/06\/49121282546_23e6d6b048_k-1200x801.jpg 1200w, https:\/\/explorethenorth.nl\/wp-content\/uploads\/2024\/06\/49121282546_23e6d6b048_k-768x513.jpg 768w, https:\/\/explorethenorth.nl\/wp-content\/uploads\/2024\/06\/49121282546_23e6d6b048_k-1536x1025.jpg 1536w, https:\/\/explorethenorth.nl\/wp-content\/uploads\/2024\/06\/49121282546_23e6d6b048_k.jpg 2048w\" sizes=\"auto, (max-width: 1920px) 100vw, 1920px\" \/><\/figure>\n<\/div>\n\n\n\n<div class=\"wp-block-column is-layout-flow wp-block-column-is-layout-flow\">\n<figure class=\"wp-block-image size-large\"><img loading=\"lazy\" decoding=\"async\" width=\"1920\" height=\"1280\" src=\"https:\/\/explorethenorth.nl\/wp-content\/uploads\/2024\/06\/49121221583_4c97eefe31_k2-1920x1280.jpg\" alt=\"\" class=\"wp-image-1898\" srcset=\"https:\/\/explorethenorth.nl\/wp-content\/uploads\/2024\/06\/49121221583_4c97eefe31_k2-1920x1280.jpg 1920w, https:\/\/explorethenorth.nl\/wp-content\/uploads\/2024\/06\/49121221583_4c97eefe31_k2-1200x800.jpg 1200w, https:\/\/explorethenorth.nl\/wp-content\/uploads\/2024\/06\/49121221583_4c97eefe31_k2-768x512.jpg 768w, https:\/\/explorethenorth.nl\/wp-content\/uploads\/2024\/06\/49121221583_4c97eefe31_k2-1536x1024.jpg 1536w, https:\/\/explorethenorth.nl\/wp-content\/uploads\/2024\/06\/49121221583_4c97eefe31_k2.jpg 2047w\" sizes=\"auto, (max-width: 1920px) 100vw, 1920px\" \/><\/figure>\n<\/div>\n<\/div>\n\n\n<\/div>\n\n\n<figure class=\"wp-block-image size-large\"><img loading=\"lazy\" decoding=\"async\" width=\"1920\" height=\"1280\" src=\"https:\/\/explorethenorth.nl\/wp-content\/uploads\/2024\/06\/49090660076_929cbbddcd_k-1920x1280.jpg\" alt=\"\" class=\"wp-image-1891\" srcset=\"https:\/\/explorethenorth.nl\/wp-content\/uploads\/2024\/06\/49090660076_929cbbddcd_k-1920x1280.jpg 1920w, https:\/\/explorethenorth.nl\/wp-content\/uploads\/2024\/06\/49090660076_929cbbddcd_k-1200x800.jpg 1200w, https:\/\/explorethenorth.nl\/wp-content\/uploads\/2024\/06\/49090660076_929cbbddcd_k-768x512.jpg 768w, https:\/\/explorethenorth.nl\/wp-content\/uploads\/2024\/06\/49090660076_929cbbddcd_k-1536x1024.jpg 1536w, https:\/\/explorethenorth.nl\/wp-content\/uploads\/2024\/06\/49090660076_929cbbddcd_k.jpg 2048w\" sizes=\"auto, (max-width: 1920px) 100vw, 1920px\" \/><\/figure>\n\n\n<div class=\"block-event-column block-event-column--33 \">\n\t\n\n<div class=\"wp-block-columns is-layout-flex wp-container-core-columns-is-layout-9d6595d7 wp-block-columns-is-layout-flex\">\n<div class=\"wp-block-column is-layout-flow wp-block-column-is-layout-flow\">\n<figure class=\"wp-block-image size-large\"><img loading=\"lazy\" decoding=\"async\" width=\"1920\" height=\"1280\" src=\"https:\/\/explorethenorth.nl\/wp-content\/uploads\/2024\/06\/52431035767_28bf18a846_k1-1920x1280.jpg\" alt=\"\" class=\"wp-image-2376\" srcset=\"https:\/\/explorethenorth.nl\/wp-content\/uploads\/2024\/06\/52431035767_28bf18a846_k1-1920x1280.jpg 1920w, https:\/\/explorethenorth.nl\/wp-content\/uploads\/2024\/06\/52431035767_28bf18a846_k1-1200x800.jpg 1200w, https:\/\/explorethenorth.nl\/wp-content\/uploads\/2024\/06\/52431035767_28bf18a846_k1-768x512.jpg 768w, https:\/\/explorethenorth.nl\/wp-content\/uploads\/2024\/06\/52431035767_28bf18a846_k1-1536x1024.jpg 1536w, https:\/\/explorethenorth.nl\/wp-content\/uploads\/2024\/06\/52431035767_28bf18a846_k1.jpg 2048w\" sizes=\"auto, (max-width: 1920px) 100vw, 1920px\" \/><\/figure>\n<\/div>\n\n\n\n<div class=\"wp-block-column is-layout-flow wp-block-column-is-layout-flow\">\n<figure class=\"wp-block-image size-large\"><img loading=\"lazy\" decoding=\"async\" width=\"1920\" height=\"1280\" src=\"https:\/\/explorethenorth.nl\/wp-content\/uploads\/2024\/06\/52432011585_4c5abcc453_k-1920x1280.jpg\" alt=\"\" class=\"wp-image-2378\" srcset=\"https:\/\/explorethenorth.nl\/wp-content\/uploads\/2024\/06\/52432011585_4c5abcc453_k-1920x1280.jpg 1920w, https:\/\/explorethenorth.nl\/wp-content\/uploads\/2024\/06\/52432011585_4c5abcc453_k-1200x800.jpg 1200w, https:\/\/explorethenorth.nl\/wp-content\/uploads\/2024\/06\/52432011585_4c5abcc453_k-768x512.jpg 768w, https:\/\/explorethenorth.nl\/wp-content\/uploads\/2024\/06\/52432011585_4c5abcc453_k-1536x1024.jpg 1536w, https:\/\/explorethenorth.nl\/wp-content\/uploads\/2024\/06\/52432011585_4c5abcc453_k.jpg 2048w\" sizes=\"auto, (max-width: 1920px) 100vw, 1920px\" \/><\/figure>\n<\/div>\n\n\n\n<div class=\"wp-block-column is-layout-flow wp-block-column-is-layout-flow\">\n<figure class=\"wp-block-image size-large\"><img loading=\"lazy\" decoding=\"async\" width=\"1920\" height=\"1280\" src=\"https:\/\/explorethenorth.nl\/wp-content\/uploads\/2024\/06\/52428290072_da0aaafb2c_k-1920x1280.jpg\" alt=\"\" class=\"wp-image-2380\" srcset=\"https:\/\/explorethenorth.nl\/wp-content\/uploads\/2024\/06\/52428290072_da0aaafb2c_k-1920x1280.jpg 1920w, https:\/\/explorethenorth.nl\/wp-content\/uploads\/2024\/06\/52428290072_da0aaafb2c_k-1200x800.jpg 1200w, https:\/\/explorethenorth.nl\/wp-content\/uploads\/2024\/06\/52428290072_da0aaafb2c_k-768x512.jpg 768w, https:\/\/explorethenorth.nl\/wp-content\/uploads\/2024\/06\/52428290072_da0aaafb2c_k-1536x1024.jpg 1536w, https:\/\/explorethenorth.nl\/wp-content\/uploads\/2024\/06\/52428290072_da0aaafb2c_k.jpg 2048w\" sizes=\"auto, (max-width: 1920px) 100vw, 1920px\" \/><\/figure>\n<\/div>\n<\/div>\n\n\n<\/div>\n\n<div class=\"wp-block-whitespace small\" aria-hidden=\"true\"><\/div>\n\n\n<blockquote class=\"wp-block-quote is-layout-flow wp-block-quote-is-layout-flow\">\n<p>\u201c(\u2026) De lytse, dappere ploech minsken efter Explore the North. Ek sy begripe de wearde fan kultuer, hawwe in goed (ynternasjonaal) netwurk en doarre risiko te nimmen yn harren programma ynstee fan feilige, bekende paden te folgjen. Dat perspektyf sille wy de kommende jierren hurd nedich hawwe.\u201d<\/p>\n<cite>Leeuwarder Courant 2024<\/cite><\/blockquote>\n\n\n<div class=\"wp-block-whitespace small\" aria-hidden=\"true\"><\/div>\n\n\n<p><a href=\"\/fy\/?page_id=11602\">ANBI en verantwoording<\/a><\/p>\n\n\n<div class=\"wp-block-whitespace medium\" aria-hidden=\"true\"><\/div>\n\n<div class=\"block-media-fullwidth\">\t<div class=\"block-media-fullwidth__content\">\n\t\t\n\n<figure class=\"wp-block-video\"><video autoplay loop muted src=\"https:\/\/video.gumlet.io\/67af00aae5de6394b226f2d7\/67af4794e5de6394b2288445\/download.mp4\" playsinline><\/video><\/figure>\n\n\n\t<\/div>\n<\/div>\n\n","protected":false},"excerpt":{"rendered":"<p>Explore the North \u00fbntstie yn 2011 as in lyts festival mei in fokus op muzyk en literatuer. De haadrol wie&#8230;<\/p>\n","protected":false},"author":4,"featured_media":11202,"parent":0,"menu_order":106,"comment_status":"closed","ping_status":"closed","template":"","meta":{"_acf_changed":false,"inline_featured_image":false,"footnotes":""},"year":[],"class_list":["post-11201","page","type-page","status-publish","has-post-thumbnail","hentry"],"acf":[],"yoast_head":"<!-- This site is optimized with the Yoast SEO plugin v27.4 - https:\/\/yoast.com\/product\/yoast-seo-wordpress\/ -->\n<title>Oer \u00fas - Explore the North<\/title>\n<meta name=\"robots\" content=\"index, follow, max-snippet:-1, max-image-preview:large, max-video-preview:-1\" \/>\n<link rel=\"canonical\" href=\"https:\/\/explorethenorth.nl\/fy\/oer-us\/\" \/>\n<meta property=\"og:locale\" content=\"fy_NL\" \/>\n<meta property=\"og:type\" content=\"article\" \/>\n<meta property=\"og:title\" content=\"Oer \u00fas - Explore the North\" \/>\n<meta property=\"og:description\" content=\"Explore the North \u00fbntstie yn 2011 as in lyts festival mei in fokus op muzyk en literatuer. De haadrol wie...\" \/>\n<meta property=\"og:url\" content=\"https:\/\/explorethenorth.nl\/fy\/oer-us\/\" \/>\n<meta property=\"og:site_name\" content=\"Explore the North\" \/>\n<meta property=\"article:modified_time\" content=\"2025-10-15T10:18:34+00:00\" \/>\n<meta property=\"og:image\" content=\"https:\/\/explorethenorth.nl\/wp-content\/uploads\/2024\/05\/45994383202_808d4721f1_k.jpg\" \/>\n\t<meta property=\"og:image:width\" content=\"2048\" \/>\n\t<meta property=\"og:image:height\" content=\"1365\" \/>\n\t<meta property=\"og:image:type\" content=\"image\/jpeg\" \/>\n<meta name=\"twitter:card\" content=\"summary_large_image\" \/>\n<meta name=\"twitter:label1\" content=\"Est. reading time\" \/>\n\t<meta name=\"twitter:data1\" content=\"4 minutes\" \/>\n<script type=\"application\/ld+json\" class=\"yoast-schema-graph\">{\"@context\":\"https:\\\/\\\/schema.org\",\"@graph\":[{\"@type\":\"WebPage\",\"@id\":\"https:\\\/\\\/explorethenorth.nl\\\/fy\\\/oer-us\\\/\",\"url\":\"https:\\\/\\\/explorethenorth.nl\\\/fy\\\/oer-us\\\/\",\"name\":\"Oer \u00fas - Explore the North\",\"isPartOf\":{\"@id\":\"https:\\\/\\\/explorethenorth.nl\\\/fy\\\/#website\"},\"primaryImageOfPage\":{\"@id\":\"https:\\\/\\\/explorethenorth.nl\\\/fy\\\/oer-us\\\/#primaryimage\"},\"image\":{\"@id\":\"https:\\\/\\\/explorethenorth.nl\\\/fy\\\/oer-us\\\/#primaryimage\"},\"thumbnailUrl\":\"https:\\\/\\\/explorethenorth.nl\\\/wp-content\\\/uploads\\\/2024\\\/05\\\/45994383202_808d4721f1_k.jpg\",\"datePublished\":\"2024-02-28T08:49:12+00:00\",\"dateModified\":\"2025-10-15T10:18:34+00:00\",\"breadcrumb\":{\"@id\":\"https:\\\/\\\/explorethenorth.nl\\\/fy\\\/oer-us\\\/#breadcrumb\"},\"inLanguage\":\"fy-NL\",\"potentialAction\":[{\"@type\":\"ReadAction\",\"target\":[\"https:\\\/\\\/explorethenorth.nl\\\/fy\\\/oer-us\\\/\"]}]},{\"@type\":\"ImageObject\",\"inLanguage\":\"fy-NL\",\"@id\":\"https:\\\/\\\/explorethenorth.nl\\\/fy\\\/oer-us\\\/#primaryimage\",\"url\":\"https:\\\/\\\/explorethenorth.nl\\\/wp-content\\\/uploads\\\/2024\\\/05\\\/45994383202_808d4721f1_k.jpg\",\"contentUrl\":\"https:\\\/\\\/explorethenorth.nl\\\/wp-content\\\/uploads\\\/2024\\\/05\\\/45994383202_808d4721f1_k.jpg\",\"width\":2048,\"height\":1365},{\"@type\":\"BreadcrumbList\",\"@id\":\"https:\\\/\\\/explorethenorth.nl\\\/fy\\\/oer-us\\\/#breadcrumb\",\"itemListElement\":[{\"@type\":\"ListItem\",\"position\":1,\"name\":\"Home\",\"item\":\"https:\\\/\\\/explorethenorth.nl\\\/fy\\\/\"},{\"@type\":\"ListItem\",\"position\":2,\"name\":\"Oer \u00fas\"}]},{\"@type\":\"WebSite\",\"@id\":\"https:\\\/\\\/explorethenorth.nl\\\/fy\\\/#website\",\"url\":\"https:\\\/\\\/explorethenorth.nl\\\/fy\\\/\",\"name\":\"Explore the North\",\"description\":\"\",\"publisher\":{\"@id\":\"https:\\\/\\\/explorethenorth.nl\\\/fy\\\/#organization\"},\"potentialAction\":[{\"@type\":\"SearchAction\",\"target\":{\"@type\":\"EntryPoint\",\"urlTemplate\":\"https:\\\/\\\/explorethenorth.nl\\\/fy\\\/?s={search_term_string}\"},\"query-input\":{\"@type\":\"PropertyValueSpecification\",\"valueRequired\":true,\"valueName\":\"search_term_string\"}}],\"inLanguage\":\"fy-NL\"},{\"@type\":\"Organization\",\"@id\":\"https:\\\/\\\/explorethenorth.nl\\\/fy\\\/#organization\",\"name\":\"Explore the North\",\"url\":\"https:\\\/\\\/explorethenorth.nl\\\/fy\\\/\",\"logo\":{\"@type\":\"ImageObject\",\"inLanguage\":\"fy-NL\",\"@id\":\"https:\\\/\\\/explorethenorth.nl\\\/fy\\\/#\\\/schema\\\/logo\\\/image\\\/\",\"url\":\"https:\\\/\\\/explorethenorth.nl\\\/wp-content\\\/uploads\\\/2024\\\/06\\\/explore_the-north.jpg\",\"contentUrl\":\"https:\\\/\\\/explorethenorth.nl\\\/wp-content\\\/uploads\\\/2024\\\/06\\\/explore_the-north.jpg\",\"width\":1200,\"height\":675,\"caption\":\"Explore the North\"},\"image\":{\"@id\":\"https:\\\/\\\/explorethenorth.nl\\\/fy\\\/#\\\/schema\\\/logo\\\/image\\\/\"}}]}<\/script>\n<!-- \/ Yoast SEO plugin. -->","yoast_head_json":{"title":"Oer \u00fas - Explore the North","robots":{"index":"index","follow":"follow","max-snippet":"max-snippet:-1","max-image-preview":"max-image-preview:large","max-video-preview":"max-video-preview:-1"},"canonical":"https:\/\/explorethenorth.nl\/fy\/oer-us\/","og_locale":"fy_NL","og_type":"article","og_title":"Oer \u00fas - Explore the North","og_description":"Explore the North \u00fbntstie yn 2011 as in lyts festival mei in fokus op muzyk en literatuer. De haadrol wie...","og_url":"https:\/\/explorethenorth.nl\/fy\/oer-us\/","og_site_name":"Explore the North","article_modified_time":"2025-10-15T10:18:34+00:00","og_image":[{"width":2048,"height":1365,"url":"https:\/\/explorethenorth.nl\/wp-content\/uploads\/2024\/05\/45994383202_808d4721f1_k.jpg","type":"image\/jpeg"}],"twitter_card":"summary_large_image","twitter_misc":{"Est. reading time":"4 minutes"},"schema":{"@context":"https:\/\/schema.org","@graph":[{"@type":"WebPage","@id":"https:\/\/explorethenorth.nl\/fy\/oer-us\/","url":"https:\/\/explorethenorth.nl\/fy\/oer-us\/","name":"Oer \u00fas - Explore the North","isPartOf":{"@id":"https:\/\/explorethenorth.nl\/fy\/#website"},"primaryImageOfPage":{"@id":"https:\/\/explorethenorth.nl\/fy\/oer-us\/#primaryimage"},"image":{"@id":"https:\/\/explorethenorth.nl\/fy\/oer-us\/#primaryimage"},"thumbnailUrl":"https:\/\/explorethenorth.nl\/wp-content\/uploads\/2024\/05\/45994383202_808d4721f1_k.jpg","datePublished":"2024-02-28T08:49:12+00:00","dateModified":"2025-10-15T10:18:34+00:00","breadcrumb":{"@id":"https:\/\/explorethenorth.nl\/fy\/oer-us\/#breadcrumb"},"inLanguage":"fy-NL","potentialAction":[{"@type":"ReadAction","target":["https:\/\/explorethenorth.nl\/fy\/oer-us\/"]}]},{"@type":"ImageObject","inLanguage":"fy-NL","@id":"https:\/\/explorethenorth.nl\/fy\/oer-us\/#primaryimage","url":"https:\/\/explorethenorth.nl\/wp-content\/uploads\/2024\/05\/45994383202_808d4721f1_k.jpg","contentUrl":"https:\/\/explorethenorth.nl\/wp-content\/uploads\/2024\/05\/45994383202_808d4721f1_k.jpg","width":2048,"height":1365},{"@type":"BreadcrumbList","@id":"https:\/\/explorethenorth.nl\/fy\/oer-us\/#breadcrumb","itemListElement":[{"@type":"ListItem","position":1,"name":"Home","item":"https:\/\/explorethenorth.nl\/fy\/"},{"@type":"ListItem","position":2,"name":"Oer \u00fas"}]},{"@type":"WebSite","@id":"https:\/\/explorethenorth.nl\/fy\/#website","url":"https:\/\/explorethenorth.nl\/fy\/","name":"Explore the North","description":"","publisher":{"@id":"https:\/\/explorethenorth.nl\/fy\/#organization"},"potentialAction":[{"@type":"SearchAction","target":{"@type":"EntryPoint","urlTemplate":"https:\/\/explorethenorth.nl\/fy\/?s={search_term_string}"},"query-input":{"@type":"PropertyValueSpecification","valueRequired":true,"valueName":"search_term_string"}}],"inLanguage":"fy-NL"},{"@type":"Organization","@id":"https:\/\/explorethenorth.nl\/fy\/#organization","name":"Explore the North","url":"https:\/\/explorethenorth.nl\/fy\/","logo":{"@type":"ImageObject","inLanguage":"fy-NL","@id":"https:\/\/explorethenorth.nl\/fy\/#\/schema\/logo\/image\/","url":"https:\/\/explorethenorth.nl\/wp-content\/uploads\/2024\/06\/explore_the-north.jpg","contentUrl":"https:\/\/explorethenorth.nl\/wp-content\/uploads\/2024\/06\/explore_the-north.jpg","width":1200,"height":675,"caption":"Explore the North"},"image":{"@id":"https:\/\/explorethenorth.nl\/fy\/#\/schema\/logo\/image\/"}}]}},"_links":{"self":[{"href":"https:\/\/explorethenorth.nl\/fy\/wp-json\/wp\/v2\/pages\/11201","targetHints":{"allow":["GET"]}}],"collection":[{"href":"https:\/\/explorethenorth.nl\/fy\/wp-json\/wp\/v2\/pages"}],"about":[{"href":"https:\/\/explorethenorth.nl\/fy\/wp-json\/wp\/v2\/types\/page"}],"author":[{"embeddable":true,"href":"https:\/\/explorethenorth.nl\/fy\/wp-json\/wp\/v2\/users\/4"}],"replies":[{"embeddable":true,"href":"https:\/\/explorethenorth.nl\/fy\/wp-json\/wp\/v2\/comments?post=11201"}],"version-history":[{"count":3,"href":"https:\/\/explorethenorth.nl\/fy\/wp-json\/wp\/v2\/pages\/11201\/revisions"}],"predecessor-version":[{"id":13666,"href":"https:\/\/explorethenorth.nl\/fy\/wp-json\/wp\/v2\/pages\/11201\/revisions\/13666"}],"wp:featuredmedia":[{"embeddable":true,"href":"https:\/\/explorethenorth.nl\/fy\/wp-json\/wp\/v2\/media\/11202"}],"wp:attachment":[{"href":"https:\/\/explorethenorth.nl\/fy\/wp-json\/wp\/v2\/media?parent=11201"}],"wp:term":[{"taxonomy":"year","embeddable":true,"href":"https:\/\/explorethenorth.nl\/fy\/wp-json\/wp\/v2\/year?post=11201"}],"curies":[{"name":"wp","href":"https:\/\/api.w.org\/{rel}","templated":true}]}}