{"id":11188,"date":"2024-02-28T09:45:05","date_gmt":"2024-02-28T08:45:05","guid":{"rendered":"https:\/\/explorethenorth.nl\/?page_id=11188"},"modified":"2025-10-15T12:06:49","modified_gmt":"2025-10-15T10:06:49","slug":"talentontwikkeling","status":"publish","type":"page","link":"https:\/\/explorethenorth.nl\/fy\/talentontwikkeling\/","title":{"rendered":"Talentontwikkeling"},"content":{"rendered":"<div class=\"block__introduction \">\n\t\n\n<p>Explore the North wurket gear mei makkers en talint \u00fat ferskate dissiplines en yn ferskillende stadia fan \u00fbntwikkeling.<br><br>Wy ferbine \u00fas oan ferskate talint\u00fbntwikkelingsprogramma\u2019s, w\u00earby\u2019t wy talinten stypje en begeliede. Hjir\u00fbnder fynst in oersjoch. Al dizze trajekten resultearje yn programma\u2019s dy\u2019t wy it hiele jier troch presintearje yn Poadium Explore, mar ek yn \u00fas festivalperioade \u00e9n op oare lokaasjes.<\/p>\n\n\n\n<p>Bist sels op syk nei stipe by in nije kreative karri\u00eare? Stjoer \u00fas dan in mail op  <a href=\"mailto:info@explore-the-north.nl\">info@explore-the-north.nl<\/a>.<\/p>\n\n\n<\/div>\n\n<div class=\"wp-block-whitespace small\" aria-hidden=\"true\"><\/div>\n\n<div class=\"block-project-grid block-project-grid__type-active \">    <div class=\"grid-container\"><div class=\"griditem project-griditem\">\n  <figure class=\"image\">\n          <a href=\"https:\/\/explorethenorth.nl\/fy\/project\/de-aanzet\/\" title=\"De Aanzet\">\n        <img loading=\"lazy\" decoding=\"async\" width=\"800\" height=\"1200\" src=\"https:\/\/explorethenorth.nl\/wp-content\/uploads\/2026\/01\/54939804683_0942728758_k-800x1200.jpg\" class=\"attachment-medium size-medium wp-post-image\" alt=\"\" srcset=\"https:\/\/explorethenorth.nl\/wp-content\/uploads\/2026\/01\/54939804683_0942728758_k-800x1200.jpg 800w, https:\/\/explorethenorth.nl\/wp-content\/uploads\/2026\/01\/54939804683_0942728758_k-1280x1920.jpg 1280w, https:\/\/explorethenorth.nl\/wp-content\/uploads\/2026\/01\/54939804683_0942728758_k-768x1152.jpg 768w, https:\/\/explorethenorth.nl\/wp-content\/uploads\/2026\/01\/54939804683_0942728758_k-1024x1536.jpg 1024w, https:\/\/explorethenorth.nl\/wp-content\/uploads\/2026\/01\/54939804683_0942728758_k.jpg 1365w\" sizes=\"auto, (max-width: 800px) 100vw, 800px\" \/>      <\/a>\n      <\/figure>\n  <div class=\"content\">\n  <div class=\"tags\"><span class=\"tag\">Talentontwikkeling<\/span>    <\/div>\n    <a href=\"https:\/\/explorethenorth.nl\/fy\/project\/de-aanzet\/\" title=\"De Aanzet\">\n      <h3>De Aanzet<\/h3>\n      <p>De Aanzet bringt fjouwer skriuwers \u00fat Drinte, Grinsl\u00e2n en Frysl\u00e2n byinoar dy&#8217;t klear binne foar de folgjende stap yn harren&#8230;<\/p>\n    <\/a>\n  <\/div>\n<\/div><div class=\"griditem project-griditem\">\n  <figure class=\"image\">\n          <a href=\"https:\/\/explorethenorth.nl\/fy\/project\/oproer\/\" title=\"Oproer\">\n        <img loading=\"lazy\" decoding=\"async\" width=\"900\" height=\"1200\" src=\"https:\/\/explorethenorth.nl\/wp-content\/uploads\/2025\/04\/54941470746_79ccded75c_k1-900x1200.jpg\" class=\"attachment-medium size-medium wp-post-image\" alt=\"\" srcset=\"https:\/\/explorethenorth.nl\/wp-content\/uploads\/2025\/04\/54941470746_79ccded75c_k1-900x1200.jpg 900w, https:\/\/explorethenorth.nl\/wp-content\/uploads\/2025\/04\/54941470746_79ccded75c_k1-1440x1920.jpg 1440w, https:\/\/explorethenorth.nl\/wp-content\/uploads\/2025\/04\/54941470746_79ccded75c_k1-768x1024.jpg 768w, https:\/\/explorethenorth.nl\/wp-content\/uploads\/2025\/04\/54941470746_79ccded75c_k1-1152x1536.jpg 1152w, https:\/\/explorethenorth.nl\/wp-content\/uploads\/2025\/04\/54941470746_79ccded75c_k1.jpg 1536w\" sizes=\"auto, (max-width: 900px) 100vw, 900px\" \/>      <\/a>\n      <\/figure>\n  <div class=\"content\">\n  <div class=\"tags\"><span class=\"tag\">Talentontwikkeling<\/span>    <\/div>\n    <a href=\"https:\/\/explorethenorth.nl\/fy\/project\/oproer\/\" title=\"Oproer\">\n      <h3>Oproer<\/h3>\n      <p>Explore the North\u00a0is tegearre mei\u00a0Grand Theatre\u00a0\u00fat Noard-Nederl\u00e2n oansletten by it netwurk\u00a0Oproer. Fan\u00fat\u00a0Explore the North\u00a0en\u00a0Grand Theatre\u00a0is it kollektiv\u00a0Drie Dagen Fris, besteande&#8230;<\/p>\n    <\/a>\n  <\/div>\n<\/div><div class=\"griditem project-griditem\">\n  <figure class=\"image\">\n          <a href=\"https:\/\/explorethenorth.nl\/fy\/project\/station-noord\/\" title=\"Station Noord\">\n        <img loading=\"lazy\" decoding=\"async\" width=\"1200\" height=\"1200\" src=\"https:\/\/explorethenorth.nl\/wp-content\/uploads\/2024\/04\/53359745679_b8209062d2_k-e1718089059665-1200x1200.jpg\" class=\"attachment-medium size-medium wp-post-image\" alt=\"\" srcset=\"https:\/\/explorethenorth.nl\/wp-content\/uploads\/2024\/04\/53359745679_b8209062d2_k-e1718089059665-1200x1200.jpg 1200w, https:\/\/explorethenorth.nl\/wp-content\/uploads\/2024\/04\/53359745679_b8209062d2_k-e1718089059665-500x500.jpg 500w, https:\/\/explorethenorth.nl\/wp-content\/uploads\/2024\/04\/53359745679_b8209062d2_k-e1718089059665-768x768.jpg 768w, https:\/\/explorethenorth.nl\/wp-content\/uploads\/2024\/04\/53359745679_b8209062d2_k-e1718089059665.jpg 1536w\" sizes=\"auto, (max-width: 1200px) 100vw, 1200px\" \/>      <\/a>\n      <\/figure>\n  <div class=\"content\">\n  <div class=\"tags\"><span class=\"tag\">Talentontwikkeling<\/span>    <\/div>\n    <a href=\"https:\/\/explorethenorth.nl\/fy\/project\/station-noord\/\" title=\"Station Noord\">\n      <h3>Station Noord<\/h3>\n      <p>Santjin partnerorganisaasjes b\u00fbn de kr\u00eaften en kwaliteiten byinoar om de mooglikheden foar begjinnende makers \u00fat Noard-Nederl\u00e2n \u00fat te wreidzjen. Sa&#8230;<\/p>\n    <\/a>\n  <\/div>\n<\/div><div class=\"griditem project-griditem\">\n  <figure class=\"image\">\n          <a href=\"https:\/\/explorethenorth.nl\/fy\/project\/poetry-circle-058\/\" title=\"Poetry Circle 058\">\n        <img loading=\"lazy\" decoding=\"async\" width=\"1200\" height=\"960\" src=\"https:\/\/explorethenorth.nl\/wp-content\/uploads\/2024\/06\/53527915467_78f4513079_k-1200x960.jpg\" class=\"attachment-medium size-medium wp-post-image\" alt=\"\" srcset=\"https:\/\/explorethenorth.nl\/wp-content\/uploads\/2024\/06\/53527915467_78f4513079_k-1200x960.jpg 1200w, https:\/\/explorethenorth.nl\/wp-content\/uploads\/2024\/06\/53527915467_78f4513079_k-1920x1536.jpg 1920w, https:\/\/explorethenorth.nl\/wp-content\/uploads\/2024\/06\/53527915467_78f4513079_k-768x614.jpg 768w, https:\/\/explorethenorth.nl\/wp-content\/uploads\/2024\/06\/53527915467_78f4513079_k-1536x1229.jpg 1536w, https:\/\/explorethenorth.nl\/wp-content\/uploads\/2024\/06\/53527915467_78f4513079_k.jpg 2048w\" sizes=\"auto, (max-width: 1200px) 100vw, 1200px\" \/>      <\/a>\n      <\/figure>\n  <div class=\"content\">\n  <div class=\"tags\"><span class=\"tag\">Talentontwikkeling<\/span>    <\/div>\n    <a href=\"https:\/\/explorethenorth.nl\/fy\/project\/poetry-circle-058\/\" title=\"Poetry Circle 058\">\n      <h3>Poetry Circle 058<\/h3>\n      <p>Poetry Circle is it lanlike platfoarm foar spoken word. In th\u00fas foar elkenien mei in ferhaal, in broedplak foar nij&#8230;<\/p>\n    <\/a>\n  <\/div>\n<\/div><div class=\"griditem project-griditem\">\n  <figure class=\"image\">\n          <a href=\"https:\/\/explorethenorth.nl\/fy\/project\/tweespraak\/\" title=\"Tweespraak\">\n        <img loading=\"lazy\" decoding=\"async\" width=\"800\" height=\"1200\" src=\"https:\/\/explorethenorth.nl\/wp-content\/uploads\/2024\/04\/53798338162_cf17580ec1_k-800x1200.jpg\" class=\"attachment-medium size-medium wp-post-image\" alt=\"\" srcset=\"https:\/\/explorethenorth.nl\/wp-content\/uploads\/2024\/04\/53798338162_cf17580ec1_k-800x1200.jpg 800w, https:\/\/explorethenorth.nl\/wp-content\/uploads\/2024\/04\/53798338162_cf17580ec1_k-1280x1920.jpg 1280w, https:\/\/explorethenorth.nl\/wp-content\/uploads\/2024\/04\/53798338162_cf17580ec1_k-768x1152.jpg 768w, https:\/\/explorethenorth.nl\/wp-content\/uploads\/2024\/04\/53798338162_cf17580ec1_k-1024x1536.jpg 1024w, https:\/\/explorethenorth.nl\/wp-content\/uploads\/2024\/04\/53798338162_cf17580ec1_k.jpg 1365w\" sizes=\"auto, (max-width: 800px) 100vw, 800px\" \/>      <\/a>\n      <\/figure>\n  <div class=\"content\">\n  <div class=\"tags\"><span class=\"tag\">Talentontwikkeling<\/span>    <\/div>\n    <a href=\"https:\/\/explorethenorth.nl\/fy\/project\/tweespraak\/\" title=\"Tweespraak\">\n      <h3>Tweespraak<\/h3>\n      <p>Tweespraak is it talint\u00fbntwikkelingstrajekt fan it Kultuer Kollektyf. In jier lang krije seis Fryske makkers de k\u00e2ns om harren artistike&#8230;<\/p>\n    <\/a>\n  <\/div>\n<\/div><div class=\"griditem project-griditem\">\n  <figure class=\"image\">\n          <a href=\"https:\/\/explorethenorth.nl\/fy\/project\/jonge-schrijvers\/\" title=\"Jonge Schrijvers\">\n        <img loading=\"lazy\" decoding=\"async\" width=\"1200\" height=\"800\" src=\"https:\/\/explorethenorth.nl\/wp-content\/uploads\/2024\/04\/53559644390_e4e3b73ad3_k1-1200x800.jpg\" class=\"attachment-medium size-medium wp-post-image\" alt=\"\" srcset=\"https:\/\/explorethenorth.nl\/wp-content\/uploads\/2024\/04\/53559644390_e4e3b73ad3_k1-1200x800.jpg 1200w, https:\/\/explorethenorth.nl\/wp-content\/uploads\/2024\/04\/53559644390_e4e3b73ad3_k1-1920x1280.jpg 1920w, https:\/\/explorethenorth.nl\/wp-content\/uploads\/2024\/04\/53559644390_e4e3b73ad3_k1-768x512.jpg 768w, https:\/\/explorethenorth.nl\/wp-content\/uploads\/2024\/04\/53559644390_e4e3b73ad3_k1-1536x1024.jpg 1536w, https:\/\/explorethenorth.nl\/wp-content\/uploads\/2024\/04\/53559644390_e4e3b73ad3_k1.jpg 2048w\" sizes=\"auto, (max-width: 1200px) 100vw, 1200px\" \/>      <\/a>\n      <\/figure>\n  <div class=\"content\">\n  <div class=\"tags\"><span class=\"tag\">Co-productie<\/span><span class=\"tag\">Productie<\/span><span class=\"tag\">Talentontwikkeling<\/span>    <\/div>\n    <a href=\"https:\/\/explorethenorth.nl\/fy\/project\/jonge-schrijvers\/\" title=\"Jonge Schrijvers\">\n      <h3>Jonge Schrijvers<\/h3>\n      <p>Twa kear yn it jier start in lessearring d\u00ear\u2019t dizze skriuwers yn de dop troch saakkundige dosinten ferskate aspekten fan&#8230;<\/p>\n    <\/a>\n  <\/div>\n<\/div><div class=\"griditem project-griditem\">\n  <figure class=\"image\">\n          <a href=\"https:\/\/explorethenorth.nl\/fy\/project\/woorden-op-woensdag\/\" title=\"Woorden op Woensdag\">\n        <img loading=\"lazy\" decoding=\"async\" width=\"1200\" height=\"900\" src=\"https:\/\/explorethenorth.nl\/wp-content\/uploads\/2024\/04\/55049737279_8aff5074d8_o-1200x900.jpg\" class=\"attachment-medium size-medium wp-post-image\" alt=\"\" srcset=\"https:\/\/explorethenorth.nl\/wp-content\/uploads\/2024\/04\/55049737279_8aff5074d8_o-1200x900.jpg 1200w, https:\/\/explorethenorth.nl\/wp-content\/uploads\/2024\/04\/55049737279_8aff5074d8_o-1920x1440.jpg 1920w, https:\/\/explorethenorth.nl\/wp-content\/uploads\/2024\/04\/55049737279_8aff5074d8_o-768x576.jpg 768w, https:\/\/explorethenorth.nl\/wp-content\/uploads\/2024\/04\/55049737279_8aff5074d8_o-1536x1152.jpg 1536w, https:\/\/explorethenorth.nl\/wp-content\/uploads\/2024\/04\/55049737279_8aff5074d8_o-2048x1536.jpg 2048w\" sizes=\"auto, (max-width: 1200px) 100vw, 1200px\" \/>      <\/a>\n      <\/figure>\n  <div class=\"content\">\n  <div class=\"tags\"><span class=\"tag\">Talentontwikkeling<\/span>    <\/div>\n    <a href=\"https:\/\/explorethenorth.nl\/fy\/project\/woorden-op-woensdag\/\" title=\"Woorden op Woensdag\">\n      <h3>Woorden op Woensdag<\/h3>\n      <p>Eltse earste woansdei fan \u2019e moanne is it kafee fan&nbsp;Podium Explore&nbsp;de h\u00faskeamer fan elkenien dy\u2019t him- of harsels dichter neamt&#8230;<\/p>\n    <\/a>\n  <\/div>\n<\/div><div class=\"griditem project-griditem\">\n  <figure class=\"image\">\n          <a href=\"https:\/\/explorethenorth.nl\/fy\/project\/de-schrijfclub\/\" title=\"De Schrijfclub\">\n        <img loading=\"lazy\" decoding=\"async\" width=\"800\" height=\"1200\" src=\"https:\/\/explorethenorth.nl\/wp-content\/uploads\/2024\/06\/53743295743_ed2228a66f_k-800x1200.jpg\" class=\"attachment-medium size-medium wp-post-image\" alt=\"\" srcset=\"https:\/\/explorethenorth.nl\/wp-content\/uploads\/2024\/06\/53743295743_ed2228a66f_k-800x1200.jpg 800w, https:\/\/explorethenorth.nl\/wp-content\/uploads\/2024\/06\/53743295743_ed2228a66f_k-1280x1920.jpg 1280w, https:\/\/explorethenorth.nl\/wp-content\/uploads\/2024\/06\/53743295743_ed2228a66f_k-768x1152.jpg 768w, https:\/\/explorethenorth.nl\/wp-content\/uploads\/2024\/06\/53743295743_ed2228a66f_k-1024x1536.jpg 1024w, https:\/\/explorethenorth.nl\/wp-content\/uploads\/2024\/06\/53743295743_ed2228a66f_k.jpg 1365w\" sizes=\"auto, (max-width: 800px) 100vw, 800px\" \/>      <\/a>\n      <\/figure>\n  <div class=\"content\">\n  <div class=\"tags\"><span class=\"tag\">Talentontwikkeling<\/span>    <\/div>\n    <a href=\"https:\/\/explorethenorth.nl\/fy\/project\/de-schrijfclub\/\" title=\"De Schrijfclub\">\n      <h3>De Schrijfclub<\/h3>\n      <p>De Schrijfclub is in klup. Foar skriuwers. En foar minsken dy&#8217;t per ongeluk in notisjeboekje kochten en no in ropping&#8230;<\/p>\n    <\/a>\n  <\/div>\n<\/div>    <\/div><\/div>\n\n\n<h2 class=\"wp-block-heading\">Earder wurken wy ek oan:<\/h2>\n\n\n<div class=\"wp-block-whitespace small\" aria-hidden=\"true\"><\/div>\n\n<div class=\"block-project-carousel block-project-carousel__select\">    <div class=\"swiper-container\">\n      <div class=\"swiper-wrapper\"><div class=\"swiper-slide project-slide\">\n  <figure class=\"image\">\n          <a href=\"https:\/\/explorethenorth.nl\/fy\/project\/nieuwestukken\/\" title=\"#NieuweStukken\">\n        <img loading=\"lazy\" decoding=\"async\" width=\"1200\" height=\"800\" src=\"https:\/\/explorethenorth.nl\/wp-content\/uploads\/2024\/06\/53542194717_3a68076073_k1-1200x800.jpg\" class=\"attachment-medium size-medium wp-post-image\" alt=\"\" srcset=\"https:\/\/explorethenorth.nl\/wp-content\/uploads\/2024\/06\/53542194717_3a68076073_k1-1200x800.jpg 1200w, https:\/\/explorethenorth.nl\/wp-content\/uploads\/2024\/06\/53542194717_3a68076073_k1-1920x1280.jpg 1920w, https:\/\/explorethenorth.nl\/wp-content\/uploads\/2024\/06\/53542194717_3a68076073_k1-768x512.jpg 768w, https:\/\/explorethenorth.nl\/wp-content\/uploads\/2024\/06\/53542194717_3a68076073_k1-1536x1024.jpg 1536w, https:\/\/explorethenorth.nl\/wp-content\/uploads\/2024\/06\/53542194717_3a68076073_k1.jpg 2048w\" sizes=\"auto, (max-width: 1200px) 100vw, 1200px\" \/>      <\/a>\n      <\/figure>\n  <div class=\"content\">\n  <div class=\"tags\"><span class=\"tag\">Talentontwikkeling<\/span>    <\/div>\n    <a href=\"https:\/\/explorethenorth.nl\/fy\/project\/nieuwestukken\/\" title=\"#NieuweStukken\">\n      <h3 class=\"project-slide__title\">#NieuweStukken<\/h3>\n    <\/a>\n  <\/div>\n<\/div><div class=\"swiper-slide project-slide\">\n  <figure class=\"image\">\n          <a href=\"https:\/\/explorethenorth.nl\/fy\/project\/explore-the-playground\/\" title=\"Explore the Playground\">\n        <img loading=\"lazy\" decoding=\"async\" width=\"601\" height=\"850\" src=\"https:\/\/explorethenorth.nl\/wp-content\/uploads\/2024\/06\/poster-explore-the-playground-klein.jpg\" class=\"attachment-medium size-medium wp-post-image\" alt=\"\" \/>      <\/a>\n      <\/figure>\n  <div class=\"content\">\n  <div class=\"tags\">    <\/div>\n    <a href=\"https:\/\/explorethenorth.nl\/fy\/project\/explore-the-playground\/\" title=\"Explore the Playground\">\n      <h3 class=\"project-slide__title\">Explore the Playground<\/h3>\n    <\/a>\n  <\/div>\n<\/div>      <\/div>\n    <\/div><\/div>\n\n<div class=\"wp-block-whitespace medium\" aria-hidden=\"true\"><\/div>","protected":false},"excerpt":{"rendered":"<p>Earder wurken wy ek oan:<\/p>\n","protected":false},"author":4,"featured_media":11189,"parent":0,"menu_order":97,"comment_status":"closed","ping_status":"closed","template":"","meta":{"_acf_changed":false,"inline_featured_image":false,"footnotes":""},"year":[],"class_list":["post-11188","page","type-page","status-publish","has-post-thumbnail","hentry"],"acf":[],"yoast_head":"<!-- This site is optimized with the Yoast SEO plugin v27.4 - https:\/\/yoast.com\/product\/yoast-seo-wordpress\/ -->\n<title>Talentontwikkeling - Explore the North<\/title>\n<meta name=\"robots\" content=\"index, follow, max-snippet:-1, max-image-preview:large, max-video-preview:-1\" \/>\n<link rel=\"canonical\" href=\"https:\/\/explorethenorth.nl\/fy\/talentontwikkeling\/\" \/>\n<meta property=\"og:locale\" content=\"fy_NL\" \/>\n<meta property=\"og:type\" content=\"article\" \/>\n<meta property=\"og:title\" content=\"Talentontwikkeling - Explore the North\" \/>\n<meta property=\"og:description\" content=\"Earder wurken wy ek oan:\" \/>\n<meta property=\"og:url\" content=\"https:\/\/explorethenorth.nl\/fy\/talentontwikkeling\/\" \/>\n<meta property=\"og:site_name\" content=\"Explore the North\" \/>\n<meta property=\"article:modified_time\" content=\"2025-10-15T10:06:49+00:00\" \/>\n<meta property=\"og:image\" content=\"https:\/\/explorethenorth.nl\/wp-content\/uploads\/2024\/05\/Caya-Emmelkamp-Tweespraakmaker-Marc-de-Fotograaf-scaled.jpg\" \/>\n\t<meta property=\"og:image:width\" content=\"2560\" \/>\n\t<meta property=\"og:image:height\" content=\"1696\" \/>\n\t<meta property=\"og:image:type\" content=\"image\/jpeg\" \/>\n<meta name=\"twitter:card\" content=\"summary_large_image\" \/>\n<meta name=\"twitter:label1\" content=\"Est. reading time\" \/>\n\t<meta name=\"twitter:data1\" content=\"1 minute\" \/>\n<script type=\"application\/ld+json\" class=\"yoast-schema-graph\">{\"@context\":\"https:\\\/\\\/schema.org\",\"@graph\":[{\"@type\":\"WebPage\",\"@id\":\"https:\\\/\\\/explorethenorth.nl\\\/fy\\\/talentontwikkeling\\\/\",\"url\":\"https:\\\/\\\/explorethenorth.nl\\\/fy\\\/talentontwikkeling\\\/\",\"name\":\"Talentontwikkeling - Explore the North\",\"isPartOf\":{\"@id\":\"https:\\\/\\\/explorethenorth.nl\\\/fy\\\/#website\"},\"primaryImageOfPage\":{\"@id\":\"https:\\\/\\\/explorethenorth.nl\\\/fy\\\/talentontwikkeling\\\/#primaryimage\"},\"image\":{\"@id\":\"https:\\\/\\\/explorethenorth.nl\\\/fy\\\/talentontwikkeling\\\/#primaryimage\"},\"thumbnailUrl\":\"https:\\\/\\\/explorethenorth.nl\\\/wp-content\\\/uploads\\\/2024\\\/05\\\/Caya-Emmelkamp-Tweespraakmaker-Marc-de-Fotograaf-scaled.jpg\",\"datePublished\":\"2024-02-28T08:45:05+00:00\",\"dateModified\":\"2025-10-15T10:06:49+00:00\",\"breadcrumb\":{\"@id\":\"https:\\\/\\\/explorethenorth.nl\\\/fy\\\/talentontwikkeling\\\/#breadcrumb\"},\"inLanguage\":\"fy-NL\",\"potentialAction\":[{\"@type\":\"ReadAction\",\"target\":[\"https:\\\/\\\/explorethenorth.nl\\\/fy\\\/talentontwikkeling\\\/\"]}]},{\"@type\":\"ImageObject\",\"inLanguage\":\"fy-NL\",\"@id\":\"https:\\\/\\\/explorethenorth.nl\\\/fy\\\/talentontwikkeling\\\/#primaryimage\",\"url\":\"https:\\\/\\\/explorethenorth.nl\\\/wp-content\\\/uploads\\\/2024\\\/05\\\/Caya-Emmelkamp-Tweespraakmaker-Marc-de-Fotograaf-scaled.jpg\",\"contentUrl\":\"https:\\\/\\\/explorethenorth.nl\\\/wp-content\\\/uploads\\\/2024\\\/05\\\/Caya-Emmelkamp-Tweespraakmaker-Marc-de-Fotograaf-scaled.jpg\",\"width\":2560,\"height\":1696,\"caption\":\"door Marc de Fotograaf\"},{\"@type\":\"BreadcrumbList\",\"@id\":\"https:\\\/\\\/explorethenorth.nl\\\/fy\\\/talentontwikkeling\\\/#breadcrumb\",\"itemListElement\":[{\"@type\":\"ListItem\",\"position\":1,\"name\":\"Home\",\"item\":\"https:\\\/\\\/explorethenorth.nl\\\/fy\\\/\"},{\"@type\":\"ListItem\",\"position\":2,\"name\":\"Talentontwikkeling\"}]},{\"@type\":\"WebSite\",\"@id\":\"https:\\\/\\\/explorethenorth.nl\\\/fy\\\/#website\",\"url\":\"https:\\\/\\\/explorethenorth.nl\\\/fy\\\/\",\"name\":\"Explore the North\",\"description\":\"\",\"publisher\":{\"@id\":\"https:\\\/\\\/explorethenorth.nl\\\/fy\\\/#organization\"},\"potentialAction\":[{\"@type\":\"SearchAction\",\"target\":{\"@type\":\"EntryPoint\",\"urlTemplate\":\"https:\\\/\\\/explorethenorth.nl\\\/fy\\\/?s={search_term_string}\"},\"query-input\":{\"@type\":\"PropertyValueSpecification\",\"valueRequired\":true,\"valueName\":\"search_term_string\"}}],\"inLanguage\":\"fy-NL\"},{\"@type\":\"Organization\",\"@id\":\"https:\\\/\\\/explorethenorth.nl\\\/fy\\\/#organization\",\"name\":\"Explore the North\",\"url\":\"https:\\\/\\\/explorethenorth.nl\\\/fy\\\/\",\"logo\":{\"@type\":\"ImageObject\",\"inLanguage\":\"fy-NL\",\"@id\":\"https:\\\/\\\/explorethenorth.nl\\\/fy\\\/#\\\/schema\\\/logo\\\/image\\\/\",\"url\":\"https:\\\/\\\/explorethenorth.nl\\\/wp-content\\\/uploads\\\/2024\\\/06\\\/explore_the-north.jpg\",\"contentUrl\":\"https:\\\/\\\/explorethenorth.nl\\\/wp-content\\\/uploads\\\/2024\\\/06\\\/explore_the-north.jpg\",\"width\":1200,\"height\":675,\"caption\":\"Explore the North\"},\"image\":{\"@id\":\"https:\\\/\\\/explorethenorth.nl\\\/fy\\\/#\\\/schema\\\/logo\\\/image\\\/\"}}]}<\/script>\n<!-- \/ Yoast SEO plugin. -->","yoast_head_json":{"title":"Talentontwikkeling - Explore the North","robots":{"index":"index","follow":"follow","max-snippet":"max-snippet:-1","max-image-preview":"max-image-preview:large","max-video-preview":"max-video-preview:-1"},"canonical":"https:\/\/explorethenorth.nl\/fy\/talentontwikkeling\/","og_locale":"fy_NL","og_type":"article","og_title":"Talentontwikkeling - Explore the North","og_description":"Earder wurken wy ek oan:","og_url":"https:\/\/explorethenorth.nl\/fy\/talentontwikkeling\/","og_site_name":"Explore the North","article_modified_time":"2025-10-15T10:06:49+00:00","og_image":[{"width":2560,"height":1696,"url":"https:\/\/explorethenorth.nl\/wp-content\/uploads\/2024\/05\/Caya-Emmelkamp-Tweespraakmaker-Marc-de-Fotograaf-scaled.jpg","type":"image\/jpeg"}],"twitter_card":"summary_large_image","twitter_misc":{"Est. reading time":"1 minute"},"schema":{"@context":"https:\/\/schema.org","@graph":[{"@type":"WebPage","@id":"https:\/\/explorethenorth.nl\/fy\/talentontwikkeling\/","url":"https:\/\/explorethenorth.nl\/fy\/talentontwikkeling\/","name":"Talentontwikkeling - Explore the North","isPartOf":{"@id":"https:\/\/explorethenorth.nl\/fy\/#website"},"primaryImageOfPage":{"@id":"https:\/\/explorethenorth.nl\/fy\/talentontwikkeling\/#primaryimage"},"image":{"@id":"https:\/\/explorethenorth.nl\/fy\/talentontwikkeling\/#primaryimage"},"thumbnailUrl":"https:\/\/explorethenorth.nl\/wp-content\/uploads\/2024\/05\/Caya-Emmelkamp-Tweespraakmaker-Marc-de-Fotograaf-scaled.jpg","datePublished":"2024-02-28T08:45:05+00:00","dateModified":"2025-10-15T10:06:49+00:00","breadcrumb":{"@id":"https:\/\/explorethenorth.nl\/fy\/talentontwikkeling\/#breadcrumb"},"inLanguage":"fy-NL","potentialAction":[{"@type":"ReadAction","target":["https:\/\/explorethenorth.nl\/fy\/talentontwikkeling\/"]}]},{"@type":"ImageObject","inLanguage":"fy-NL","@id":"https:\/\/explorethenorth.nl\/fy\/talentontwikkeling\/#primaryimage","url":"https:\/\/explorethenorth.nl\/wp-content\/uploads\/2024\/05\/Caya-Emmelkamp-Tweespraakmaker-Marc-de-Fotograaf-scaled.jpg","contentUrl":"https:\/\/explorethenorth.nl\/wp-content\/uploads\/2024\/05\/Caya-Emmelkamp-Tweespraakmaker-Marc-de-Fotograaf-scaled.jpg","width":2560,"height":1696,"caption":"door Marc de Fotograaf"},{"@type":"BreadcrumbList","@id":"https:\/\/explorethenorth.nl\/fy\/talentontwikkeling\/#breadcrumb","itemListElement":[{"@type":"ListItem","position":1,"name":"Home","item":"https:\/\/explorethenorth.nl\/fy\/"},{"@type":"ListItem","position":2,"name":"Talentontwikkeling"}]},{"@type":"WebSite","@id":"https:\/\/explorethenorth.nl\/fy\/#website","url":"https:\/\/explorethenorth.nl\/fy\/","name":"Explore the North","description":"","publisher":{"@id":"https:\/\/explorethenorth.nl\/fy\/#organization"},"potentialAction":[{"@type":"SearchAction","target":{"@type":"EntryPoint","urlTemplate":"https:\/\/explorethenorth.nl\/fy\/?s={search_term_string}"},"query-input":{"@type":"PropertyValueSpecification","valueRequired":true,"valueName":"search_term_string"}}],"inLanguage":"fy-NL"},{"@type":"Organization","@id":"https:\/\/explorethenorth.nl\/fy\/#organization","name":"Explore the North","url":"https:\/\/explorethenorth.nl\/fy\/","logo":{"@type":"ImageObject","inLanguage":"fy-NL","@id":"https:\/\/explorethenorth.nl\/fy\/#\/schema\/logo\/image\/","url":"https:\/\/explorethenorth.nl\/wp-content\/uploads\/2024\/06\/explore_the-north.jpg","contentUrl":"https:\/\/explorethenorth.nl\/wp-content\/uploads\/2024\/06\/explore_the-north.jpg","width":1200,"height":675,"caption":"Explore the North"},"image":{"@id":"https:\/\/explorethenorth.nl\/fy\/#\/schema\/logo\/image\/"}}]}},"_links":{"self":[{"href":"https:\/\/explorethenorth.nl\/fy\/wp-json\/wp\/v2\/pages\/11188","targetHints":{"allow":["GET"]}}],"collection":[{"href":"https:\/\/explorethenorth.nl\/fy\/wp-json\/wp\/v2\/pages"}],"about":[{"href":"https:\/\/explorethenorth.nl\/fy\/wp-json\/wp\/v2\/types\/page"}],"author":[{"embeddable":true,"href":"https:\/\/explorethenorth.nl\/fy\/wp-json\/wp\/v2\/users\/4"}],"replies":[{"embeddable":true,"href":"https:\/\/explorethenorth.nl\/fy\/wp-json\/wp\/v2\/comments?post=11188"}],"version-history":[{"count":1,"href":"https:\/\/explorethenorth.nl\/fy\/wp-json\/wp\/v2\/pages\/11188\/revisions"}],"predecessor-version":[{"id":11190,"href":"https:\/\/explorethenorth.nl\/fy\/wp-json\/wp\/v2\/pages\/11188\/revisions\/11190"}],"wp:featuredmedia":[{"embeddable":true,"href":"https:\/\/explorethenorth.nl\/fy\/wp-json\/wp\/v2\/media\/11189"}],"wp:attachment":[{"href":"https:\/\/explorethenorth.nl\/fy\/wp-json\/wp\/v2\/media?parent=11188"}],"wp:term":[{"taxonomy":"year","embeddable":true,"href":"https:\/\/explorethenorth.nl\/fy\/wp-json\/wp\/v2\/year?post=11188"}],"curies":[{"name":"wp","href":"https:\/\/api.w.org\/{rel}","templated":true}]}}