{"id":11177,"date":"2025-03-24T15:58:52","date_gmt":"2025-03-24T14:58:52","guid":{"rendered":"https:\/\/explorethenorth.nl\/?page_id=11177"},"modified":"2026-01-13T15:54:35","modified_gmt":"2026-01-13T14:54:35","slug":"festivalmoanne","status":"publish","type":"page","link":"https:\/\/explorethenorth.nl\/fy\/festivalmoanne\/","title":{"rendered":"Festivalmoanne"},"content":{"rendered":"<div class=\"block__introduction \">\n\t\n\n<p>Yn novimber wie it Explore the North-festivalmoanne! Wy sette \u00fatein op 1 novimber mei keunstfestival&nbsp;<strong>De Broeikas<\/strong>, fan en foar jonge lokale makkers. Tuskentroch, fan 5 oant en mei 23 novimber, feroare&nbsp;<strong>Podium Explore<\/strong>&nbsp;yn it&nbsp;<strong>Stedshert<\/strong>: hjir f\u00fbn men mear as ien wykein lang fergees programma en in pop-up restaurant.<\/p>\n\n\n\n<p>As spetterjende \u00f4fsluter fan de moanne f\u00fbn it festivalwykein plak op prachtige lokaasjes yn de binnenst\u00ead fan&nbsp;<strong>Ljouwert<\/strong>. Yn dat festivalwykein dielden jonge makkers en ynternasjonale pioniers it poadium mei-inoar. In wykein fol ferhalen yn alle foarmen.<\/p>\n\n\n<\/div>\n\n<div class=\"wp-block-whitespace small\" aria-hidden=\"true\"><\/div>\n\n<div class=\"block-event-column block-event-column--33 \">\n\t\n\n<div class=\"wp-block-columns is-layout-flex wp-container-core-columns-is-layout-9d6595d7 wp-block-columns-is-layout-flex\">\n<div class=\"wp-block-column is-layout-flow wp-block-column-is-layout-flow\">\n<figure class=\"wp-block-image size-large\"><a href=\"https:\/\/explorethenorth.nl\/fy\/broeikas\/\"><img loading=\"lazy\" decoding=\"async\" width=\"1920\" height=\"1281\" src=\"https:\/\/explorethenorth.nl\/wp-content\/uploads\/2024\/06\/53327140760_a595ad1628_k1-e1718200169293-1920x1281.jpg\" alt=\"\" class=\"wp-image-2421\" srcset=\"https:\/\/explorethenorth.nl\/wp-content\/uploads\/2024\/06\/53327140760_a595ad1628_k1-e1718200169293-1920x1281.jpg 1920w, https:\/\/explorethenorth.nl\/wp-content\/uploads\/2024\/06\/53327140760_a595ad1628_k1-e1718200169293-1200x801.jpg 1200w, https:\/\/explorethenorth.nl\/wp-content\/uploads\/2024\/06\/53327140760_a595ad1628_k1-e1718200169293-768x513.jpg 768w, https:\/\/explorethenorth.nl\/wp-content\/uploads\/2024\/06\/53327140760_a595ad1628_k1-e1718200169293-1536x1025.jpg 1536w, https:\/\/explorethenorth.nl\/wp-content\/uploads\/2024\/06\/53327140760_a595ad1628_k1-e1718200169293.jpg 2029w\" sizes=\"auto, (max-width: 1920px) 100vw, 1920px\" \/><\/a><\/figure>\n\n\n\n<h4 class=\"wp-block-heading\"><a href=\"https:\/\/explorethenorth.nl\/fy\/broeikas\/\">De Broeikas<\/a><\/h4>\n\n\n\n<p>1 nov<\/p>\n<\/div>\n\n\n\n<div class=\"wp-block-column is-layout-flow wp-block-column-is-layout-flow\">\n<figure class=\"wp-block-image size-large\"><img loading=\"lazy\" decoding=\"async\" width=\"1920\" height=\"1280\" src=\"https:\/\/explorethenorth.nl\/wp-content\/uploads\/2025\/10\/Stadshart-edited-1-1920x1280.jpg\" alt=\"\" class=\"wp-image-14302\" srcset=\"https:\/\/explorethenorth.nl\/wp-content\/uploads\/2025\/10\/Stadshart-edited-1-1920x1280.jpg 1920w, https:\/\/explorethenorth.nl\/wp-content\/uploads\/2025\/10\/Stadshart-edited-1-1200x800.jpg 1200w, https:\/\/explorethenorth.nl\/wp-content\/uploads\/2025\/10\/Stadshart-edited-1-768x512.jpg 768w, https:\/\/explorethenorth.nl\/wp-content\/uploads\/2025\/10\/Stadshart-edited-1-1536x1024.jpg 1536w, https:\/\/explorethenorth.nl\/wp-content\/uploads\/2025\/10\/Stadshart-edited-1-2048x1365.jpg 2048w\" sizes=\"auto, (max-width: 1920px) 100vw, 1920px\" \/><\/figure>\n\n\n\n<h4 class=\"wp-block-heading\"><a href=\"https:\/\/explorethenorth.nl\/fy\/it-stedshert\/\">Stedshert<\/a><\/h4>\n\n\n\n<p>5 &#8211; 23 nov<\/p>\n<\/div>\n\n\n\n<div class=\"wp-block-column is-layout-flow wp-block-column-is-layout-flow\">\n<figure class=\"wp-block-image size-large\"><a href=\"https:\/\/explorethenorth.nl\/fy\/festivalwykein\/\"><img loading=\"lazy\" decoding=\"async\" width=\"2048\" height=\"1365\" src=\"https:\/\/explorethenorth.nl\/wp-content\/uploads\/2025\/09\/54160189117_809902d0a7_k-edited.jpg\" alt=\"\" class=\"wp-image-12941\" srcset=\"https:\/\/explorethenorth.nl\/wp-content\/uploads\/2025\/09\/54160189117_809902d0a7_k-edited.jpg 2048w, https:\/\/explorethenorth.nl\/wp-content\/uploads\/2025\/09\/54160189117_809902d0a7_k-edited-1200x800.jpg 1200w, https:\/\/explorethenorth.nl\/wp-content\/uploads\/2025\/09\/54160189117_809902d0a7_k-edited-1920x1280.jpg 1920w, https:\/\/explorethenorth.nl\/wp-content\/uploads\/2025\/09\/54160189117_809902d0a7_k-edited-768x512.jpg 768w, https:\/\/explorethenorth.nl\/wp-content\/uploads\/2025\/09\/54160189117_809902d0a7_k-edited-1536x1024.jpg 1536w\" sizes=\"auto, (max-width: 2048px) 100vw, 2048px\" \/><\/a><\/figure>\n\n\n\n<h4 class=\"wp-block-heading\"><a href=\"https:\/\/explorethenorth.nl\/fy\/festivalwykein\/\">Explore the North Festivalwykein<\/a><\/h4>\n\n\n\n<p>21 &#8211; 23 nov<\/p>\n<\/div>\n<\/div>\n\n\n<\/div>\n\n<div class=\"wp-block-whitespace medium\" aria-hidden=\"true\"><\/div>\n\n\n<div class=\"block-imagecarousel \">\n  <div class=\"swiper-container\">\n\t\t<div class=\"swiper-wrapper\"> <div class=\"swiper-slide image-item\">\n  <img decoding=\"async\" src=\"https:\/\/explorethenorth.nl\/wp-content\/uploads\/2024\/05\/Wolfskers-ETN23-Annemarie-Seunnenga-1200x800.jpg\" title=\"Wolfskers - ETN23 - Annemarie Seunnenga\" \/>\n<\/div><div class=\"swiper-slide image-item\">\n  <img decoding=\"async\" src=\"https:\/\/explorethenorth.nl\/wp-content\/uploads\/2024\/05\/Odie-Leigh-ETN23-Maha-Eljak-1200x800.jpg\" title=\"Odie Leigh - ETN23 - Maha Eljak\" \/>\n<\/div><div class=\"swiper-slide image-item\">\n  <img decoding=\"async\" src=\"https:\/\/explorethenorth.nl\/wp-content\/uploads\/2024\/05\/Mees-van-Rijswijk-De-Wachtkamer-Kunstenfestival-De-Broeikas-2023-Marc-de-Fotograaf-1200x795.jpg\" title=\"Mees van Rijswijk - De Wachtkamer - Kunstenfestival De Broeikas 2023 - Marc de Fotograaf\" \/>\n<\/div><div class=\"swiper-slide image-item\">\n  <img decoding=\"async\" src=\"https:\/\/explorethenorth.nl\/wp-content\/uploads\/2024\/05\/Billie-Marten-Denise-Amber-ETN22-1200x801.jpg\" title=\"Billie Marten - Denise Amber - ETN22\" \/>\n<\/div><div class=\"swiper-slide image-item\">\n  <img decoding=\"async\" src=\"https:\/\/explorethenorth.nl\/wp-content\/uploads\/2024\/05\/Faizal-Mostrixx-ETN23-Marc-de-Fotograaf-800x1200.jpg\" title=\"Faizal Mostrixx - ETN23 - Marc de Fotograaf\" \/>\n<\/div><div class=\"swiper-slide image-item\">\n  <img decoding=\"async\" src=\"https:\/\/explorethenorth.nl\/wp-content\/uploads\/2024\/05\/kleine-crack-slagter-ETN23-Marc-de-Fotograaf-1200x795.jpg\" title=\"kleine crack &amp; slagter - ETN23 - Marc de Fotograaf\" \/>\n<\/div><div class=\"swiper-slide image-item\">\n  <img decoding=\"async\" src=\"https:\/\/explorethenorth.nl\/wp-content\/uploads\/2024\/05\/Effetto-Larsen-STORMO-ETN23-Marc-de-Fotograaf-900x1200.jpg\" title=\"Effetto Larsen - STORMO - ETN23 - Marc de Fotograaf\" \/>\n<\/div><div class=\"swiper-slide image-item\">\n  <img decoding=\"async\" src=\"https:\/\/explorethenorth.nl\/wp-content\/uploads\/2024\/05\/Le-Cri-du-Caire-ETN23-door-Marc-de-Fotograaf-1200x900.jpg\" title=\"Le Cri du Caire - ETN23 door Marc de Fotograaf\" \/>\n<\/div><div class=\"swiper-slide image-item\">\n  <img decoding=\"async\" src=\"https:\/\/explorethenorth.nl\/wp-content\/uploads\/2024\/05\/ZOZY-Annemarie-Seunnenga-Expedities-2023-1200x800.jpg\" title=\"ZOZY-Annemarie-Seunnenga-Expedities 2023\" \/>\n<\/div><div class=\"swiper-slide image-item\">\n  <img decoding=\"async\" src=\"https:\/\/explorethenorth.nl\/wp-content\/uploads\/2024\/05\/Maya-Shenfeld-Marc-de-Fotograaf-ETN22-1200x800.jpg\" title=\"Maya Shenfeld op Explore the North 2022\" \/>\n<\/div><div class=\"swiper-slide image-item\">\n  <img decoding=\"async\" src=\"https:\/\/explorethenorth.nl\/wp-content\/uploads\/2024\/05\/52719013226_68d939d4fd_6k1-1200x800.jpg\" title=\"Klup de Kas in De Stadskas\" \/>\n<\/div><div class=\"swiper-slide image-item\">\n  <img decoding=\"async\" src=\"https:\/\/explorethenorth.nl\/wp-content\/uploads\/2024\/05\/Collectief-MAMM-Something-Else-Marc-de-Fotograaf-ETN23-1200x800.jpg\" title=\"Collectief MAMM - Something Else - Marc de Fotograaf ETN23\" \/>\n<\/div>    <\/div>\n    <div class=\"swiper-navs\">\n      <div class=\"swiper-button-prev\"><\/div>\n      <div class=\"swiper-button-next\"><\/div>\n    <\/div>\n  <\/div>\n<\/div>\n\n<div class=\"wp-block-whitespace small\" aria-hidden=\"true\"><\/div>","protected":false},"excerpt":{"rendered":"","protected":false},"author":4,"featured_media":12953,"parent":0,"menu_order":23,"comment_status":"closed","ping_status":"closed","template":"template-festivalperiode.php","meta":{"_acf_changed":false,"inline_featured_image":false,"footnotes":""},"year":[15],"class_list":["post-11177","page","type-page","status-publish","has-post-thumbnail","hentry"],"acf":[],"yoast_head":"<!-- This site is optimized with the Yoast SEO plugin v27.4 - https:\/\/yoast.com\/product\/yoast-seo-wordpress\/ -->\n<title>Festivalmoanne - Explore the North<\/title>\n<meta name=\"robots\" content=\"index, follow, max-snippet:-1, max-image-preview:large, max-video-preview:-1\" \/>\n<link rel=\"canonical\" href=\"https:\/\/explorethenorth.nl\/fy\/festivalmoanne\/\" \/>\n<meta property=\"og:locale\" content=\"fy_NL\" \/>\n<meta property=\"og:type\" content=\"article\" \/>\n<meta property=\"og:title\" content=\"Festivalmoanne - Explore the North\" \/>\n<meta property=\"og:url\" content=\"https:\/\/explorethenorth.nl\/fy\/festivalmoanne\/\" \/>\n<meta property=\"og:site_name\" content=\"Explore the North\" \/>\n<meta property=\"article:modified_time\" content=\"2026-01-13T14:54:35+00:00\" \/>\n<meta property=\"og:image\" content=\"https:\/\/explorethenorth.nl\/wp-content\/uploads\/2025\/09\/54318277036_5c93ed2d13_k.jpg\" \/>\n\t<meta property=\"og:image:width\" content=\"2048\" \/>\n\t<meta property=\"og:image:height\" content=\"1366\" \/>\n\t<meta property=\"og:image:type\" content=\"image\/jpeg\" \/>\n<meta name=\"twitter:card\" content=\"summary_large_image\" \/>\n<meta name=\"twitter:label1\" content=\"Est. reading time\" \/>\n\t<meta name=\"twitter:data1\" content=\"2 minutes\" \/>\n<script type=\"application\/ld+json\" class=\"yoast-schema-graph\">{\"@context\":\"https:\\\/\\\/schema.org\",\"@graph\":[{\"@type\":\"WebPage\",\"@id\":\"https:\\\/\\\/explorethenorth.nl\\\/fy\\\/festivalmoanne\\\/\",\"url\":\"https:\\\/\\\/explorethenorth.nl\\\/fy\\\/festivalmoanne\\\/\",\"name\":\"Festivalmoanne - Explore the North\",\"isPartOf\":{\"@id\":\"https:\\\/\\\/explorethenorth.nl\\\/fy\\\/#website\"},\"primaryImageOfPage\":{\"@id\":\"https:\\\/\\\/explorethenorth.nl\\\/fy\\\/festivalmoanne\\\/#primaryimage\"},\"image\":{\"@id\":\"https:\\\/\\\/explorethenorth.nl\\\/fy\\\/festivalmoanne\\\/#primaryimage\"},\"thumbnailUrl\":\"https:\\\/\\\/explorethenorth.nl\\\/wp-content\\\/uploads\\\/2025\\\/09\\\/54318277036_5c93ed2d13_k.jpg\",\"datePublished\":\"2025-03-24T14:58:52+00:00\",\"dateModified\":\"2026-01-13T14:54:35+00:00\",\"breadcrumb\":{\"@id\":\"https:\\\/\\\/explorethenorth.nl\\\/fy\\\/festivalmoanne\\\/#breadcrumb\"},\"inLanguage\":\"fy-NL\",\"potentialAction\":[{\"@type\":\"ReadAction\",\"target\":[\"https:\\\/\\\/explorethenorth.nl\\\/fy\\\/festivalmoanne\\\/\"]}]},{\"@type\":\"ImageObject\",\"inLanguage\":\"fy-NL\",\"@id\":\"https:\\\/\\\/explorethenorth.nl\\\/fy\\\/festivalmoanne\\\/#primaryimage\",\"url\":\"https:\\\/\\\/explorethenorth.nl\\\/wp-content\\\/uploads\\\/2025\\\/09\\\/54318277036_5c93ed2d13_k.jpg\",\"contentUrl\":\"https:\\\/\\\/explorethenorth.nl\\\/wp-content\\\/uploads\\\/2025\\\/09\\\/54318277036_5c93ed2d13_k.jpg\",\"width\":2048,\"height\":1366},{\"@type\":\"BreadcrumbList\",\"@id\":\"https:\\\/\\\/explorethenorth.nl\\\/fy\\\/festivalmoanne\\\/#breadcrumb\",\"itemListElement\":[{\"@type\":\"ListItem\",\"position\":1,\"name\":\"Home\",\"item\":\"https:\\\/\\\/explorethenorth.nl\\\/fy\\\/\"},{\"@type\":\"ListItem\",\"position\":2,\"name\":\"Festivalmoanne\"}]},{\"@type\":\"WebSite\",\"@id\":\"https:\\\/\\\/explorethenorth.nl\\\/fy\\\/#website\",\"url\":\"https:\\\/\\\/explorethenorth.nl\\\/fy\\\/\",\"name\":\"Explore the North\",\"description\":\"\",\"publisher\":{\"@id\":\"https:\\\/\\\/explorethenorth.nl\\\/fy\\\/#organization\"},\"potentialAction\":[{\"@type\":\"SearchAction\",\"target\":{\"@type\":\"EntryPoint\",\"urlTemplate\":\"https:\\\/\\\/explorethenorth.nl\\\/fy\\\/?s={search_term_string}\"},\"query-input\":{\"@type\":\"PropertyValueSpecification\",\"valueRequired\":true,\"valueName\":\"search_term_string\"}}],\"inLanguage\":\"fy-NL\"},{\"@type\":\"Organization\",\"@id\":\"https:\\\/\\\/explorethenorth.nl\\\/fy\\\/#organization\",\"name\":\"Explore the North\",\"url\":\"https:\\\/\\\/explorethenorth.nl\\\/fy\\\/\",\"logo\":{\"@type\":\"ImageObject\",\"inLanguage\":\"fy-NL\",\"@id\":\"https:\\\/\\\/explorethenorth.nl\\\/fy\\\/#\\\/schema\\\/logo\\\/image\\\/\",\"url\":\"https:\\\/\\\/explorethenorth.nl\\\/wp-content\\\/uploads\\\/2024\\\/06\\\/explore_the-north.jpg\",\"contentUrl\":\"https:\\\/\\\/explorethenorth.nl\\\/wp-content\\\/uploads\\\/2024\\\/06\\\/explore_the-north.jpg\",\"width\":1200,\"height\":675,\"caption\":\"Explore the North\"},\"image\":{\"@id\":\"https:\\\/\\\/explorethenorth.nl\\\/fy\\\/#\\\/schema\\\/logo\\\/image\\\/\"}}]}<\/script>\n<!-- \/ Yoast SEO plugin. -->","yoast_head_json":{"title":"Festivalmoanne - Explore the North","robots":{"index":"index","follow":"follow","max-snippet":"max-snippet:-1","max-image-preview":"max-image-preview:large","max-video-preview":"max-video-preview:-1"},"canonical":"https:\/\/explorethenorth.nl\/fy\/festivalmoanne\/","og_locale":"fy_NL","og_type":"article","og_title":"Festivalmoanne - Explore the North","og_url":"https:\/\/explorethenorth.nl\/fy\/festivalmoanne\/","og_site_name":"Explore the North","article_modified_time":"2026-01-13T14:54:35+00:00","og_image":[{"width":2048,"height":1366,"url":"https:\/\/explorethenorth.nl\/wp-content\/uploads\/2025\/09\/54318277036_5c93ed2d13_k.jpg","type":"image\/jpeg"}],"twitter_card":"summary_large_image","twitter_misc":{"Est. reading time":"2 minutes"},"schema":{"@context":"https:\/\/schema.org","@graph":[{"@type":"WebPage","@id":"https:\/\/explorethenorth.nl\/fy\/festivalmoanne\/","url":"https:\/\/explorethenorth.nl\/fy\/festivalmoanne\/","name":"Festivalmoanne - Explore the North","isPartOf":{"@id":"https:\/\/explorethenorth.nl\/fy\/#website"},"primaryImageOfPage":{"@id":"https:\/\/explorethenorth.nl\/fy\/festivalmoanne\/#primaryimage"},"image":{"@id":"https:\/\/explorethenorth.nl\/fy\/festivalmoanne\/#primaryimage"},"thumbnailUrl":"https:\/\/explorethenorth.nl\/wp-content\/uploads\/2025\/09\/54318277036_5c93ed2d13_k.jpg","datePublished":"2025-03-24T14:58:52+00:00","dateModified":"2026-01-13T14:54:35+00:00","breadcrumb":{"@id":"https:\/\/explorethenorth.nl\/fy\/festivalmoanne\/#breadcrumb"},"inLanguage":"fy-NL","potentialAction":[{"@type":"ReadAction","target":["https:\/\/explorethenorth.nl\/fy\/festivalmoanne\/"]}]},{"@type":"ImageObject","inLanguage":"fy-NL","@id":"https:\/\/explorethenorth.nl\/fy\/festivalmoanne\/#primaryimage","url":"https:\/\/explorethenorth.nl\/wp-content\/uploads\/2025\/09\/54318277036_5c93ed2d13_k.jpg","contentUrl":"https:\/\/explorethenorth.nl\/wp-content\/uploads\/2025\/09\/54318277036_5c93ed2d13_k.jpg","width":2048,"height":1366},{"@type":"BreadcrumbList","@id":"https:\/\/explorethenorth.nl\/fy\/festivalmoanne\/#breadcrumb","itemListElement":[{"@type":"ListItem","position":1,"name":"Home","item":"https:\/\/explorethenorth.nl\/fy\/"},{"@type":"ListItem","position":2,"name":"Festivalmoanne"}]},{"@type":"WebSite","@id":"https:\/\/explorethenorth.nl\/fy\/#website","url":"https:\/\/explorethenorth.nl\/fy\/","name":"Explore the North","description":"","publisher":{"@id":"https:\/\/explorethenorth.nl\/fy\/#organization"},"potentialAction":[{"@type":"SearchAction","target":{"@type":"EntryPoint","urlTemplate":"https:\/\/explorethenorth.nl\/fy\/?s={search_term_string}"},"query-input":{"@type":"PropertyValueSpecification","valueRequired":true,"valueName":"search_term_string"}}],"inLanguage":"fy-NL"},{"@type":"Organization","@id":"https:\/\/explorethenorth.nl\/fy\/#organization","name":"Explore the North","url":"https:\/\/explorethenorth.nl\/fy\/","logo":{"@type":"ImageObject","inLanguage":"fy-NL","@id":"https:\/\/explorethenorth.nl\/fy\/#\/schema\/logo\/image\/","url":"https:\/\/explorethenorth.nl\/wp-content\/uploads\/2024\/06\/explore_the-north.jpg","contentUrl":"https:\/\/explorethenorth.nl\/wp-content\/uploads\/2024\/06\/explore_the-north.jpg","width":1200,"height":675,"caption":"Explore the North"},"image":{"@id":"https:\/\/explorethenorth.nl\/fy\/#\/schema\/logo\/image\/"}}]}},"_links":{"self":[{"href":"https:\/\/explorethenorth.nl\/fy\/wp-json\/wp\/v2\/pages\/11177","targetHints":{"allow":["GET"]}}],"collection":[{"href":"https:\/\/explorethenorth.nl\/fy\/wp-json\/wp\/v2\/pages"}],"about":[{"href":"https:\/\/explorethenorth.nl\/fy\/wp-json\/wp\/v2\/types\/page"}],"author":[{"embeddable":true,"href":"https:\/\/explorethenorth.nl\/fy\/wp-json\/wp\/v2\/users\/4"}],"replies":[{"embeddable":true,"href":"https:\/\/explorethenorth.nl\/fy\/wp-json\/wp\/v2\/comments?post=11177"}],"version-history":[{"count":4,"href":"https:\/\/explorethenorth.nl\/fy\/wp-json\/wp\/v2\/pages\/11177\/revisions"}],"predecessor-version":[{"id":16714,"href":"https:\/\/explorethenorth.nl\/fy\/wp-json\/wp\/v2\/pages\/11177\/revisions\/16714"}],"wp:featuredmedia":[{"embeddable":true,"href":"https:\/\/explorethenorth.nl\/fy\/wp-json\/wp\/v2\/media\/12953"}],"wp:attachment":[{"href":"https:\/\/explorethenorth.nl\/fy\/wp-json\/wp\/v2\/media?parent=11177"}],"wp:term":[{"taxonomy":"year","embeddable":true,"href":"https:\/\/explorethenorth.nl\/fy\/wp-json\/wp\/v2\/year?post=11177"}],"curies":[{"name":"wp","href":"https:\/\/api.w.org\/{rel}","templated":true}]}}